{"id":5206,"date":"2024-06-09T16:15:46","date_gmt":"2024-06-09T13:15:46","guid":{"rendered":"https:\/\/agrozone.ee\/?post_type=product&#038;p=5206"},"modified":"2025-04-10T13:49:09","modified_gmt":"2025-04-10T11:49:09","slug":"graanulipuistur-solo-421-9l","status":"publish","type":"product","link":"https:\/\/agrozone.ee\/en\/product\/graanulipuistur-solo-421-9l\/","title":{"rendered":"Graanulipuistur SOLO 421 9L"},"content":{"rendered":"<p class=\"lead\">SOLO 421 laoturiga on v\u00f5imalik laotada seemneid, v\u00e4etiseid, puistesoola, \u00f5li absorbente, puhastusvahendeid, granuleeritud aialupja, seemneid lindudele, loomas\u00f6\u00f6ta, liiva jmt.<\/p>\n<p>Laoturit kantakse reguleeritava rihma abil enda ees.<\/p>\n<p><strong>SOLO 421 laoturi eelised:<\/strong><\/p>\n<ul>\n<li>K\u00e4siv\u00e4nt liigutab p\u00f6\u00f6rlevat laotusketast, tagades graanulite t\u00e4pse jaotumise t\u00f6\u00f6deldavale alale.<\/li>\n<li>Paagi suur t\u00e4iteava muudab t\u00e4itmise lihtsaks.<\/li>\n<li>Sisseehitatud segaja hoiab paagis oleva materjali p\u00f5hjalikult segatuna.<\/li>\n<li>Vajadusel v\u00f5ib lisada kuni 9 liitrit graanuleid.<\/li>\n<li>Saab kasutada ka raskel maastikul, kus ratastega seade ei sobi.<\/li>\n<\/ul>\n<p class=\"lead\">Tehnilised andmed<\/p>\n<div>\n<ul>\n<li><strong>T\u00e4itemaht:<\/strong>\u00a09 liitrit<\/li>\n<li><strong>Paagi t\u00e4itmisava l\u00e4bim\u00f5\u00f5t:<\/strong>\u00a014,5 cm<\/li>\n<li><strong>Kaal (t\u00fchi paak):<\/strong>\u00a02,5kg<\/li>\n<li><strong>M\u00f5\u00f5dud, v.a v\u00e4nt, laius x s\u00fcgavus x k\u00f5rgus, cm:<\/strong>\u00a029 x 26 x 49<\/li>\n<li><strong>Puistekaugus s\u00f5ltuvalt materjalist, cm:<\/strong>\u00a0graanulid, u 300 &#8211; 400 cm, muruseeme u 180 \u2013 200 cm<\/li>\n<li><strong>Puistelaius s\u00f5ltuvalt materjalist, cm:<\/strong>\u00a0graanulid, u 180 &#8211; 200 cm, muruseeme u 150 \u2013 170 cm<\/li>\n<li><strong>K\u00e4igukast:<\/strong>\u00a0t\u00e4ielikult kaetud tiguajam koos metallist nurk-hammasratastega.<\/li>\n<li><strong>\u00dclekandesuhe:<\/strong>\u00a01:7,5<\/li>\n<\/ul>\n<\/div>\n","protected":false},"excerpt":{"rendered":"<p>SOLO 421 laoturiga on v\u00f5imalik laotada seemneid, v\u00e4etiseid, puistesoola, \u00f5li absorbente, puhastusvahendeid, granuleeritud aialupja, seemneid lindudele, loomas\u00f6\u00f6ta, liiva jmt. Laoturit kantakse reguleeritava rihma abil enda ees. SOLO 421 laoturi eelised: K\u00e4siv\u00e4nt liigutab p\u00f6\u00f6rlevat laotusketast, tagades graanulite t\u00e4pse jaotumise t\u00f6\u00f6deldavale alale. Paagi suur t\u00e4iteava muudab t\u00e4itmise lihtsaks. Sisseehitatud segaja hoiab paagis oleva materjali p\u00f5hjalikult segatuna. Vajadusel [&hellip;]<\/p>\n","protected":false},"featured_media":5250,"template":"","meta":{"_acf_changed":false,"_seopress_robots_primary_cat":"none","_seopress_titles_title":"Graanulipuistur SOLO 421 9L: Kvaliteetne V\u00e4ike K\u00fclvik","_seopress_titles_desc":"Graanulipuistur SOLO 421 9L - Kaasaskantav kvaliteetne v\u00e4ike k\u00fclvikut\u00f6\u00f6riist \/ graanulipuistur. Laotamise laius umbes 4 m.","_seopress_robots_index":"","_gspb_post_css":""},"product_brand":[],"product_cat":[149,15,158],"product_tag":[],"class_list":{"0":"post-5206","1":"product","2":"type-product","3":"status-publish","4":"has-post-thumbnail","6":"product_cat-aiatarvikud","7":"product_cat-koik-kategooriad","8":"product_cat-kulvikud","10":"first","11":"instock","12":"featured","13":"taxable","14":"shipping-taxable","15":"purchasable","16":"product-type-simple"},"ct_brands":[],"acf":[],"_links":{"self":[{"href":"https:\/\/agrozone.ee\/en\/wp-json\/wp\/v2\/product\/5206","targetHints":{"allow":["GET"]}}],"collection":[{"href":"https:\/\/agrozone.ee\/en\/wp-json\/wp\/v2\/product"}],"about":[{"href":"https:\/\/agrozone.ee\/en\/wp-json\/wp\/v2\/types\/product"}],"wp:featuredmedia":[{"embeddable":true,"href":"https:\/\/agrozone.ee\/en\/wp-json\/wp\/v2\/media\/5250"}],"wp:attachment":[{"href":"https:\/\/agrozone.ee\/en\/wp-json\/wp\/v2\/media?parent=5206"}],"wp:term":[{"taxonomy":"product_brand","embeddable":true,"href":"https:\/\/agrozone.ee\/en\/wp-json\/wp\/v2\/product_brand?post=5206"},{"taxonomy":"product_cat","embeddable":true,"href":"https:\/\/agrozone.ee\/en\/wp-json\/wp\/v2\/product_cat?post=5206"},{"taxonomy":"product_tag","embeddable":true,"href":"https:\/\/agrozone.ee\/en\/wp-json\/wp\/v2\/product_tag?post=5206"}],"curies":[{"name":"wp","href":"https:\/\/api.w.org\/{rel}","templated":true}]}}