{"id":5235,"date":"2024-06-09T16:16:10","date_gmt":"2024-06-09T13:16:10","guid":{"rendered":"https:\/\/agrozone.ee\/?post_type=product&#038;p=5235"},"modified":"2026-04-05T17:34:32","modified_gmt":"2026-04-05T15:34:32","slug":"taifun-b-uldhavitav-umbrohutorjevahend-500-ml","status":"publish","type":"product","link":"https:\/\/agrozone.ee\/en\/product\/taifun-b-uldhavitav-umbrohutorjevahend-500-ml\/","title":{"rendered":"Taifun B \u00fcldh\u00e4vitav umbrohut\u00f5rjevahend 500 ml"},"content":{"rendered":"<p><strong>Taifun B \u00fcldh\u00e4vitav umbrohut\u00f5rjevahend 500 ml<\/strong><\/p>\n<ul>\n<li>\u00dcldh\u00e4vitava toimega herbitsiid orasheina ja teiste raskesti t\u00f5rjutavate umbrohtude t\u00f5rjeks.<\/li>\n<li>Kasutatakse muru uuendamisel, viljapuu- ja marjaaedade ning puukoolides reavahede hooldamisel, mahasaetud puude k\u00e4ndudel uute kasvude tekkimise takistamiseks.<\/li>\n<li>Umbrohtude t\u00f5rjeks rohumaadel, kesadel, teravilja k\u00f5rrep\u00f5ldudel, seemne- ja luuviljaliste viljapuude ning marjap\u00f5\u00f5saste reavahedes, mittep\u00f5llumajanduslikel aladel, metsataimlates, puukoolides, p\u00f5llukultuuridel ning v\u00f5rmi kollete h\u00e4vitamiseks ristikus ja lutsernis, t\u00e4rkamiseelselt kartulil ning suhkrupeedil, koristuseelselt hernel ja p\u00f5ldoal.<\/li>\n<\/ul>\n<p><a href=\"https:\/\/agrozone.ee\/wp-content\/uploads\/2024\/10\/pta_taifun_b_vaikepakend_infoleht_ecf77a95.pdf\" target=\"_blank\" rel=\"noopener\">INFOLEHT<\/a><\/p>\n<p><a href=\"https:\/\/agrozone.ee\/wp-content\/uploads\/2024\/10\/ohutuskaart_taifun_b_ee_0ecacae9.pdf\">OHUTUSKAART<\/a><\/p>\n<h3>Kasutusjuhend<\/h3>\n<ul>\n<li>100 ml lahustada 5-7,5 l vees, 250 m\u00b2.<\/li>\n<li>Enne kasutamist tutvu kasutusjuhendi ja ohutuskaardiga.<\/li>\n<li>T\u00f6\u00f6 tegemisel kasuta isikukaitsevahendeid.<\/li>\n<\/ul>\n","protected":false},"excerpt":{"rendered":"<ul>\n<li>\u00dcldh\u00e4vitava toimega herbitsiid orasheina ja teiste raskesti t\u00f5rjutavate umbrohtude t\u00f5rjeks.<\/li>\n<li>Kasutatakse muru uuendamisel, viljapuu- ja marjaaedade ning puukoolides reavahede hooldamisel, mahasaetud puude k\u00e4ndudel uute kasvude tekkimise takistamiseks.<\/li>\n<li>Umbrohtude t\u00f5rjeks rohumaadel, kesadel, teravilja k\u00f5rrep\u00f5ldudel, seemne- ja luuviljaliste viljapuude ning marjap\u00f5\u00f5saste reavahedes, mittep\u00f5llumajanduslikel aladel, metsataimlates, puukoolides, p\u00f5llukultuuridel ning v\u00f5rmi kollete h\u00e4vitamiseks ristikus ja lutsernis, t\u00e4rkamiseelselt kartulil ning suhkrupeedil, koristuseelselt hernel ja p\u00f5ldoal.<\/li>\n<\/ul>\n","protected":false},"featured_media":5271,"template":"","meta":{"_acf_changed":false,"_seopress_robots_primary_cat":"none","_seopress_titles_title":"","_seopress_titles_desc":"Taifun B \u00fcldh\u00e4vitav umbrohut\u00f5rjevahend 500 ml - \u00dcldh\u00e4vitava toimega herbitsiid orasheina ja teiste raskesti t\u00f5rjutavate umbrohtude t\u00f5rjeks.","_seopress_robots_index":"","_gspb_post_css":""},"product_brand":[],"product_cat":[109,15,727],"product_tag":[],"class_list":{"0":"post-5235","1":"product","2":"type-product","3":"status-publish","4":"has-post-thumbnail","6":"product_cat-aia-ja-taimede-kaitse","7":"product_cat-koik-kategooriad","8":"product_cat-umbrohtude-torje","10":"first","11":"outofstock","12":"taxable","13":"shipping-taxable","14":"purchasable","15":"product-type-simple"},"ct_brands":[],"acf":[],"_links":{"self":[{"href":"https:\/\/agrozone.ee\/en\/wp-json\/wp\/v2\/product\/5235","targetHints":{"allow":["GET"]}}],"collection":[{"href":"https:\/\/agrozone.ee\/en\/wp-json\/wp\/v2\/product"}],"about":[{"href":"https:\/\/agrozone.ee\/en\/wp-json\/wp\/v2\/types\/product"}],"wp:featuredmedia":[{"embeddable":true,"href":"https:\/\/agrozone.ee\/en\/wp-json\/wp\/v2\/media\/5271"}],"wp:attachment":[{"href":"https:\/\/agrozone.ee\/en\/wp-json\/wp\/v2\/media?parent=5235"}],"wp:term":[{"taxonomy":"product_brand","embeddable":true,"href":"https:\/\/agrozone.ee\/en\/wp-json\/wp\/v2\/product_brand?post=5235"},{"taxonomy":"product_cat","embeddable":true,"href":"https:\/\/agrozone.ee\/en\/wp-json\/wp\/v2\/product_cat?post=5235"},{"taxonomy":"product_tag","embeddable":true,"href":"https:\/\/agrozone.ee\/en\/wp-json\/wp\/v2\/product_tag?post=5235"}],"curies":[{"name":"wp","href":"https:\/\/api.w.org\/{rel}","templated":true}]}}