{"id":5237,"date":"2024-06-09T16:16:10","date_gmt":"2024-06-09T13:16:10","guid":{"rendered":"https:\/\/agrozone.ee\/?post_type=product&#038;p=5237"},"modified":"2025-08-01T08:11:13","modified_gmt":"2025-08-01T06:11:13","slug":"roheline-seep-tsilliga-pihustiga-500ml","status":"publish","type":"product","link":"https:\/\/agrozone.ee\/en\/product\/roheline-seep-tsilliga-pihustiga-500ml\/","title":{"rendered":"Roheline seep t\u0161illiga (pihustiga) 500ml"},"content":{"rendered":"<p><strong>Roheline seep t\u0161illiga (pihustiga) 500ml<\/strong><\/p>\n<p>Kasutusvalmis toode mugavas pihustiga pudelis on m\u00f5eldud taimede hooldamiseks, sobilik ka taimekaitselahuste kleepuvuse suurendamiseks.<\/p>\n<p>Koostis: &lt;5% taimsete rasvade kaaliumi seep, t\u0161illiekstrakt.<\/p>\n<h3>Kasutusjuhend<\/h3>\n<ul>\n<li>Loksutada pudelit enne kasutamist.<\/li>\n<li>Pritsida taimi iga 14 p\u00e4eva j\u00e4rel ning j\u00e4lgida, et taimed oleksid lahusega t\u00e4ielikult kaetud.<\/li>\n<li>Kasutada toodet \u00f5hutemperatuuril alla +20\u00b0C ja mitte otsese p\u00e4ikesevalguse k\u00e4es.<\/li>\n<li>Soovitav j\u00e4tta viimase pritsimise ja saagi koristuse vaheks 1 n\u00e4dal.<\/li>\n<li>Pritsimise k\u00e4igus v\u00e4ltida toote sattumist \u00f5itele.<\/li>\n<li>Hoida lastele k\u00e4ttesaamatus kohas.<\/li>\n<li>S\u00e4ilitada tihedalt suletuna originaalpakendis temperatuuril mitte \u00fcle +35\u00b0C.<\/li>\n<\/ul>\n","protected":false},"excerpt":{"rendered":"<p>Kasutusvalmis toode mugavas pihustiga pudelis on m\u00f5eldud taimede hooldamiseks, sobilik ka taimekaitselahuste kleepuvuse suurendamiseks.<\/p>\n<p>Koostis: &lt;5% taimsete rasvade kaaliumi seep, t\u0161illiekstrakt.<\/p>\n","protected":false},"featured_media":5273,"template":"","meta":{"_acf_changed":false,"_seopress_robots_primary_cat":"none","_seopress_titles_title":"%%post_title%%","_seopress_titles_desc":"Roheline seep t\u0161illiga - Kasutusvalmis toode on m\u00f5eldud taimede hooldamiseks, sobilik ka taimekaitselahuste kleepuvuse suurendamiseks.","_seopress_robots_index":"","_gspb_post_css":""},"product_brand":[],"product_cat":[109,15,112,110],"product_tag":[],"class_list":{"0":"post-5237","1":"product","2":"type-product","3":"status-publish","4":"has-post-thumbnail","6":"product_cat-aia-ja-taimede-kaitse","7":"product_cat-koik-kategooriad","8":"product_cat-taimekahjurite-torje","9":"product_cat-taimekaitsevahendid","11":"first","12":"instock","13":"taxable","14":"shipping-taxable","15":"purchasable","16":"product-type-simple"},"ct_brands":[],"acf":[],"_links":{"self":[{"href":"https:\/\/agrozone.ee\/en\/wp-json\/wp\/v2\/product\/5237","targetHints":{"allow":["GET"]}}],"collection":[{"href":"https:\/\/agrozone.ee\/en\/wp-json\/wp\/v2\/product"}],"about":[{"href":"https:\/\/agrozone.ee\/en\/wp-json\/wp\/v2\/types\/product"}],"wp:featuredmedia":[{"embeddable":true,"href":"https:\/\/agrozone.ee\/en\/wp-json\/wp\/v2\/media\/5273"}],"wp:attachment":[{"href":"https:\/\/agrozone.ee\/en\/wp-json\/wp\/v2\/media?parent=5237"}],"wp:term":[{"taxonomy":"product_brand","embeddable":true,"href":"https:\/\/agrozone.ee\/en\/wp-json\/wp\/v2\/product_brand?post=5237"},{"taxonomy":"product_cat","embeddable":true,"href":"https:\/\/agrozone.ee\/en\/wp-json\/wp\/v2\/product_cat?post=5237"},{"taxonomy":"product_tag","embeddable":true,"href":"https:\/\/agrozone.ee\/en\/wp-json\/wp\/v2\/product_tag?post=5237"}],"curies":[{"name":"wp","href":"https:\/\/api.w.org\/{rel}","templated":true}]}}