{"id":53660,"date":"2025-10-17T07:28:39","date_gmt":"2025-10-17T05:28:39","guid":{"rendered":"https:\/\/agrozone.ee\/?post_type=product&#038;p=53660"},"modified":"2025-12-03T11:12:47","modified_gmt":"2025-12-03T09:12:47","slug":"kaneel-vurts-ja-tai-basiiliku-kettad","status":"publish","type":"product","link":"https:\/\/agrozone.ee\/en\/product\/kaneel-vurts-ja-tai-basiiliku-kettad\/","title":{"rendered":"Kaneel-, v\u00fcrts- ja tai basiiliku kettad"},"content":{"rendered":"<p>Pakendis kolme erineva basiiliku seemneketast l\u00e4bim\u00f5\u00f5duga 8 cm: 1) kaneelbasiilik; 2) v\u00fcrtsbasiilik \u2018Spice\u2019; 3) tai basiilik.<\/p>\n<p>Sobivad aknalaual, r\u00f5dul, terrassil, kasvuhoones kasvatamiseks.<\/p>\n<p>&nbsp;<\/p>\n<h3>Kasutusjuhend<\/h3>\n<p>Aseta iga ketas eraldi 10-12 cm l\u00e4bim\u00f5\u00f5duga potti niiske mulla peale, suru mulla vastu.<\/p>\n<p>Hoia k\u00fclvid niiskena.<\/p>\n<p>K\u00fclvinorm v\u00f5i istutusskeem: 10-12 cm pott<\/p>\n<p>K\u00fclviaeg: toas aastaringi, juunis avamaale<\/p>\n<p>K\u00fclvis\u00fcgavus: 0 cm<\/p>\n","protected":false},"excerpt":{"rendered":"<p>Ocimum basilicum<\/p>\n","protected":false},"featured_media":53663,"template":"","meta":{"_acf_changed":false,"_seopress_robots_primary_cat":"none","_seopress_titles_title":"","_seopress_titles_desc":"","_seopress_robots_index":"","_gspb_post_css":""},"product_brand":[],"product_cat":[324,15,88,336,87],"product_tag":[2529],"class_list":{"0":"post-53660","1":"product","2":"type-product","3":"status-publish","4":"has-post-thumbnail","6":"product_cat-basiilik","7":"product_cat-koik-kategooriad","8":"product_cat-koogiviljaseemned","9":"product_cat-salatid-ja-muud","10":"product_cat-seemned","11":"product_tag-seemnekettas","13":"first","14":"instock","15":"taxable","16":"shipping-taxable","17":"purchasable","18":"product-type-simple"},"ct_brands":[],"acf":[],"_links":{"self":[{"href":"https:\/\/agrozone.ee\/en\/wp-json\/wp\/v2\/product\/53660","targetHints":{"allow":["GET"]}}],"collection":[{"href":"https:\/\/agrozone.ee\/en\/wp-json\/wp\/v2\/product"}],"about":[{"href":"https:\/\/agrozone.ee\/en\/wp-json\/wp\/v2\/types\/product"}],"wp:featuredmedia":[{"embeddable":true,"href":"https:\/\/agrozone.ee\/en\/wp-json\/wp\/v2\/media\/53663"}],"wp:attachment":[{"href":"https:\/\/agrozone.ee\/en\/wp-json\/wp\/v2\/media?parent=53660"}],"wp:term":[{"taxonomy":"product_brand","embeddable":true,"href":"https:\/\/agrozone.ee\/en\/wp-json\/wp\/v2\/product_brand?post=53660"},{"taxonomy":"product_cat","embeddable":true,"href":"https:\/\/agrozone.ee\/en\/wp-json\/wp\/v2\/product_cat?post=53660"},{"taxonomy":"product_tag","embeddable":true,"href":"https:\/\/agrozone.ee\/en\/wp-json\/wp\/v2\/product_tag?post=53660"}],"curies":[{"name":"wp","href":"https:\/\/api.w.org\/{rel}","templated":true}]}}