{"id":53667,"date":"2025-10-17T07:31:04","date_gmt":"2025-10-17T05:31:04","guid":{"rendered":"https:\/\/agrozone.ee\/?post_type=product&#038;p=53667"},"modified":"2025-12-03T11:12:37","modified_gmt":"2025-12-03T09:12:37","slug":"sidrunmelissi-rohemundi-kummeli-kettad","status":"publish","type":"product","link":"https:\/\/agrozone.ee\/en\/product\/sidrunmelissi-rohemundi-kummeli-kettad\/","title":{"rendered":"Sidrunmelissi, rohem\u00fcndi, kummeli kettad"},"content":{"rendered":"<p>Pakendis 3 ravimtaimede seemneketast l\u00e4bim\u00f5\u00f5duga 8 cm: 1) sidrunmeliss 2) rohem\u00fcnt 3) teekummel.<\/p>\n<p>&nbsp;<\/p>\n<h3>Kasutusjuhend<\/h3>\n<p>Aseta iga ketas eraldi 10-12 cm l\u00e4bim\u00f5\u00f5duga potti niiske mulla peale, suru mulla vastu.<\/p>\n<p>Hoia k\u00fclvid niiskena.<\/p>\n<p>K\u00fclvinorm v\u00f5i istutusskeem: 10-12 cm pott<\/p>\n<p>K\u00fclviaeg: avamaale mai keskel<\/p>\n","protected":false},"excerpt":{"rendered":"<p>Melissa officinalis, Mentha viridis, Matricaria recutita<\/p>\n","protected":false},"featured_media":53670,"template":"","meta":{"_acf_changed":false,"_seopress_robots_primary_cat":"none","_seopress_titles_title":"","_seopress_titles_desc":"","_seopress_robots_index":"","_gspb_post_css":""},"product_brand":[],"product_cat":[15,88,336,87],"product_tag":[2529],"class_list":{"0":"post-53667","1":"product","2":"type-product","3":"status-publish","4":"has-post-thumbnail","6":"product_cat-koik-kategooriad","7":"product_cat-koogiviljaseemned","8":"product_cat-salatid-ja-muud","9":"product_cat-seemned","10":"product_tag-seemnekettas","12":"first","13":"instock","14":"taxable","15":"shipping-taxable","16":"purchasable","17":"product-type-simple"},"ct_brands":[],"acf":[],"_links":{"self":[{"href":"https:\/\/agrozone.ee\/en\/wp-json\/wp\/v2\/product\/53667","targetHints":{"allow":["GET"]}}],"collection":[{"href":"https:\/\/agrozone.ee\/en\/wp-json\/wp\/v2\/product"}],"about":[{"href":"https:\/\/agrozone.ee\/en\/wp-json\/wp\/v2\/types\/product"}],"wp:featuredmedia":[{"embeddable":true,"href":"https:\/\/agrozone.ee\/en\/wp-json\/wp\/v2\/media\/53670"}],"wp:attachment":[{"href":"https:\/\/agrozone.ee\/en\/wp-json\/wp\/v2\/media?parent=53667"}],"wp:term":[{"taxonomy":"product_brand","embeddable":true,"href":"https:\/\/agrozone.ee\/en\/wp-json\/wp\/v2\/product_brand?post=53667"},{"taxonomy":"product_cat","embeddable":true,"href":"https:\/\/agrozone.ee\/en\/wp-json\/wp\/v2\/product_cat?post=53667"},{"taxonomy":"product_tag","embeddable":true,"href":"https:\/\/agrozone.ee\/en\/wp-json\/wp\/v2\/product_tag?post=53667"}],"curies":[{"name":"wp","href":"https:\/\/api.w.org\/{rel}","templated":true}]}}