{"id":53727,"date":"2025-10-21T07:56:06","date_gmt":"2025-10-21T05:56:06","guid":{"rendered":"https:\/\/agrozone.ee\/?post_type=product&#038;p=53727"},"modified":"2025-11-25T18:57:07","modified_gmt":"2025-11-25T16:57:07","slug":"hiidiisop-cana-5s","status":"publish","type":"product","link":"https:\/\/agrozone.ee\/en\/product\/hiidiisop-cana-5s\/","title":{"rendered":"Hiidiisop &#8216;Cana&#8217; 5s"},"content":{"rendered":"<p>Atraktiivsete fuksiaroosade \u00f5itega lill.<\/p>\n<p>Meelitab ligi kasulikke putukaid.<\/p>\n<p>Moodustab kauni p\u00f5\u00f5sasja kasvukuju.<\/p>\n<p>K\u00f5rgus: 75 cm.<\/p>\n<p>Eelistab p\u00e4ikselist kasvukohta.<\/p>\n<p>P\u00f5uakindel.<\/p>\n<p>Meie kliimas k\u00fclma\u00f5rn.<\/p>\n<p>Pakendis on 5 seemet.<\/p>\n<p>&nbsp;<\/p>\n<h3>Kasutusjuhend<\/h3>\n<p>K\u00fclva seemned veebruaris-m\u00e4rtsis k\u00fclvikasti, \u00f5ue istuta taimed peale \u00f6\u00f6k\u00fclmaohu m\u00f6\u00f6dumist.<\/p>\n<p>Eelistab p\u00e4ikesepaistelist kasvukohta.<\/p>\n<p>K\u00fclma\u00f5rn.<\/p>\n<p>K\u00fclvinorm v\u00f5i istutusskeem: taimede vahe 60-90 cm<\/p>\n<p>K\u00fclvis\u00fcgavus: 0 cm<\/p>\n<p>K\u00fclviaeg: ettekasvatamine toas: veebr-m\u00e4rts<\/p>\n<p>\u00d5itseb: juuli-september<\/p>\n","protected":false},"excerpt":{"rendered":"<p>Agastache\u00a0cana<\/p>\n","protected":false},"featured_media":53730,"template":"","meta":{"_acf_changed":false,"_seopress_robots_primary_cat":"none","_seopress_titles_title":"","_seopress_titles_desc":"","_seopress_robots_index":"","_gspb_post_css":""},"product_brand":[],"product_cat":[15,100,1212,87],"product_tag":[],"class_list":{"0":"post-53727","1":"product","2":"type-product","3":"status-publish","4":"has-post-thumbnail","6":"product_cat-koik-kategooriad","7":"product_cat-lilleseemned","8":"product_cat-mitmesugused","9":"product_cat-seemned","11":"first","12":"instock","13":"taxable","14":"shipping-taxable","15":"purchasable","16":"product-type-simple"},"ct_brands":[],"acf":[],"_links":{"self":[{"href":"https:\/\/agrozone.ee\/en\/wp-json\/wp\/v2\/product\/53727","targetHints":{"allow":["GET"]}}],"collection":[{"href":"https:\/\/agrozone.ee\/en\/wp-json\/wp\/v2\/product"}],"about":[{"href":"https:\/\/agrozone.ee\/en\/wp-json\/wp\/v2\/types\/product"}],"wp:featuredmedia":[{"embeddable":true,"href":"https:\/\/agrozone.ee\/en\/wp-json\/wp\/v2\/media\/53730"}],"wp:attachment":[{"href":"https:\/\/agrozone.ee\/en\/wp-json\/wp\/v2\/media?parent=53727"}],"wp:term":[{"taxonomy":"product_brand","embeddable":true,"href":"https:\/\/agrozone.ee\/en\/wp-json\/wp\/v2\/product_brand?post=53727"},{"taxonomy":"product_cat","embeddable":true,"href":"https:\/\/agrozone.ee\/en\/wp-json\/wp\/v2\/product_cat?post=53727"},{"taxonomy":"product_tag","embeddable":true,"href":"https:\/\/agrozone.ee\/en\/wp-json\/wp\/v2\/product_tag?post=53727"}],"curies":[{"name":"wp","href":"https:\/\/api.w.org\/{rel}","templated":true}]}}