{"id":53811,"date":"2025-10-23T11:21:32","date_gmt":"2025-10-23T09:21:32","guid":{"rendered":"https:\/\/agrozone.ee\/?post_type=product&#038;p=53811"},"modified":"2025-11-18T17:18:05","modified_gmt":"2025-11-18T15:18:05","slug":"sarvkannike-admire-jump-up-f1-20s","status":"publish","type":"product","link":"https:\/\/agrozone.ee\/en\/product\/sarvkannike-admire-jump-up-f1-20s\/","title":{"rendered":"Sarvkannike &#8216;Admire\u00ae Jump Up&#8217; F1 20s"},"content":{"rendered":"<p>Sarvkannikesed on rikkalikult \u00f5itsvad, suhteliselt v\u00e4hen\u00f5udlikud ja ilmastikukindlad lilled..<\/p>\n<p>Sarvkannike \u2018Admire\u00ae Jump Up\u2019 pakk koosneb erinevate v\u00e4rvide segust.<\/p>\n<p>K\u00f5rgus: 20 cm.<\/p>\n<p>Pakendis on 20 seemet.<\/p>\n<p>&nbsp;<\/p>\n<h3>Kasutusjuhend<\/h3>\n<p>Samal aastal \u00f5itsemiseks k\u00fclva veebruaris v\u00f5i m\u00e4rtsi alguses.<\/p>\n<p>Eelistab p\u00e4ikeselist v\u00f5i kerge varjuga kasvukohta.<\/p>\n<p>K\u00fclvinorm v\u00f5i istutusskeem: taimede vahe 20-25 cm<\/p>\n<p>Kasvukoht: k\u00fclvikast, avamaa<\/p>\n<p>K\u00fclvis\u00fcgavus: 0,3 cm<\/p>\n<p>K\u00fclviaeg: k\u00fclvikasti: veebr-m\u00e4rts;\u00a0 avamaa: juuni-juuli<\/p>\n<p>\u00d5itseb: juuni-september<\/p>\n","protected":false},"excerpt":{"rendered":"<p>Viola\u00a0cornuta<\/p>\n","protected":false},"featured_media":53814,"template":"","meta":{"_acf_changed":false,"_seopress_robots_primary_cat":"none","_seopress_titles_title":"","_seopress_titles_desc":"","_seopress_robots_index":"","_gspb_post_css":""},"product_brand":[],"product_cat":[15,100,2965,87],"product_tag":[],"class_list":{"0":"post-53811","1":"product","2":"type-product","3":"status-publish","4":"has-post-thumbnail","6":"product_cat-koik-kategooriad","7":"product_cat-lilleseemned","8":"product_cat-sarvkannike","9":"product_cat-seemned","11":"first","12":"instock","13":"taxable","14":"shipping-taxable","15":"purchasable","16":"product-type-simple"},"ct_brands":[],"acf":[],"_links":{"self":[{"href":"https:\/\/agrozone.ee\/en\/wp-json\/wp\/v2\/product\/53811","targetHints":{"allow":["GET"]}}],"collection":[{"href":"https:\/\/agrozone.ee\/en\/wp-json\/wp\/v2\/product"}],"about":[{"href":"https:\/\/agrozone.ee\/en\/wp-json\/wp\/v2\/types\/product"}],"wp:featuredmedia":[{"embeddable":true,"href":"https:\/\/agrozone.ee\/en\/wp-json\/wp\/v2\/media\/53814"}],"wp:attachment":[{"href":"https:\/\/agrozone.ee\/en\/wp-json\/wp\/v2\/media?parent=53811"}],"wp:term":[{"taxonomy":"product_brand","embeddable":true,"href":"https:\/\/agrozone.ee\/en\/wp-json\/wp\/v2\/product_brand?post=53811"},{"taxonomy":"product_cat","embeddable":true,"href":"https:\/\/agrozone.ee\/en\/wp-json\/wp\/v2\/product_cat?post=53811"},{"taxonomy":"product_tag","embeddable":true,"href":"https:\/\/agrozone.ee\/en\/wp-json\/wp\/v2\/product_tag?post=53811"}],"curies":[{"name":"wp","href":"https:\/\/api.w.org\/{rel}","templated":true}]}}