{"id":53819,"date":"2025-10-23T11:29:15","date_gmt":"2025-10-23T09:29:15","guid":{"rendered":"https:\/\/agrozone.ee\/?post_type=product&#038;p=53819"},"modified":"2026-01-28T12:47:43","modified_gmt":"2026-01-28T10:47:43","slug":"siilkubar-pollynation-orange-red-5s","status":"publish","type":"product","link":"https:\/\/agrozone.ee\/en\/product\/siilkubar-pollynation-orange-red-5s\/","title":{"rendered":"Siilk\u00fcbar &#8216;PollyNation\u2122 Orange Red&#8217; 5s"},"content":{"rendered":"<p>Punane siilk\u00fcbar (ehk purpur-siilk\u00fcbar ehk punane p\u00e4evak\u00fcbar) \u2018PollyNation\u2122 Orange Red\u2019 on kaunis p\u00fcsilill tumeoran\u017eide keel\u00f5itega.<\/p>\n<p>Ideaalne ka terrassil kasvatamiseks, talub kuiva ja p\u00f5uda.<\/p>\n<p>Liblikate lemmik.<\/p>\n<p>K\u00f5rgus: 65 cm.<\/p>\n<p>Pakendis on 5 seemet.<\/p>\n<p>&nbsp;<\/p>\n<h3>Kasutusjuhend<\/h3>\n<p>K\u00fclvates veebruaris, \u00f5itseb juulis.<\/p>\n<p>Purpur-siilk\u00fcbarad armastavad k\u00f5ige paremini p\u00e4ikeselist ja sooja kasvukohta.<\/p>\n<p>K\u00fclvinorm v\u00f5i istutusskeem: taimede vahe 40 cm<\/p>\n<p>K\u00fclvis\u00fcgavus: 0,5 cm<\/p>\n<p>K\u00fclviaeg: ettekasvatamine toas: veebr-m\u00e4rts<\/p>\n<p>\u00d5itseb: juuli-september<\/p>\n","protected":false},"excerpt":{"rendered":"<p>Echinacea purpurea<\/p>\n","protected":false},"featured_media":53822,"template":"","meta":{"_acf_changed":false,"_seopress_robots_primary_cat":"none","_seopress_titles_title":"","_seopress_titles_desc":"","_seopress_robots_index":"","_gspb_post_css":""},"product_brand":[],"product_cat":[15,100,87,2964],"product_tag":[],"class_list":{"0":"post-53819","1":"product","2":"type-product","3":"status-publish","4":"has-post-thumbnail","6":"product_cat-koik-kategooriad","7":"product_cat-lilleseemned","8":"product_cat-seemned","9":"product_cat-siilkubar","11":"first","12":"instock","13":"taxable","14":"shipping-taxable","15":"purchasable","16":"product-type-simple"},"ct_brands":[],"acf":[],"_links":{"self":[{"href":"https:\/\/agrozone.ee\/en\/wp-json\/wp\/v2\/product\/53819","targetHints":{"allow":["GET"]}}],"collection":[{"href":"https:\/\/agrozone.ee\/en\/wp-json\/wp\/v2\/product"}],"about":[{"href":"https:\/\/agrozone.ee\/en\/wp-json\/wp\/v2\/types\/product"}],"wp:featuredmedia":[{"embeddable":true,"href":"https:\/\/agrozone.ee\/en\/wp-json\/wp\/v2\/media\/53822"}],"wp:attachment":[{"href":"https:\/\/agrozone.ee\/en\/wp-json\/wp\/v2\/media?parent=53819"}],"wp:term":[{"taxonomy":"product_brand","embeddable":true,"href":"https:\/\/agrozone.ee\/en\/wp-json\/wp\/v2\/product_brand?post=53819"},{"taxonomy":"product_cat","embeddable":true,"href":"https:\/\/agrozone.ee\/en\/wp-json\/wp\/v2\/product_cat?post=53819"},{"taxonomy":"product_tag","embeddable":true,"href":"https:\/\/agrozone.ee\/en\/wp-json\/wp\/v2\/product_tag?post=53819"}],"curies":[{"name":"wp","href":"https:\/\/api.w.org\/{rel}","templated":true}]}}