{"id":53831,"date":"2025-10-23T11:37:10","date_gmt":"2025-10-23T09:37:10","guid":{"rendered":"https:\/\/agrozone.ee\/?post_type=product&#038;p=53831"},"modified":"2025-11-25T18:51:43","modified_gmt":"2025-11-25T16:51:43","slug":"stepirohi-pony-tails-10s","status":"publish","type":"product","link":"https:\/\/agrozone.ee\/en\/product\/stepirohi-pony-tails-10s\/","title":{"rendered":"Stepirohi &#8216;Pony Tails&#8217; 10s"},"content":{"rendered":"<p>Elegantne ja \u00f5huline k\u00f5rreline.<\/p>\n<p>Siidised ja pehmed lehed ning \u00f5isikud.<\/p>\n<p>Moodustab puhmaid ja sobib h\u00e4sti kiviktaimlasse, peenra \u00e4\u00e4rtesse v\u00f5i lilleanumatesse.<\/p>\n<p>Sobib suurep\u00e4raselt kokku \u00f5itsvate suvelilledega.<\/p>\n<p>K\u00fclma\u00f5rn.<\/p>\n<p>K\u00f5rgus: 75 cm.<\/p>\n<p>Pakendis on 10 seemet.<\/p>\n<p>&nbsp;<\/p>\n<h3>Kasutusjuhend<\/h3>\n<p>K\u00fclva seemned m\u00e4rtsis-aprillis k\u00fclvikasti, \u00f5ue istuta taimed peale \u00f6\u00f6k\u00fclmaohu m\u00f6\u00f6dumist.<\/p>\n<p>Eelistab p\u00e4ikeselist kasvukohta.<\/p>\n<p>K\u00fclvinorm v\u00f5i istutusskeem: taimede vahe 50 cm<\/p>\n<p>K\u00fclvis\u00fcgavus: 0,5 cm<\/p>\n<p>K\u00fclviaeg: ettekasvatamine toas: m\u00e4rts-aprill<\/p>\n","protected":false},"excerpt":{"rendered":"<p>J\u00f5hv-stepirohi<\/p>\n<p>Nassella\u00a0tenuissima<\/p>\n","protected":false},"featured_media":53834,"template":"","meta":{"_acf_changed":false,"_seopress_robots_primary_cat":"none","_seopress_titles_title":"","_seopress_titles_desc":"","_seopress_robots_index":"","_gspb_post_css":""},"product_brand":[],"product_cat":[15,100,1212,87],"product_tag":[],"class_list":{"0":"post-53831","1":"product","2":"type-product","3":"status-publish","4":"has-post-thumbnail","6":"product_cat-koik-kategooriad","7":"product_cat-lilleseemned","8":"product_cat-mitmesugused","9":"product_cat-seemned","11":"first","12":"instock","13":"taxable","14":"shipping-taxable","15":"purchasable","16":"product-type-simple"},"ct_brands":[],"acf":[],"_links":{"self":[{"href":"https:\/\/agrozone.ee\/en\/wp-json\/wp\/v2\/product\/53831","targetHints":{"allow":["GET"]}}],"collection":[{"href":"https:\/\/agrozone.ee\/en\/wp-json\/wp\/v2\/product"}],"about":[{"href":"https:\/\/agrozone.ee\/en\/wp-json\/wp\/v2\/types\/product"}],"wp:featuredmedia":[{"embeddable":true,"href":"https:\/\/agrozone.ee\/en\/wp-json\/wp\/v2\/media\/53834"}],"wp:attachment":[{"href":"https:\/\/agrozone.ee\/en\/wp-json\/wp\/v2\/media?parent=53831"}],"wp:term":[{"taxonomy":"product_brand","embeddable":true,"href":"https:\/\/agrozone.ee\/en\/wp-json\/wp\/v2\/product_brand?post=53831"},{"taxonomy":"product_cat","embeddable":true,"href":"https:\/\/agrozone.ee\/en\/wp-json\/wp\/v2\/product_cat?post=53831"},{"taxonomy":"product_tag","embeddable":true,"href":"https:\/\/agrozone.ee\/en\/wp-json\/wp\/v2\/product_tag?post=53831"}],"curies":[{"name":"wp","href":"https:\/\/api.w.org\/{rel}","templated":true}]}}