{"id":54375,"date":"2025-11-18T07:46:43","date_gmt":"2025-11-18T05:46:43","guid":{"rendered":"https:\/\/agrozone.ee\/?post_type=product&#038;p=54375"},"modified":"2025-11-18T10:47:25","modified_gmt":"2025-11-18T08:47:25","slug":"aedkultivaator-koblas","status":"publish","type":"product","link":"https:\/\/agrozone.ee\/en\/product\/aedkultivaator-koblas\/","title":{"rendered":"Aedkultivaator \u2013 k\u00f5blas"},"content":{"rendered":"<p>K\u00f5rgekvaliteedilisest terasest k\u00f5blas\u2013kultivaator ergonoomilise puidust k\u00e4epidemega.<\/p>\n<p>Ideaalne mulla \u00f5hutamiseks, kobestamiseks ja puhastamiseks.<\/p>\n<p>T\u00f6\u00f6riist on vastupidav ja tugev, ning puidust k\u00e4epide ei koorma k\u00e4tt ka pikema kasutuse ajal.<\/p>\n","protected":false},"excerpt":{"rendered":"<p>K\u00f5rgekvaliteedilisest terasest k\u00f5blas\u2013kultivaator ergonoomilise puidust k\u00e4epidemega. Ideaalne mulla \u00f5hutamiseks, kobestamiseks ja puhastamiseks. T\u00f6\u00f6riist on vastupidav ja tugev, ning puidust k\u00e4epide ei koorma k\u00e4tt ka pikema kasutuse ajal.<\/p>\n","protected":false},"featured_media":54378,"template":"","meta":{"_acf_changed":false,"_seopress_robots_primary_cat":"none","_seopress_titles_title":"","_seopress_titles_desc":"","_seopress_robots_index":"","_gspb_post_css":""},"product_brand":[2999],"product_cat":[149,15,1387],"product_tag":[],"class_list":{"0":"post-54375","1":"product","2":"type-product","3":"status-publish","4":"has-post-thumbnail","6":"product_brand-organic-way","7":"product_cat-aiatarvikud","8":"product_cat-koik-kategooriad","9":"product_cat-vaiksemad-aedniku-tooriistad","11":"first","12":"instock","13":"taxable","14":"shipping-taxable","15":"purchasable","16":"product-type-simple"},"ct_brands":[{"id":2999,"name":"Organic Way","slug":"organic-way"}],"acf":[],"_links":{"self":[{"href":"https:\/\/agrozone.ee\/en\/wp-json\/wp\/v2\/product\/54375","targetHints":{"allow":["GET"]}}],"collection":[{"href":"https:\/\/agrozone.ee\/en\/wp-json\/wp\/v2\/product"}],"about":[{"href":"https:\/\/agrozone.ee\/en\/wp-json\/wp\/v2\/types\/product"}],"wp:featuredmedia":[{"embeddable":true,"href":"https:\/\/agrozone.ee\/en\/wp-json\/wp\/v2\/media\/54378"}],"wp:attachment":[{"href":"https:\/\/agrozone.ee\/en\/wp-json\/wp\/v2\/media?parent=54375"}],"wp:term":[{"taxonomy":"product_brand","embeddable":true,"href":"https:\/\/agrozone.ee\/en\/wp-json\/wp\/v2\/product_brand?post=54375"},{"taxonomy":"product_cat","embeddable":true,"href":"https:\/\/agrozone.ee\/en\/wp-json\/wp\/v2\/product_cat?post=54375"},{"taxonomy":"product_tag","embeddable":true,"href":"https:\/\/agrozone.ee\/en\/wp-json\/wp\/v2\/product_tag?post=54375"}],"curies":[{"name":"wp","href":"https:\/\/api.w.org\/{rel}","templated":true}]}}