{"id":54387,"date":"2025-11-18T07:56:31","date_gmt":"2025-11-18T05:56:31","guid":{"rendered":"https:\/\/agrozone.ee\/?post_type=product&#038;p=54387"},"modified":"2026-04-06T15:48:36","modified_gmt":"2026-04-06T13:48:36","slug":"aeduba-roniv-sunset","status":"publish","type":"product","link":"https:\/\/agrozone.ee\/en\/product\/aeduba-roniv-sunset\/","title":{"rendered":"Aeduba roniv &#8216;Sunset&#8217;"},"content":{"rendered":"<div class=\"paragraph-in-scc-markdown-text ___1ngh792 ftgm304 f1iaxwol\">Pikaviljaline ronitaimena kasvav ubade sort.<\/div>\n<div class=\"paragraph-in-scc-markdown-text ___1ngh792 ftgm304 f1iaxwol\">Saaki annab umbes 100 p\u00e4eva p\u00e4rast k\u00fclvi.<\/div>\n<div class=\"paragraph-in-scc-markdown-text ___1ngh792 ftgm304 f1iaxwol\">Taimed on v\u00e4ga dekoratiivsed, \u00f5itsevad virsikuv\u00e4rvi \u00f5itega ning kasvavad kuni 4 meetri k\u00f5rguseks, mist\u00f5ttu vajavad tugevat toestust.<\/div>\n<div class=\"paragraph-in-scc-markdown-text ___1ngh792 ftgm304 f1iaxwol\">Seemned on roosad mustade laikude ja triipudega ning suurep\u00e4rase maitsega.<\/div>\n<div><\/div>\n<div class=\"paragraph-in-scc-markdown-text ___1ngh792 ftgm304 f1iaxwol\"><strong>K\u00fclviaeg avamaale:<\/strong> V\u2013VI<br \/>\n<strong>Istutuskaugus, cm:<\/strong> 40 \u00d7 8<br \/>\n<strong>Saagikoristus:<\/strong> VII\u2013IX<br \/>\n<strong>Kasvukoht:<\/strong> Avamaal, kasvuhoones, potis<br \/>\n<strong>Pakend:<\/strong> 10 g<\/div>\n","protected":false},"excerpt":{"rendered":"<p>Phaseolus coccineus L.<\/p>\n","protected":false},"featured_media":54390,"template":"","meta":{"_acf_changed":false,"_seopress_robots_primary_cat":"none","_seopress_titles_title":"","_seopress_titles_desc":"","_seopress_robots_index":"","_gspb_post_css":""},"product_brand":[2999],"product_cat":[327,15,88,87],"product_tag":[],"class_list":{"0":"post-54387","1":"product","2":"type-product","3":"status-publish","4":"has-post-thumbnail","6":"product_brand-organic-way","7":"product_cat-aeduba","8":"product_cat-koik-kategooriad","9":"product_cat-koogiviljaseemned","10":"product_cat-seemned","12":"first","13":"instock","14":"taxable","15":"shipping-taxable","16":"purchasable","17":"product-type-simple"},"ct_brands":[{"id":2999,"name":"Organic Way","slug":"organic-way"}],"acf":[],"_links":{"self":[{"href":"https:\/\/agrozone.ee\/en\/wp-json\/wp\/v2\/product\/54387","targetHints":{"allow":["GET"]}}],"collection":[{"href":"https:\/\/agrozone.ee\/en\/wp-json\/wp\/v2\/product"}],"about":[{"href":"https:\/\/agrozone.ee\/en\/wp-json\/wp\/v2\/types\/product"}],"wp:featuredmedia":[{"embeddable":true,"href":"https:\/\/agrozone.ee\/en\/wp-json\/wp\/v2\/media\/54390"}],"wp:attachment":[{"href":"https:\/\/agrozone.ee\/en\/wp-json\/wp\/v2\/media?parent=54387"}],"wp:term":[{"taxonomy":"product_brand","embeddable":true,"href":"https:\/\/agrozone.ee\/en\/wp-json\/wp\/v2\/product_brand?post=54387"},{"taxonomy":"product_cat","embeddable":true,"href":"https:\/\/agrozone.ee\/en\/wp-json\/wp\/v2\/product_cat?post=54387"},{"taxonomy":"product_tag","embeddable":true,"href":"https:\/\/agrozone.ee\/en\/wp-json\/wp\/v2\/product_tag?post=54387"}],"curies":[{"name":"wp","href":"https:\/\/api.w.org\/{rel}","templated":true}]}}