{"id":54574,"date":"2025-11-26T08:27:13","date_gmt":"2025-11-26T06:27:13","guid":{"rendered":"https:\/\/agrozone.ee\/?post_type=product&#038;p=54574"},"modified":"2026-04-13T07:20:18","modified_gmt":"2026-04-13T05:20:18","slug":"tigude-torjegraanulid-ironmax-pro-5-kg","status":"publish","type":"product","link":"https:\/\/agrozone.ee\/en\/product\/tigude-torjegraanulid-ironmax-pro-5-kg\/","title":{"rendered":"Tigude t\u00f5rjegraanulid Ironmax Pro 5 kg"},"content":{"rendered":"<p data-path-to-node=\"26,0\"><b data-path-to-node=\"26,0\" data-index-in-node=\"0\">Terviklik lahendus suurele aiale ja n\u00f5udlikule omanikule.<\/b><\/p>\n<p data-path-to-node=\"26,1\">Kui sinu aed on suur v\u00f5i n\u00e4lkjate populatsioon on v\u00e4ljunud kontrolli alt, on v\u00e4ikeste pakkidega j\u00e4ndamine kulukas. Ironmax Pro 5 kg s\u00e4\u00e4stupakend pakub parimat hinna ja koguse suhet, et luua tervele krundile kaitsebarj\u00e4\u00e4r.<\/p>\n<p data-path-to-node=\"26,2\"><b data-path-to-node=\"26,2\" data-index-in-node=\"0\">Miks valida 5 kg s\u00e4\u00e4stupakk?<\/b><\/p>\n<ul data-path-to-node=\"26,3\">\n<li>\n<p data-path-to-node=\"26,3,0,0\"><b data-path-to-node=\"26,3,0,0\" data-index-in-node=\"0\">Mastaapne kaitse:<\/b> Sellest kogusest piisab kuni 6500 m\u00b2 suuruse ala \u00fchekordseks t\u00f6\u00f6tlemiseks. Ideaalne muruplatside, hekkide aluste ja suurte iluaedade kaitsmiseks.<\/p>\n<\/li>\n<li>\n<p data-path-to-node=\"26,3,1,0\"><b data-path-to-node=\"26,3,1,0\" data-index-in-node=\"0\">Mugav kasutada:<\/b> Graanuleid on lihtne laotada ka suurematele pindadele k\u00e4sitsi v\u00f5i v\u00e4etiselaoturiga.<\/p>\n<\/li>\n<li>\n<p data-path-to-node=\"26,3,2,0\"><b data-path-to-node=\"26,3,2,0\" data-index-in-node=\"0\">Rahuolu garanteeritud:<\/b> Kuna graanulid toimivad ka p\u00e4rast vihma ja kastmist, ei pea te t\u00f5rjet kordama p\u00e4rast iga vihmasadu. See s\u00e4\u00e4stab nii teie aega kui ka raha.<\/p>\n<\/li>\n<\/ul>\n<p data-path-to-node=\"26,4\">Investeeri suuremasse pakendisse ja taga oma aiale professionaalne kaitse terveks hooajaks.<\/p>\n<h4><a href=\"https:\/\/agrozone.ee\/wp-content\/uploads\/2025\/06\/ironmax-pro-label.pdf\">INFOLEHT<\/a><\/h4>\n<h4><a href=\"https:\/\/agrozone.ee\/wp-content\/uploads\/2025\/10\/ironmaxpro_ohutuskaart.pdf\">OHUTUSKAART<\/a><\/h4>\n<p>&nbsp;<\/p>\n","protected":false},"excerpt":{"rendered":"<p>5 kg = 6500 m\u00b2<\/p>\n","protected":false},"featured_media":57580,"template":"","meta":{"_acf_changed":false,"_seopress_robots_primary_cat":"none","_seopress_titles_title":"Ironmax Pro 5kg \u2013 S\u00e4\u00e4stupakend suurele aiale (kuni 6500 m\u00b2)","_seopress_titles_desc":"T\u00f5hus ja \u00f6konoomne lahendus suure aia kaitseks. Ironmax Pro 5kg s\u00e4\u00e4stupakend tagab pikaajalise ja vihmakindla t\u00f5rje. Vaata soodsat hinda!","_seopress_robots_index":"","_gspb_post_css":""},"product_brand":[2906],"product_cat":[109,15,112],"product_tag":[],"class_list":{"0":"post-54574","1":"product","2":"type-product","3":"status-publish","4":"has-post-thumbnail","6":"product_brand-baltic-agro","7":"product_cat-aia-ja-taimede-kaitse","8":"product_cat-koik-kategooriad","9":"product_cat-taimekahjurite-torje","11":"first","12":"instock","13":"taxable","14":"shipping-taxable","15":"purchasable","16":"product-type-simple"},"ct_brands":[{"id":2906,"name":"Baltic Agro","slug":"baltic-agro"}],"acf":[],"_links":{"self":[{"href":"https:\/\/agrozone.ee\/en\/wp-json\/wp\/v2\/product\/54574","targetHints":{"allow":["GET"]}}],"collection":[{"href":"https:\/\/agrozone.ee\/en\/wp-json\/wp\/v2\/product"}],"about":[{"href":"https:\/\/agrozone.ee\/en\/wp-json\/wp\/v2\/types\/product"}],"wp:featuredmedia":[{"embeddable":true,"href":"https:\/\/agrozone.ee\/en\/wp-json\/wp\/v2\/media\/57580"}],"wp:attachment":[{"href":"https:\/\/agrozone.ee\/en\/wp-json\/wp\/v2\/media?parent=54574"}],"wp:term":[{"taxonomy":"product_brand","embeddable":true,"href":"https:\/\/agrozone.ee\/en\/wp-json\/wp\/v2\/product_brand?post=54574"},{"taxonomy":"product_cat","embeddable":true,"href":"https:\/\/agrozone.ee\/en\/wp-json\/wp\/v2\/product_cat?post=54574"},{"taxonomy":"product_tag","embeddable":true,"href":"https:\/\/agrozone.ee\/en\/wp-json\/wp\/v2\/product_tag?post=54574"}],"curies":[{"name":"wp","href":"https:\/\/api.w.org\/{rel}","templated":true}]}}