{"id":54804,"date":"2025-12-09T13:30:45","date_gmt":"2025-12-09T11:30:45","guid":{"rendered":"https:\/\/agrozone.ee\/?post_type=product&#038;p=54804"},"modified":"2025-12-17T11:55:23","modified_gmt":"2025-12-17T09:55:23","slug":"akupuhur-castellari-ry30g-turbo-36v","status":"publish","type":"product","link":"https:\/\/agrozone.ee\/en\/product\/akupuhur-castellari-ry30g-turbo-36v\/","title":{"rendered":"Akupuhur CASTELLARI RY30G Turbo 36V"},"content":{"rendered":"<div id=\"model-response-message-contentr_89813d8ca28d5fb9\" class=\"markdown markdown-main-panel stronger enable-updated-hr-color\" dir=\"ltr\" aria-live=\"polite\" aria-busy=\"false\">\n<p>RY30G puhur on meie lemmik Castellari toode \u2013 suurep\u00e4rane funktsionaalsuse, disaini, v\u00e4limuse ja v\u00f5imsa j\u00f5udluse poolest!<\/p>\n<p>Kaaludes vaid 2,1 kg, on seda lihtne man\u00f6\u00f6verdada ja mugav kasutada pikema aja v\u00e4ltel.<\/p>\n<p>Ergonoomiline k\u00e4epide tagab stabiilse ja mugava haarde, samas kui k\u00e4ep\u00e4rane sisseehitatud indikaator v\u00f5imaldab h\u00f5lpsalt j\u00e4lgida laetust ja reguleerida kiirust optimaalseks kontrolliks.<\/p>\n<p>Pikkusega 90 cm, on see ideaalne ka k\u00f5ige raskemini ligip\u00e4\u00e4setavate kohtade h\u00f5lpsaks puhastamiseks.<\/p>\n<p>Turbore\u017eiim \u00f5huvooluga 13 000 liitrit minutis veenab teid kiiresti.<\/p>\n<p>Suurep\u00e4raselt l\u00e4bim\u00f5eldud disain, akude paigutus ja puhuri ideaalne suunamine soovitud suunas t\u00e4nu tasakaalustatud raskuskeskmele.<\/p>\n<p><strong>Akud ja laadija ei kuulu komplekti!<\/strong><\/p>\n<p>Toiteallikaks on 2 x 18 V akut.<\/p>\n<p>V\u00f5imalik on kasutada nii Castellari originaalakusid \u2013 tootja pakub 2 erineva mahutavusega t\u00fc\u00fcpi: 5.2 Ah (RY01B) v\u00f5i 7.8 Ah (RY02B) \u2013 seadet toidab \u00fcksus kogupingega 36 V ja mahutavusega 10.4 Ah v\u00f5i 15.6 Ah, mis on selle klassi kohta ebatavaliselt suured aku mahutavuse n\u00e4itajad ning veenvaks garantiiks keskmisest pikemale t\u00f6\u00f6ajale.<\/p>\n<p><strong>Castellari 18 V seeria toodete puhul on v\u00f5imalik kasutada ka k\u00f5iki Makita 18 V akusid.<\/strong><\/p>\n<p>Omadused:<\/p>\n<ul>\n<li>Pikkus: 90 cm<\/li>\n<li>Kaal: 2,10 kg<\/li>\n<li>Toide: 2 x 18V aku (36 V)<\/li>\n<li>V\u00f5imsus: 700 W<\/li>\n<li>Harjadeta mootor<\/li>\n<li>Kiiruse ja laetuse taseme indikaator<\/li>\n<li>Ergonoomiline k\u00e4epide<\/li>\n<\/ul>\n<\/div>\n","protected":false},"excerpt":{"rendered":"<p>RY30G puhur on meie lemmik Castellari toode \u2013 suurep\u00e4rane funktsionaalsuse, disaini, v\u00e4limuse ja v\u00f5imsa j\u00f5udluse poolest! Kaaludes vaid 2,1 kg, on seda lihtne man\u00f6\u00f6verdada ja mugav kasutada pikema aja v\u00e4ltel. Ergonoomiline k\u00e4epide tagab stabiilse ja mugava haarde, samas kui k\u00e4ep\u00e4rane sisseehitatud indikaator v\u00f5imaldab h\u00f5lpsalt j\u00e4lgida laetust ja reguleerida kiirust optimaalseks kontrolliks. Pikkusega 90 cm, on [&hellip;]<\/p>\n","protected":false},"featured_media":54807,"template":"","meta":{"_acf_changed":false,"_seopress_robots_primary_cat":"none","_seopress_titles_title":"","_seopress_titles_desc":"","_seopress_robots_index":"","_gspb_post_css":""},"product_brand":[3000],"product_cat":[149,1070,1071,15],"product_tag":[],"class_list":{"0":"post-54804","1":"product","2":"type-product","3":"status-publish","4":"has-post-thumbnail","6":"product_brand-castellari","7":"product_cat-aiatarvikud","8":"product_cat-aiatooriistad","9":"product_cat-akuga-aiatooriistad","10":"product_cat-koik-kategooriad","12":"first","13":"instock","14":"taxable","15":"shipping-taxable","16":"purchasable","17":"product-type-simple"},"ct_brands":[{"id":3000,"name":"CASTELLARI","slug":"castellari"}],"acf":[],"_links":{"self":[{"href":"https:\/\/agrozone.ee\/en\/wp-json\/wp\/v2\/product\/54804","targetHints":{"allow":["GET"]}}],"collection":[{"href":"https:\/\/agrozone.ee\/en\/wp-json\/wp\/v2\/product"}],"about":[{"href":"https:\/\/agrozone.ee\/en\/wp-json\/wp\/v2\/types\/product"}],"wp:featuredmedia":[{"embeddable":true,"href":"https:\/\/agrozone.ee\/en\/wp-json\/wp\/v2\/media\/54807"}],"wp:attachment":[{"href":"https:\/\/agrozone.ee\/en\/wp-json\/wp\/v2\/media?parent=54804"}],"wp:term":[{"taxonomy":"product_brand","embeddable":true,"href":"https:\/\/agrozone.ee\/en\/wp-json\/wp\/v2\/product_brand?post=54804"},{"taxonomy":"product_cat","embeddable":true,"href":"https:\/\/agrozone.ee\/en\/wp-json\/wp\/v2\/product_cat?post=54804"},{"taxonomy":"product_tag","embeddable":true,"href":"https:\/\/agrozone.ee\/en\/wp-json\/wp\/v2\/product_tag?post=54804"}],"curies":[{"name":"wp","href":"https:\/\/api.w.org\/{rel}","templated":true}]}}