{"id":54814,"date":"2025-12-09T14:03:30","date_gmt":"2025-12-09T12:03:30","guid":{"rendered":"https:\/\/agrozone.ee\/?post_type=product&#038;p=54814"},"modified":"2025-12-17T11:55:07","modified_gmt":"2025-12-17T09:55:07","slug":"aku-18v-52ah-ry01b","status":"publish","type":"product","link":"https:\/\/agrozone.ee\/en\/product\/aku-18v-52ah-ry01b\/","title":{"rendered":"Aku 18V 5,2AH RY01B"},"content":{"rendered":"<p>18 V, 5,2 Ah liitiumaku, mis on loodud pakkuma pikka t\u00f6\u00f6aega ja stabiilset j\u00f5udlust aiat\u00f6\u00f6del.<\/p>\n<p><span class=\"citation-1 citation-end-1\">Kompaktne ja kerge ehitus tagab mugava kasutuse ka pikaajalisel t\u00f6\u00f6tamisel.<\/span><\/p>\n<p>T\u00e4ielikult \u00fchilduv k\u00f5igi Castellari 18 V ja 36 V t\u00f6\u00f6riistadega, pakkudes maksimaalset kasutusvabadust.<\/p>\n<p>Ideaalne hekil\u00f5ikurite, oksak\u00e4\u00e4ride ja teiste aiat\u00f6\u00f6riistade toiteks \u2013 tegemist on t\u00f5husa, t\u00f6\u00f6kindla ja mitmek\u00fclgse lahendusega.<\/p>\n","protected":false},"excerpt":{"rendered":"<p>18 V, 5,2 Ah liitiumaku, mis on loodud pakkuma pikka t\u00f6\u00f6aega ja stabiilset j\u00f5udlust aiat\u00f6\u00f6del. Kompaktne ja kerge ehitus tagab mugava kasutuse ka pikaajalisel t\u00f6\u00f6tamisel. T\u00e4ielikult \u00fchilduv k\u00f5igi Castellari 18 V ja 36 V t\u00f6\u00f6riistadega, pakkudes maksimaalset kasutusvabadust. Ideaalne hekil\u00f5ikurite, oksak\u00e4\u00e4ride ja teiste aiat\u00f6\u00f6riistade toiteks \u2013 tegemist on t\u00f5husa, t\u00f6\u00f6kindla ja mitmek\u00fclgse lahendusega.<\/p>\n","protected":false},"featured_media":54921,"template":"","meta":{"_acf_changed":false,"_seopress_robots_primary_cat":"none","_seopress_titles_title":"","_seopress_titles_desc":"","_seopress_robots_index":"","_gspb_post_css":""},"product_brand":[3000],"product_cat":[149,1070,15,1385],"product_tag":[],"class_list":{"0":"post-54814","1":"product","2":"type-product","3":"status-publish","4":"has-post-thumbnail","6":"product_brand-castellari","7":"product_cat-aiatarvikud","8":"product_cat-aiatooriistad","9":"product_cat-koik-kategooriad","10":"product_cat-tarvikud-ja-varuosad","12":"first","13":"instock","14":"taxable","15":"shipping-taxable","16":"purchasable","17":"product-type-simple"},"ct_brands":[{"id":3000,"name":"CASTELLARI","slug":"castellari"}],"acf":[],"_links":{"self":[{"href":"https:\/\/agrozone.ee\/en\/wp-json\/wp\/v2\/product\/54814","targetHints":{"allow":["GET"]}}],"collection":[{"href":"https:\/\/agrozone.ee\/en\/wp-json\/wp\/v2\/product"}],"about":[{"href":"https:\/\/agrozone.ee\/en\/wp-json\/wp\/v2\/types\/product"}],"wp:featuredmedia":[{"embeddable":true,"href":"https:\/\/agrozone.ee\/en\/wp-json\/wp\/v2\/media\/54921"}],"wp:attachment":[{"href":"https:\/\/agrozone.ee\/en\/wp-json\/wp\/v2\/media?parent=54814"}],"wp:term":[{"taxonomy":"product_brand","embeddable":true,"href":"https:\/\/agrozone.ee\/en\/wp-json\/wp\/v2\/product_brand?post=54814"},{"taxonomy":"product_cat","embeddable":true,"href":"https:\/\/agrozone.ee\/en\/wp-json\/wp\/v2\/product_cat?post=54814"},{"taxonomy":"product_tag","embeddable":true,"href":"https:\/\/agrozone.ee\/en\/wp-json\/wp\/v2\/product_tag?post=54814"}],"curies":[{"name":"wp","href":"https:\/\/api.w.org\/{rel}","templated":true}]}}