{"id":57153,"date":"2026-03-12T10:10:55","date_gmt":"2026-03-12T08:10:55","guid":{"rendered":"https:\/\/agrozone.ee\/?post_type=product&#038;p=57153"},"modified":"2026-03-30T22:48:16","modified_gmt":"2026-03-30T20:48:16","slug":"26-osaline-roostevabast-terasest-grillitarvikute-komplekt-kohvris","status":"publish","type":"product","link":"https:\/\/agrozone.ee\/en\/product\/26-osaline-roostevabast-terasest-grillitarvikute-komplekt-kohvris\/","title":{"rendered":"26-osaline Roostevabast Terasest Grillitarvikute Komplekt Kohvris"},"content":{"rendered":"<h2 data-path-to-node=\"9\">26-osaline Roostevabast Terasest Grillitarvikute Komplekt Kohvris KAMINER<\/h2>\n<p data-path-to-node=\"10\">Kas oled v\u00e4sinud sellest, et vahetult enne grillimist on tangid kadunud ja \u00f5iget spaatlit pole kuskilt leida? See esinduslik ja \u00fclimalt praktiline <b data-path-to-node=\"10\" data-index-in-node=\"147\">KAMINER 26-osaline grillitarvikute komplekt<\/b> lahendab selle probleemi igaveseks! K\u00f5ik grillimiseks ja serveerimiseks vajalikud t\u00f6\u00f6riistad on turvaliselt paigutatud tugevasse alumiiniumkohvrisse. Haara lihtsalt kohver ja oledki valmis meeleolukaks grillipeoks aias, suvilas v\u00f5i matkal.<\/p>\n<p data-path-to-node=\"11\"><b data-path-to-node=\"11\" data-index-in-node=\"0\">Miks valida KAMINER grillitarvikute komplekt?<\/b><\/p>\n<ul data-path-to-node=\"12\">\n<li>\n<p data-path-to-node=\"12,0,0\"><b data-path-to-node=\"12,0,0\" data-index-in-node=\"0\">K\u00f5ik vajalik \u00fches kohas (26 osa):<\/b><span class=\"citation-22 citation-end-22\"> Komplektis on absoluutselt k\u00f5ik, mida vajad liha, k\u00f6\u00f6giviljade ja muude h\u00f5rgutiste valmistamiseks \u2013 alates tangidest ja spaatlist kuni maisihoidikute ja praenugadeni.<\/span><\/p>\n<\/li>\n<li>\n<p data-path-to-node=\"12,1,0\"><b data-path-to-node=\"12,1,0\" data-index-in-node=\"0\">Kvaliteetne roostevaba teras:<\/b> T\u00f6\u00f6riistad ja s\u00f6\u00f6giriistad on valmistatud vastupidavast roostevabast terasest, mis tagab pika eluea, ei karda kuumust ning on p\u00e4rast kasutamist h\u00f5lpsasti puhastatav.<\/p>\n<\/li>\n<li>\n<p data-path-to-node=\"12,2,0\"><b data-path-to-node=\"12,2,0\" data-index-in-node=\"0\">T\u00e4iuslik kord ja organiseeritus:<\/b> Igal tarvikul on kohvris oma kindel koht ja painduv kinnitus. Nii p\u00fcsivad asjad paigal ka transportimisel ja leiad vajaliku t\u00f6\u00f6riista grillimise k\u00e4igus sekundiga.<\/p>\n<\/li>\n<li>\n<p data-path-to-node=\"12,3,0\"><b data-path-to-node=\"12,3,0\" data-index-in-node=\"0\">Praktilised lisad:<\/b> Unusta k\u00f6\u00f6gi vahet jooksmine! Komplektis on kaasas isegi maitseainetopsid liha maitsestamiseks otse grilli \u00e4\u00e4res ja mugav traathari resti kiireks puhastamiseks.<\/p>\n<\/li>\n<li>\n<p data-path-to-node=\"12,4,0\"><b data-path-to-node=\"12,4,0\" data-index-in-node=\"0\">Ohutu ja sertifitseeritud:<\/b> Tootel on LFGB toiduohutuse sertifikaat, mis tagab meelerahu toidu valmistamisel \u2013 materjalid on kokkupuutel toiduga 100% ohutud.<\/p>\n<\/li>\n<\/ul>\n<p data-path-to-node=\"13\"><b data-path-to-node=\"13\" data-index-in-node=\"0\">Tehnilised andmed:<\/b><\/p>\n<ul data-path-to-node=\"14\">\n<li>\n<p data-path-to-node=\"14,0,0\"><b data-path-to-node=\"14,0,0\" data-index-in-node=\"0\">Otstarve:<\/b> Gaasi- ja s\u00f6egrilli tarvikud<\/p>\n<\/li>\n<li>\n<p data-path-to-node=\"14,1,0\"><b data-path-to-node=\"14,1,0\" data-index-in-node=\"0\">Elementide arv:<\/b> 26 tk<\/p>\n<\/li>\n<li>\n<p data-path-to-node=\"14,2,0\"><b data-path-to-node=\"14,2,0\" data-index-in-node=\"0\">Materjal:<\/b> Roostevaba teras, silikoon (pintsel), PP-plastik (maitseainetopsid)<\/p>\n<\/li>\n<li>\n<p data-path-to-node=\"14,3,0\"><b data-path-to-node=\"14,3,0\" data-index-in-node=\"0\">Hoiustamine:<\/b> Tugevdatud alumiiniumist kohver<\/p>\n<\/li>\n<li>\n<p data-path-to-node=\"14,4,0\"><b data-path-to-node=\"14,4,0\" data-index-in-node=\"0\">Kohvri m\u00f5\u00f5dud:<\/b> 43 x 27 x 8 cm<\/p>\n<\/li>\n<li>\n<p data-path-to-node=\"14,5,0\"><b data-path-to-node=\"14,5,0\" data-index-in-node=\"0\">Komplekti kaal:<\/b> 3 kg<\/p>\n<\/li>\n<li>\n<p data-path-to-node=\"14,6,0\"><b data-path-to-node=\"14,6,0\" data-index-in-node=\"0\">Sertifikaat:<\/b> LFGB (toiduga kokkupuuteks lubatud)<\/p>\n<\/li>\n<\/ul>\n<p data-path-to-node=\"15\"><b data-path-to-node=\"15\" data-index-in-node=\"0\">Komplekti sisu ja m\u00f5\u00f5dud:<\/b><\/p>\n<ul data-path-to-node=\"16\">\n<li>\n<p data-path-to-node=\"16,0,0\">1x Alumiiniumkohver<\/p>\n<\/li>\n<li>\n<p data-path-to-node=\"16,1,0\">1x Spaatel (40,5 x 9 cm)<\/p>\n<\/li>\n<li>\n<p data-path-to-node=\"16,2,0\">1x Tangid (41 x 5 cm)<\/p>\n<\/li>\n<li>\n<p data-path-to-node=\"16,3,0\">1x Suur nuga (41 x 3 cm)<\/p>\n<\/li>\n<li>\n<p data-path-to-node=\"16,4,0\">1x Grillikahvel (41,5 x 2,6 cm)<\/p>\n<\/li>\n<li>\n<p data-path-to-node=\"16,5,0\">1x Silikoonist pintsel marinaadile<\/p>\n<\/li>\n<li>\n<p data-path-to-node=\"16,6,0\">1x Traathari grilli puhastamiseks (39,5 x 6.5 cm)<\/p>\n<\/li>\n<li>\n<p data-path-to-node=\"16,7,0\">4x Praenoad (24 x 1,6 cm)<\/p>\n<\/li>\n<li>\n<p data-path-to-node=\"16,8,0\">4x Praekahvlid (23 x 1,7 cm)<\/p>\n<\/li>\n<li>\n<p data-path-to-node=\"16,9,0\">4x \u0160a\u0161l\u00f5kivardad (40,7 x 2,2 cm)<\/p>\n<\/li>\n<li>\n<p data-path-to-node=\"16,10,0\">6x Maisit\u00f5lviku hoidikud (6,5 x 1,2 cm)<\/p>\n<\/li>\n<li>\n<p data-path-to-node=\"16,11,0\">2x Maitseainetopsid<\/p>\n<\/li>\n<\/ul>\n<blockquote data-path-to-node=\"17\">\n<p data-path-to-node=\"17,0\"><b data-path-to-node=\"17,0\" data-index-in-node=\"0\">Ohutusjuhised ja hooldus:<\/b> Hoia grillitarvikud lastele ja lemmikloomadele k\u00e4ttesaamatus kohas (noad, kahvlid ja vardad on teravad!). T\u00f6\u00f6riistad v\u00f5ivad grillil kuumeneda, mist\u00f5ttu hoia kinni ainult k\u00e4epidemetest ja \u00e4ra j\u00e4ta tarvikuid pikemaks ajaks grilli servale v\u00f5i restile vedelema. Traatharja on k\u00f5ige efektiivsem kasutada veel soojal grillrestil. Vigastatud t\u00f6\u00f6riistu \u00e4ra kasuta.<\/p>\n<\/blockquote>\n","protected":false},"excerpt":{"rendered":"<p>26-osaline Roostevabast Terasest Grillitarvikute Komplekt Kohvris KAMINER Kas oled v\u00e4sinud sellest, et vahetult enne grillimist on tangid kadunud ja \u00f5iget spaatlit pole kuskilt leida? See esinduslik ja \u00fclimalt praktiline KAMINER 26-osaline grillitarvikute komplekt lahendab selle probleemi igaveseks! K\u00f5ik grillimiseks ja serveerimiseks vajalikud t\u00f6\u00f6riistad on turvaliselt paigutatud tugevasse alumiiniumkohvrisse. Haara lihtsalt kohver ja oledki valmis meeleolukaks [&hellip;]<\/p>\n","protected":false},"featured_media":57156,"template":"","meta":{"_acf_changed":false,"_seopress_robots_primary_cat":"none","_seopress_titles_title":"26-osaline Grillitarvikute Komplekt Kohvris KAMINER | Agrozone","_seopress_titles_desc":"V\u00e4sinud grilliriistade otsimisest? 26-osaline esinduslik KAMINER roostevabast terasest grillitarvikute komplekt tugevas alumiiniumkohvris. Telli kohe!","_seopress_robots_index":"","_gspb_post_css":""},"product_brand":[3067],"product_cat":[3063,15],"product_tag":[],"class_list":{"0":"post-57153","1":"product","2":"type-product","3":"status-publish","4":"has-post-thumbnail","6":"product_brand-kaminer","7":"product_cat-grillimine-grillid-ja-tarvikud","8":"product_cat-koik-kategooriad","10":"first","11":"instock","12":"taxable","13":"shipping-taxable","14":"purchasable","15":"product-type-simple"},"ct_brands":[{"id":3067,"name":"KAMINER","slug":"kaminer"}],"acf":[],"_links":{"self":[{"href":"https:\/\/agrozone.ee\/en\/wp-json\/wp\/v2\/product\/57153","targetHints":{"allow":["GET"]}}],"collection":[{"href":"https:\/\/agrozone.ee\/en\/wp-json\/wp\/v2\/product"}],"about":[{"href":"https:\/\/agrozone.ee\/en\/wp-json\/wp\/v2\/types\/product"}],"wp:featuredmedia":[{"embeddable":true,"href":"https:\/\/agrozone.ee\/en\/wp-json\/wp\/v2\/media\/57156"}],"wp:attachment":[{"href":"https:\/\/agrozone.ee\/en\/wp-json\/wp\/v2\/media?parent=57153"}],"wp:term":[{"taxonomy":"product_brand","embeddable":true,"href":"https:\/\/agrozone.ee\/en\/wp-json\/wp\/v2\/product_brand?post=57153"},{"taxonomy":"product_cat","embeddable":true,"href":"https:\/\/agrozone.ee\/en\/wp-json\/wp\/v2\/product_cat?post=57153"},{"taxonomy":"product_tag","embeddable":true,"href":"https:\/\/agrozone.ee\/en\/wp-json\/wp\/v2\/product_tag?post=57153"}],"curies":[{"name":"wp","href":"https:\/\/api.w.org\/{rel}","templated":true}]}}