{"id":5772,"date":"2024-06-27T14:41:34","date_gmt":"2024-06-27T11:41:34","guid":{"rendered":"https:\/\/agrozone.ee\/?post_type=product&#038;p=5772"},"modified":"2025-10-19T17:41:56","modified_gmt":"2025-10-19T15:41:56","slug":"schultz-maasika-viljapoosaste-ja-viljapuude-vaetis-350g","status":"publish","type":"product","link":"https:\/\/agrozone.ee\/en\/product\/schultz-maasika-viljapoosaste-ja-viljapuude-vaetis-350g\/","title":{"rendered":"SCHULTZ Maasika &#8211; Viljap\u00f5\u00f5saste ja Viljapuude V\u00e4etis 350g"},"content":{"rendered":"<p><strong>SCHULTZ Maasika &#8211; Viljap\u00f5\u00f5saste ja Viljapuude V\u00e4etis 350g<\/strong><\/p>\n<ul>\n<li>NPK 15-7-32 + 3MgO<\/li>\n<li>H\u00e4sti tasakaalustatud, t\u00e4is olulisi toitaineid SCHULTZ GARDEN v\u00e4etis annab usaldusv\u00e4\u00e4rseid tulemusi k\u00f5ikidele marjadele ja marjapuudele: maasikad, vaarikad, murakad, s\u00f5strad, karusmarjad, j\u00f5hvikad, p\u00f5ldmarjad ja viljapuudele: \u00f5unapuud, pirnid, ploomid, kirsid, virsikud, aprikoosipuud.<\/li>\n<li>Tagab n\u00f5uetekohase \u00f5itsemise ja marjade\/viljade saamise, parandab marjade\/viljade v\u00e4rvi ja maitset.<\/li>\n<li>Stimuleerib taimede arengut &#8211; taimed muutuvad tugevamaks, saak on maitsev ja hea v\u00e4ljan\u00e4gemisega.<\/li>\n<li>Sisaldab \u00f5iges tasakaalus toitaineid, et tagada terve saak ja kindlad magusad viljad.<\/li>\n<\/ul>\n<p><strong>Koostis:<\/strong> \u00dcldl\u00e4mmastik (N) vees lahustuv 15,01%, sellest nitraatl\u00e4mmastik (NO3-N) 8,1%, karbamiidl\u00e4mmastik (Ureas-N) 7,0% fosforpentoksiid (P2O5) vees lahustuv 6,9% kaaliumoksiid (K2O) vees lahustuv 32,0% magneesiumoksiid (MgO) 3,1% vees lahustuv sulfaat (SO3) 6. 382%, vees lahustuv v\u00e4\u00e4vel (S) 2,55%, vees lahustuv naatrium (Na) 0,218% vees lahustuv boor (B) 0,022% vees lahustuv vask (Cu-EDTA) 0,010% vees lahustuv raud (Fe-EDTA) 0,175% vees lahustuv mangaan (Mn-EDTA) 0,06% vees lahustuv mol\u00fcbdeen (Mo) 0,0051% vees lahustuv tsink (Zn-EDTA) 0,075%.<\/p>\n<p><strong>KASUTAMINE<\/strong><\/p>\n<ul>\n<li>Seest leiate m\u00f5\u00f5telusika (vastab 1 supilusikale).<\/li>\n<li>MAASIKAISTUKELE: 10 liitrit vett &#8211; 1\/3 tl v\u00e4etist.<\/li>\n<li>MARJADELE, VILJAP\u00d5SASTELE JA VILJAPUUDELE: 1 tl v\u00e4etist 10 liitri vee kohta.<\/li>\n<li>Pulber lahustatakse vees.<\/li>\n<li>Valmistatud lahusega kastetakse taimi.<\/li>\n<li>Saab kasutada aastaringselt.<\/li>\n<li>V\u00e4etada iga 7-14 p\u00e4eva j\u00e4rel.<\/li>\n<li>V\u00e4etise konsistentsi, v\u00e4rvi v\u00f5i kuju muutus ei v\u00e4henda efektiivsust!<\/li>\n<li>E\u00dc V\u00c4ETISED. B.1.1 &#8211; NPK v\u00e4etised.<\/li>\n<li>Sisaldab mikroelemente.<\/li>\n<\/ul>\n","protected":false},"excerpt":{"rendered":"<ul>\n<li>NPK 15-7-32 + 3MgO<\/li>\n<li>H\u00e4sti tasakaalustatud, t\u00e4is olulisi toitaineid SCHULTZ GARDEN v\u00e4etis annab usaldusv\u00e4\u00e4rseid tulemusi k\u00f5ikidele marjadele ja marjapuudele: maasikad, vaarikad, murakad, s\u00f5strad, karusmarjad, j\u00f5hvikad, p\u00f5ldmarjad ja viljapuudele: \u00f5unapuud, pirnid, ploomid, kirsid, virsikud, aprikoosipuud.<\/li>\n<li>Tagab n\u00f5uetekohase \u00f5itsemise ja marjade\/viljade saamise, parandab marjade\/viljade v\u00e4rvi ja maitset.<\/li>\n<li>Stimuleerib taimede arengut &#8211; taimed muutuvad tugevamaks, saak on maitsev ja hea v\u00e4ljan\u00e4gemisega.<\/li>\n<li>Sisaldab \u00f5iges tasakaalus toitaineid, et tagada terve saak ja kindlad magusad viljad.<\/li>\n<\/ul>\n","protected":false},"featured_media":5777,"template":"","meta":{"_acf_changed":false,"_seopress_robots_primary_cat":"none","_seopress_titles_title":"SCHULTZ Maasika - Viljap\u00f5\u00f5saste ja Viljapuude V\u00e4etis 350g","_seopress_titles_desc":"SCHULTZ Maasika - Viljap\u00f5\u00f5saste ja Viljapuude V\u00e4etis. Tagab n\u00f5uetekohase \u00f5itsemise ja marjade\/viljade saamise, parandab marjade\/viljade v\u00e4rvi ja maitset.","_seopress_robots_index":"","_gspb_post_css":""},"product_brand":[],"product_cat":[81,15,68],"product_tag":[],"class_list":{"0":"post-5772","1":"product","2":"type-product","3":"status-publish","4":"has-post-thumbnail","6":"product_cat-kastmisvaetis","7":"product_cat-koik-kategooriad","8":"product_cat-vaetised","10":"first","11":"instock","12":"sale","13":"taxable","14":"shipping-taxable","15":"purchasable","16":"product-type-simple"},"ct_brands":[],"acf":[],"_links":{"self":[{"href":"https:\/\/agrozone.ee\/en\/wp-json\/wp\/v2\/product\/5772","targetHints":{"allow":["GET"]}}],"collection":[{"href":"https:\/\/agrozone.ee\/en\/wp-json\/wp\/v2\/product"}],"about":[{"href":"https:\/\/agrozone.ee\/en\/wp-json\/wp\/v2\/types\/product"}],"wp:featuredmedia":[{"embeddable":true,"href":"https:\/\/agrozone.ee\/en\/wp-json\/wp\/v2\/media\/5777"}],"wp:attachment":[{"href":"https:\/\/agrozone.ee\/en\/wp-json\/wp\/v2\/media?parent=5772"}],"wp:term":[{"taxonomy":"product_brand","embeddable":true,"href":"https:\/\/agrozone.ee\/en\/wp-json\/wp\/v2\/product_brand?post=5772"},{"taxonomy":"product_cat","embeddable":true,"href":"https:\/\/agrozone.ee\/en\/wp-json\/wp\/v2\/product_cat?post=5772"},{"taxonomy":"product_tag","embeddable":true,"href":"https:\/\/agrozone.ee\/en\/wp-json\/wp\/v2\/product_tag?post=5772"}],"curies":[{"name":"wp","href":"https:\/\/api.w.org\/{rel}","templated":true}]}}