{"id":5778,"date":"2024-06-27T14:43:51","date_gmt":"2024-06-27T11:43:51","guid":{"rendered":"https:\/\/agrozone.ee\/?post_type=product&#038;p=5778"},"modified":"2026-03-20T20:39:10","modified_gmt":"2026-03-20T18:39:10","slug":"schultz-oitsvate-taimede-kastmisvaetis-350g","status":"publish","type":"product","link":"https:\/\/agrozone.ee\/en\/product\/schultz-oitsvate-taimede-kastmisvaetis-350g\/","title":{"rendered":"SCHULTZ \u00d5itsvate Taimede Kastmisv\u00e4etis 350g"},"content":{"rendered":"<p><strong>SCHULTZ \u00d5itsvate Taimede Kastmisv\u00e4etis 350g<\/strong><\/p>\n<ul>\n<li>H\u00e4sti tasakaalustatud NPK v\u00e4etis 8:12:35+5MgO on k\u00f5rge kaaliumisisaldusega kontsentraat, mis on m\u00f5eldud kiireks \u00f5itsemiseks, rikkalikumate v\u00e4rvide saamiseks ja k\u00f5igi \u00f5itsvate ja viljakandvate taimede j\u00f5ulise kasvu soodustamiseks.<\/li>\n<li>Loodusena toidab taimi iga vihma korral, lahustades toitaineid ja jagades neid k\u00f5igile taimedele teie \u00f5ues ja aias.<\/li>\n<li>Sama saate teha iga kord, kui kastate, toites SCHULTZ GARDENi \u00f5itsemistoiduga.<\/li>\n<li>K\u00f5igile \u00f5itsvatele ja viljelevatele taimedele.<\/li>\n<\/ul>\n<p><strong>Koostis:<\/strong> \u00dcldl\u00e4mmastik (N) vees lahustuv 7,6%, sellest nitraatl\u00e4mmastik (NO3-N) 7,6% fosforpentoksiid (P2O5) vees lahustuv 11,9% kaaliumoksiid (K2O) vees lahustuv 35,2% magneesiumoksiid (MgO) 4,7% vees lahustuv sulfaat (SO3) 10,81%, vees lahustuv v\u00e4\u00e4vel (S) 4. 32%, vees lahustuv naatrium (Na) 0,157% vees lahustuv boor (B) 0,021% vees lahustuv vask (Cu-EDTA) 0,016% vees lahustuv raud (Fe-EDTA) 0,159% vees lahustuv mangaan (Mn-EDTA) 0,086% vees lahustuv mol\u00fcbdeen (Mo) 0,0012% vees lahustuv tsink (Zn-EDTA) 0,07%.<\/p>\n<p><strong>KASUTAMINE<\/strong><\/p>\n<ul>\n<li>Seest leiate m\u00f5\u00f5telusika (vastab 1 supilusikale).<\/li>\n<li>TOATAIMED, V\u00c4LISED POTITAIMED: 1 m\u00f5\u00f5telusikas 3 liitri vee kohta.<\/li>\n<li>\u00d5UES \u00d5ITSEVAD TAIMED, PUUD JA P\u00d5\u00d5SAD: 1 m\u00f5\u00f5telusikas 1 liitri vee kohta.<\/li>\n<li>Lihtsalt lisage sobiv kogus v\u00e4etist purki, lisage vett, segage k\u00f5ik kokku ja kandke see taimede juurestikku.<\/li>\n<li>V\u00f5ib kasutada kogu hooaja jooksul.<\/li>\n<li>Toita iga 7-14 p\u00e4eva tagant.<\/li>\n<li>Kui taimed kasvavad aktiivselt, v\u00f5ib v\u00e4etisi kasutada iga kastmisega.<\/li>\n<li>V\u00e4rvi ja vormi erinevused ei muuda t\u00f5husust.<\/li>\n<\/ul>\n","protected":false},"excerpt":{"rendered":"<ul>\n<li>H\u00e4sti tasakaalustatud NPK v\u00e4etis 8:12:35+5MgO on k\u00f5rge kaaliumisisaldusega kontsentraat, mis on m\u00f5eldud kiireks \u00f5itsemiseks, rikkalikumate v\u00e4rvide saamiseks ja k\u00f5igi \u00f5itsvate ja viljakandvate taimede j\u00f5ulise kasvu soodustamiseks.<\/li>\n<li>Loodusena toidab taimi iga vihma korral, lahustades toitaineid ja jagades neid k\u00f5igile taimedele teie \u00f5ues ja aias.<\/li>\n<li>Sama saate teha iga kord, kui kastate, toites SCHULTZ GARDENi \u00f5itsemistoiduga.<\/li>\n<li>K\u00f5igile \u00f5itsvatele ja viljelevatele taimedele.<\/li>\n<\/ul>\n","protected":false},"featured_media":5781,"template":"","meta":{"_acf_changed":false,"_seopress_robots_primary_cat":"none","_seopress_titles_title":"SCHULTZ \u00d5itsvate Taimede Kastmisv\u00e4etis 350g","_seopress_titles_desc":"SCHULTZ \u00d5itsvate Taimede Kastmisv\u00e4etis 350 g - H\u00e4sti tasakaalustatud NPK v\u00e4etis 8:12:35+5MgO on k\u00f5rge kaaliumisisaldusega.","_seopress_robots_index":"","_gspb_post_css":""},"product_brand":[],"product_cat":[81,15,68],"product_tag":[],"class_list":{"0":"post-5778","1":"product","2":"type-product","3":"status-publish","4":"has-post-thumbnail","6":"product_cat-kastmisvaetis","7":"product_cat-koik-kategooriad","8":"product_cat-vaetised","10":"first","11":"instock","12":"sale","13":"taxable","14":"shipping-taxable","15":"purchasable","16":"product-type-simple"},"ct_brands":[],"acf":[],"_links":{"self":[{"href":"https:\/\/agrozone.ee\/en\/wp-json\/wp\/v2\/product\/5778","targetHints":{"allow":["GET"]}}],"collection":[{"href":"https:\/\/agrozone.ee\/en\/wp-json\/wp\/v2\/product"}],"about":[{"href":"https:\/\/agrozone.ee\/en\/wp-json\/wp\/v2\/types\/product"}],"wp:featuredmedia":[{"embeddable":true,"href":"https:\/\/agrozone.ee\/en\/wp-json\/wp\/v2\/media\/5781"}],"wp:attachment":[{"href":"https:\/\/agrozone.ee\/en\/wp-json\/wp\/v2\/media?parent=5778"}],"wp:term":[{"taxonomy":"product_brand","embeddable":true,"href":"https:\/\/agrozone.ee\/en\/wp-json\/wp\/v2\/product_brand?post=5778"},{"taxonomy":"product_cat","embeddable":true,"href":"https:\/\/agrozone.ee\/en\/wp-json\/wp\/v2\/product_cat?post=5778"},{"taxonomy":"product_tag","embeddable":true,"href":"https:\/\/agrozone.ee\/en\/wp-json\/wp\/v2\/product_tag?post=5778"}],"curies":[{"name":"wp","href":"https:\/\/api.w.org\/{rel}","templated":true}]}}