{"id":5782,"date":"2024-06-27T14:45:43","date_gmt":"2024-06-27T11:45:43","guid":{"rendered":"https:\/\/agrozone.ee\/?post_type=product&#038;p=5782"},"modified":"2025-06-09T07:11:26","modified_gmt":"2025-06-09T05:11:26","slug":"universaalne-lahustuv-lisavaetis-150g","status":"publish","type":"product","link":"https:\/\/agrozone.ee\/en\/product\/universaalne-lahustuv-lisavaetis-150g\/","title":{"rendered":"Universaalne Lahustuv Lisav\u00e4etis 150g"},"content":{"rendered":"<p><strong>Universaalne Lahustuv Lisav\u00e4etis 150g<\/strong><\/p>\n<ul>\n<li>NPK (Mg) 14-11-25 (+4)+(B, Cu, Fe, Mn, Mo, Zn)<\/li>\n<li>Kompleksv\u00e4etis k\u00f5ikide taimede t\u00e4iendavaks v\u00e4etamiseks.<\/li>\n<li>Lahustada v\u00e4etis vees ja kasutada k\u00fclvi (istutamise), aktiivse kasvu ja \u00f5itsemise ajal.<\/li>\n<li>B.1.1. NPK mineraalv\u00e4etis magneesiumi ja mikroelementidega (boor, vask, raud, mangaan, mol\u00fcbdeen, tsink).<\/li>\n<li>V\u00e4etises sisalduvad toimeained on t\u00e4ielikult vees lahustuvad.<\/li>\n<\/ul>\n<p><strong>Koostis:<\/strong> l\u00e4mmastik (N) &#8211; 14% (ammoniaagil\u00e4mmastik N-NH4 &#8211; 2%, nitraatl\u00e4mmastik N-NO3 &#8211; 7%, karbamiidl\u00e4mmastik N-NH2 &#8211; 5%) vees lahustuv fosforpentoksiid (P2O5) &#8211; 11% vees lahustuv kaaliumoksiid (K2O) &#8211; 25% magneesiumoksiid (MgO) &#8211; 4% boor (B) &#8211; 0, 03% vask (Cu-EDTA) &#8211; 0,01% raud (Fe-EDTA) &#8211; 0,1% mangaan (Mn-EDTA) &#8211; 0,05% mol\u00fcbdeen (Mo) &#8211; 0,003% tsink (Zn-EDTA) &#8211; 0,02%. (EDTA &#8211; kelaaditud mikroelemendid).<\/p>\n<p>&nbsp;<\/p>\n<p><strong>KASUTAMINE <\/strong><\/p>\n<ul>\n<li>Kastmiseks &#8211; 10-30 g\/10 l vett, pritsimiseks &#8211; 20-50 g\/10 l vett.<\/li>\n<li>F\u00fc\u00fcsikaliste muutuste korral ei muutu v\u00e4etiste toitev\u00e4\u00e4rtuslikud omadused.<\/li>\n<li>Kui v\u00e4etist hoitakse kuivana ja kaitstuna otsese p\u00e4ikesevalguse eest, on kasutusaeg piiramatu.<\/li>\n<\/ul>\n<p><strong>NB!<\/strong><\/p>\n<ul>\n<li>Hoida lastele k\u00e4ttesaamatus kohas (P102).<\/li>\n<li>Kaitsta niiskuse ja p\u00e4ikesevalguse eest (P232+P410).<\/li>\n<li>P\u00e4rast k\u00e4sitsemist pesta k\u00e4ed p\u00f5hjalikult seebiga (P264).<\/li>\n<li>\u00c4rge s\u00f6\u00f6ge, jooge ega suitsetage selle toote kasutamise ajal (P270).<\/li>\n<li>Kandke kaitsekindaid\/kaitseriietust\/silmakaitset\/n\u00e4okaitset (P280).<\/li>\n<li><strong>Silmadesse sattumise korral:<\/strong> loputada ettevaatlikult veega mitu minutit eemaldada kontaktl\u00e4\u00e4tsed, kui need on olemas, j\u00e4tkata loputamist, kui silmade \u00e4rritus p\u00fcsib: p\u00f6\u00f6rduda arsti poole\/abi saamiseks (P305+P351+P338+P337+P313).<\/li>\n<li><strong>KUI NAHALE:<\/strong> pesta rohke seebi ja veega (302+352).<\/li>\n<\/ul>\n","protected":false},"excerpt":{"rendered":"<ul>\n<li>NPK (Mg) 14-11-25 (+4)+(B, Cu, Fe, Mn, Mo, Zn)<\/li>\n<li>Kompleksv\u00e4etis k\u00f5ikide taimede t\u00e4iendavaks v\u00e4etamiseks.<\/li>\n<li>Lahustada v\u00e4etis vees ja kasutada k\u00fclvi (istutamise), aktiivse kasvu ja \u00f5itsemise ajal.<\/li>\n<li>B.1.1. NPK mineraalv\u00e4etis magneesiumi ja mikroelementidega (boor, vask, raud, mangaan, mol\u00fcbdeen, tsink).<\/li>\n<li>V\u00e4etises sisalduvad toimeained on t\u00e4ielikult vees lahustuvad.<\/li>\n<\/ul>\n","protected":false},"featured_media":5785,"template":"","meta":{"_acf_changed":false,"_seopress_robots_primary_cat":"","_seopress_titles_title":"Universaalne Lahustuv Lisav\u00e4etis 150g","_seopress_titles_desc":"Universaalne Lahustuv Lisav\u00e4etis 150g - Kompleksv\u00e4etis k\u00f5ikide taimede t\u00e4iendavaks v\u00e4etamiseks. NPK (Mg) 14-11-25 (+4)+(B, Cu, Fe, Mn, Mo, Zn)","_seopress_robots_index":"","_gspb_post_css":""},"product_brand":[],"product_cat":[69,81,15,82,68],"product_tag":[],"class_list":{"0":"post-5782","1":"product","2":"type-product","3":"status-publish","4":"has-post-thumbnail","6":"product_cat-aiavaetised","7":"product_cat-kastmisvaetis","8":"product_cat-koik-kategooriad","9":"product_cat-toataimede-vaetised","10":"product_cat-vaetised","12":"first","13":"instock","14":"featured","15":"taxable","16":"shipping-taxable","17":"purchasable","18":"product-type-simple"},"ct_brands":[],"acf":[],"_links":{"self":[{"href":"https:\/\/agrozone.ee\/en\/wp-json\/wp\/v2\/product\/5782","targetHints":{"allow":["GET"]}}],"collection":[{"href":"https:\/\/agrozone.ee\/en\/wp-json\/wp\/v2\/product"}],"about":[{"href":"https:\/\/agrozone.ee\/en\/wp-json\/wp\/v2\/types\/product"}],"wp:featuredmedia":[{"embeddable":true,"href":"https:\/\/agrozone.ee\/en\/wp-json\/wp\/v2\/media\/5785"}],"wp:attachment":[{"href":"https:\/\/agrozone.ee\/en\/wp-json\/wp\/v2\/media?parent=5782"}],"wp:term":[{"taxonomy":"product_brand","embeddable":true,"href":"https:\/\/agrozone.ee\/en\/wp-json\/wp\/v2\/product_brand?post=5782"},{"taxonomy":"product_cat","embeddable":true,"href":"https:\/\/agrozone.ee\/en\/wp-json\/wp\/v2\/product_cat?post=5782"},{"taxonomy":"product_tag","embeddable":true,"href":"https:\/\/agrozone.ee\/en\/wp-json\/wp\/v2\/product_tag?post=5782"}],"curies":[{"name":"wp","href":"https:\/\/api.w.org\/{rel}","templated":true}]}}