{"id":5786,"date":"2024-06-27T14:47:50","date_gmt":"2024-06-27T11:47:50","guid":{"rendered":"https:\/\/agrozone.ee\/?post_type=product&#038;p=5786"},"modified":"2025-07-11T13:00:19","modified_gmt":"2025-07-11T11:00:19","slug":"schultz-universaalvaetis-350g","status":"publish","type":"product","link":"https:\/\/agrozone.ee\/en\/product\/schultz-universaalvaetis-350g\/","title":{"rendered":"SCHULTZ Universaalv\u00e4etis 350g"},"content":{"rendered":"<p><strong>SCHULTZ Universaalv\u00e4etis 350g<\/strong><\/p>\n<ul>\n<li>Universaalne taimetoit NPK 18-18-18+3MgO<\/li>\n<li>H\u00e4sti tasakaalustatud, t\u00e4is olulisi toitaineid sisaldav SCHULTZ GARDEN v\u00e4etis, mis annab usaldusv\u00e4\u00e4rseid tulemusi k\u00f5ikidele sise- ja v\u00e4litaimedele.<\/li>\n<li>\u00dcldiseks kasutamiseks, et s\u00e4ilitada taimede toitainete tase, soodustada tervislikku kasvu ja head v\u00e4rvi, soodustada taimede stabiilset rajamist ning kasvada suuremaks ja ilusamaks.<\/li>\n<li>K\u00f5igile lilledele, toataimedele, roosidele, k\u00f6\u00f6giviljadele, puudele ja p\u00f5\u00f5sastele.<\/li>\n<\/ul>\n<p><strong>Koostis:<\/strong> \u00dcldl\u00e4mmastik (N) vees lahustuv 18,0%, sellest nitraatl\u00e4mmastik (NO3-N) 5,3%, ammoniaagil\u00e4mmastik (NH4-N) 3,5%, karbamiidl\u00e4mmastik (Ureas-N) 9,2% fosforpentoksiid (P2O5) vees lahustuv 18,0% kaaliumoksiid (K2O) vees lahustuv 18,0% magneesiumoksiid (MgO) 3,1% vees lahustuv sulfaat (SO3) 6. 382%, vees lahustuv v\u00e4\u00e4vel (S) 2,55%, vees lahustuv naatrium (Na) 0,160% vees lahustuv boor (B) 0,025% vees lahustuv vask (Cu-EDTA) 0,010% vees lahustuv raud (Fe-EDTA) 0,175% vees lahustuv mangaan (Mn-EDTA) 0,06% vees lahustuv mol\u00fcbdeen (Mo) 0,0051% vees lahustuv tsink (Zn-EDTA) 0,002%.<\/p>\n<p><strong>KASUTAMINE<\/strong><\/p>\n<ul>\n<li>Seest leiate m\u00f5\u00f5telusika (vastab 1 supilusikale).<\/li>\n<li>TOATAIMED: 1 m\u00f5\u00f5telusikas 3 liitri vee kohta.<\/li>\n<li>\u00d5UETAIMED, PUUD JA P\u00d5\u00d5SAD: 1 m\u00f5\u00f5telusikas 1 liitri vee kohta.<\/li>\n<li>Lihtsalt lisage sobiv kogus v\u00e4etist purki, lisage vett, segage k\u00f5ik kokku ja kandke see lahus taimede juurestikule.<\/li>\n<li>V\u00f5ib kasutada kogu hooaja jooksul.<\/li>\n<li>Toita iga 7-14 p\u00e4eva tagant.<\/li>\n<li>Kui taimed kasvavad aktiivselt, v\u00f5ib v\u00e4etisi kasutada iga kastmisega.<\/li>\n<li>V\u00e4rvi ja vormi erinevused ei muuda t\u00f5husust.<\/li>\n<\/ul>\n","protected":false},"excerpt":{"rendered":"<ul>\n<li>Universaalne taimetoit NPK 18-18-18+3MgO<\/li>\n<li>H\u00e4sti tasakaalustatud, t\u00e4is olulisi toitaineid sisaldav SCHULTZ GARDEN v\u00e4etis, mis annab usaldusv\u00e4\u00e4rseid tulemusi k\u00f5ikidele sise- ja v\u00e4litaimedele.<\/li>\n<li>\u00dcldiseks kasutamiseks, et s\u00e4ilitada taimede toitainete tase, soodustada tervislikku kasvu ja head v\u00e4rvi, soodustada taimede stabiilset rajamist ning kasvada suuremaks ja ilusamaks.<\/li>\n<li>K\u00f5igile lilledele, toataimedele, roosidele, k\u00f6\u00f6giviljadele, puudele ja p\u00f5\u00f5sastele.<\/li>\n<\/ul>\n","protected":false},"featured_media":5789,"template":"","meta":{"_acf_changed":false,"_seopress_robots_primary_cat":"none","_seopress_titles_title":"SCHULTZ Universaalv\u00e4etis 350g","_seopress_titles_desc":"SCHULTZ Universaalv\u00e4etis 350g - NPK 18-18-18+3MgO. \u00dcldiseks kasutamiseks, et s\u00e4ilitada taimede toitainete tase, soodustada tervislikku kasvu ja head v\u00e4rvi.","_seopress_robots_index":"","_gspb_post_css":""},"product_brand":[],"product_cat":[69,81,15,82,68],"product_tag":[],"class_list":{"0":"post-5786","1":"product","2":"type-product","3":"status-publish","4":"has-post-thumbnail","6":"product_cat-aiavaetised","7":"product_cat-kastmisvaetis","8":"product_cat-koik-kategooriad","9":"product_cat-toataimede-vaetised","10":"product_cat-vaetised","12":"first","13":"instock","14":"sale","15":"taxable","16":"shipping-taxable","17":"purchasable","18":"product-type-simple"},"ct_brands":[],"acf":[],"_links":{"self":[{"href":"https:\/\/agrozone.ee\/en\/wp-json\/wp\/v2\/product\/5786","targetHints":{"allow":["GET"]}}],"collection":[{"href":"https:\/\/agrozone.ee\/en\/wp-json\/wp\/v2\/product"}],"about":[{"href":"https:\/\/agrozone.ee\/en\/wp-json\/wp\/v2\/types\/product"}],"wp:featuredmedia":[{"embeddable":true,"href":"https:\/\/agrozone.ee\/en\/wp-json\/wp\/v2\/media\/5789"}],"wp:attachment":[{"href":"https:\/\/agrozone.ee\/en\/wp-json\/wp\/v2\/media?parent=5786"}],"wp:term":[{"taxonomy":"product_brand","embeddable":true,"href":"https:\/\/agrozone.ee\/en\/wp-json\/wp\/v2\/product_brand?post=5786"},{"taxonomy":"product_cat","embeddable":true,"href":"https:\/\/agrozone.ee\/en\/wp-json\/wp\/v2\/product_cat?post=5786"},{"taxonomy":"product_tag","embeddable":true,"href":"https:\/\/agrozone.ee\/en\/wp-json\/wp\/v2\/product_tag?post=5786"}],"curies":[{"name":"wp","href":"https:\/\/api.w.org\/{rel}","templated":true}]}}