{"id":5790,"date":"2024-06-27T14:50:26","date_gmt":"2024-06-27T11:50:26","guid":{"rendered":"https:\/\/agrozone.ee\/?post_type=product&#038;p=5790"},"modified":"2025-07-04T19:27:59","modified_gmt":"2025-07-04T17:27:59","slug":"kasiprits-roheline-1-3l","status":"publish","type":"product","link":"https:\/\/agrozone.ee\/en\/product\/kasiprits-roheline-1-3l\/","title":{"rendered":"K\u00e4siprits Roheline 1.3L"},"content":{"rendered":"<p><strong>K\u00e4siprits Roheline 1.3L<\/strong><\/p>\n<ul>\n<li>Roheline k\u00e4sitsi kasutatav plastist pihusti, mille mahutavus on 1,3 liitrit, on praktiline ja mugav vahend erinevate vedelike pihustamiseks.<\/li>\n<li>Pihusti on valmistatud vastupidavast plastikust, mis tagab pikaajalise kasutuse ja lihtsa hooldamise.<\/li>\n<li>Selle ergonoomiline disain tagab mugava k\u00e4epideme, mis v\u00f5imaldab pikema aja v\u00e4ltel kasutamist ilma k\u00e4si v\u00e4sitamata.<\/li>\n<li>1,3 liitri mahutavus teeb sellest sobiva vahendi nii kodumajapidamises kui ka aianduses, v\u00f5imaldades h\u00f5lpsalt pihustada vett, puhastusvahendeid v\u00f5i taimekaitsevahendeid.<\/li>\n<li>Roheline v\u00e4rvus annab pihustile meeldiva ja loodusl\u00e4hedase ilme.<\/li>\n<\/ul>\n","protected":false},"excerpt":{"rendered":"<ul>\n<li>Roheline k\u00e4sitsi kasutatav plastist pihusti, mille mahutavus on 1,3 liitrit, on praktiline ja mugav vahend erinevate vedelike pihustamiseks.<\/li>\n<li>Pihusti on valmistatud vastupidavast plastikust, mis tagab pikaajalise kasutuse ja lihtsa hooldamise.<\/li>\n<li>Selle ergonoomiline disain tagab mugava k\u00e4epideme, mis v\u00f5imaldab pikema aja v\u00e4ltel kasutamist ilma k\u00e4si v\u00e4sitamata.<\/li>\n<li>1,3 liitri mahutavus teeb sellest sobiva vahendi nii kodumajapidamises kui ka aianduses, v\u00f5imaldades h\u00f5lpsalt pihustada vett, puhastusvahendeid v\u00f5i taimekaitsevahendeid.<\/li>\n<li>Roheline v\u00e4rvus annab pihustile meeldiva ja loodusl\u00e4hedase ilme.<\/li>\n<\/ul>\n","protected":false},"featured_media":5793,"template":"","meta":{"_acf_changed":false,"_seopress_robots_primary_cat":"none","_seopress_titles_title":"K\u00e4siprits Roheline 1.3L","_seopress_titles_desc":"K\u00e4siprits Roheline - k\u00e4sitsi kasutatav plastist pihusti, mille mahutavus on 1,3 liitrit, on praktiline ja mugav vahend erinevate vedelike pihustamiseks.","_seopress_robots_index":"","_gspb_post_css":""},"product_brand":[],"product_cat":[149,15,162],"product_tag":[],"class_list":{"0":"post-5790","1":"product","2":"type-product","3":"status-publish","4":"has-post-thumbnail","6":"product_cat-aiatarvikud","7":"product_cat-koik-kategooriad","8":"product_cat-pritsid","10":"first","11":"instock","12":"featured","13":"taxable","14":"shipping-taxable","15":"purchasable","16":"product-type-simple"},"ct_brands":[],"acf":[],"_links":{"self":[{"href":"https:\/\/agrozone.ee\/en\/wp-json\/wp\/v2\/product\/5790","targetHints":{"allow":["GET"]}}],"collection":[{"href":"https:\/\/agrozone.ee\/en\/wp-json\/wp\/v2\/product"}],"about":[{"href":"https:\/\/agrozone.ee\/en\/wp-json\/wp\/v2\/types\/product"}],"wp:featuredmedia":[{"embeddable":true,"href":"https:\/\/agrozone.ee\/en\/wp-json\/wp\/v2\/media\/5793"}],"wp:attachment":[{"href":"https:\/\/agrozone.ee\/en\/wp-json\/wp\/v2\/media?parent=5790"}],"wp:term":[{"taxonomy":"product_brand","embeddable":true,"href":"https:\/\/agrozone.ee\/en\/wp-json\/wp\/v2\/product_brand?post=5790"},{"taxonomy":"product_cat","embeddable":true,"href":"https:\/\/agrozone.ee\/en\/wp-json\/wp\/v2\/product_cat?post=5790"},{"taxonomy":"product_tag","embeddable":true,"href":"https:\/\/agrozone.ee\/en\/wp-json\/wp\/v2\/product_tag?post=5790"}],"curies":[{"name":"wp","href":"https:\/\/api.w.org\/{rel}","templated":true}]}}