{"id":41019,"date":"2023-09-03T23:14:48","date_gmt":"2023-09-03T21:14:48","guid":{"rendered":"https:\/\/agrozone.ee\/oma-tili\/"},"modified":"2025-12-29T08:26:35","modified_gmt":"2025-12-29T06:26:35","slug":"oma-tili","status":"publish","type":"page","link":"https:\/\/agrozone.ee\/fi\/oma-tili\/","title":{"rendered":"Oma tili"},"content":{"rendered":"<div class=\"woocommerce ct-woo-unauthorized\"><div class=\"woocommerce-notices-wrapper\"><\/div>\n\n<div class=\"u-columns col2-set\" id=\"customer_login\">\n\n\t<div class=\"u-column1 col-1\">\n\n\n\t\t<h2>Kirjaudu<\/h2>\n\n\t\t<form class=\"woocommerce-form woocommerce-form-login login\" method=\"post\" novalidate>\n\n\t\t\t<div class=\"googlesitekit-sign-in-with-google__frontend-output-button woocommerce-form-row form-row\"><\/div>\n\t\t\t<p class=\"woocommerce-form-row woocommerce-form-row--wide form-row form-row-wide\">\n\t\t\t\t<label for=\"username\">K\u00e4ytt\u00e4j\u00e4tunnus tai s\u00e4hk\u00f6postiosoite&nbsp;<span class=\"required\" aria-hidden=\"true\">*<\/span><span class=\"screen-reader-text\">Vaaditaan<\/span><\/label>\n\t\t\t\t<input type=\"text\" class=\"woocommerce-Input woocommerce-Input--text input-text\" name=\"username\" id=\"username\" autocomplete=\"username\" value=\"\" required aria-required=\"true\" \/>\t\t\t<\/p>\n\t\t\t<p class=\"woocommerce-form-row woocommerce-form-row--wide form-row form-row-wide\">\n\t\t\t\t<label for=\"password\">Salasana&nbsp;<span class=\"required\" aria-hidden=\"true\">*<\/span><span class=\"screen-reader-text\">Vaaditaan<\/span><\/label>\n\t\t\t\t<input class=\"woocommerce-Input woocommerce-Input--text input-text\" type=\"password\" name=\"password\" id=\"password\" autocomplete=\"current-password\" required aria-required=\"true\" \/>\n\t\t\t<\/p>\n\n\t\t\t\n\t\t\t<p class=\"form-row\">\n\t\t\t\t<label class=\"woocommerce-form__label woocommerce-form__label-for-checkbox woocommerce-form-login__rememberme\">\n\t\t\t\t\t<input class=\"woocommerce-form__input woocommerce-form__input-checkbox\" name=\"rememberme\" type=\"checkbox\" id=\"rememberme\" value=\"forever\" \/> <span>Muista minut<\/span>\n\t\t\t\t<\/label>\n\t\t\t\t<input type=\"hidden\" id=\"woocommerce-login-nonce\" name=\"woocommerce-login-nonce\" value=\"0058a8216a\" \/><input type=\"hidden\" name=\"_wp_http_referer\" value=\"\/fi\/wp-json\/wp\/v2\/pages\/41019\" \/>\t\t\t\t<button type=\"submit\" class=\"woocommerce-button button woocommerce-form-login__submit\" name=\"login\" value=\"Kirjaudu sis\u00e4\u00e4n\">Kirjaudu sis\u00e4\u00e4n<\/button>\n\t\t\t<\/p>\n\t\t\t<p class=\"woocommerce-LostPassword lost_password\">\n\t\t\t\t<a href=\"https:\/\/agrozone.ee\/fi\/oma-tili\/kadonnut-salasana\/\">Salasana unohtunut?<\/a>\n\t\t\t<\/p>\n\n\t\t\t\n\t\t<\/form>\n\n\n\t<\/div>\n\n\t<div class=\"u-column2 col-2\">\n\n\t\t<h2>Rekister\u00f6idy<\/h2>\n\n\t\t<form method=\"post\" class=\"woocommerce-form woocommerce-form-register register\"  >\n\n\t\t\t\t\t\t\t <div>\r\n\t\t\t\t <input type=\"hidden\" id=\"awcfe_disabled_fields\" name=\"awcfe_disabled_fields\" value=\"\">\r\n\t\t\t\t <input type=\"hidden\" id=\"awcfe_cart_items\" name=\"awcfe_cart_items\" value=\"\">\r\n\t\t\t\t <input type=\"hidden\" id=\"awcfe_cart_variatns\" name=\"awcfe_cart_variatns\" value=\"\">\r\n\t\t\t\t <input type=\"hidden\" id=\"awcfe_cart_categories\" name=\"awcfe_cart_categories\" value=\"\">\r\n\t\t\t\t <input type=\"hidden\" id=\"awcfe_cart_shipping_class\" name=\"awcfe_cart_shipping_class\" value=\"\">\r\n\t\t\t\t <input type=\"hidden\" id=\"awcfe_amount_subtotal\" name=\"awcfe_amount_subtotal\" value=\"0\">\r\n\t\t\t\t <input type=\"hidden\" id=\"awcfe_amount_total\" name=\"awcfe_amount_total\" value=\"0\">\r\n\t\t\t\t <input type=\"hidden\" id=\"awcfe_role_user\" name=\"awcfe_role_user\" value=\"\">\r\n\t\t\t\t <input type=\"hidden\" id=\"awcfe_cart_weight\" name=\"awcfe_cart_weight\" value=\"0\">\r\n\t\t\t <\/div>\r\n\t\t\t\t\n\t\t\t\n\t\t\t<p class=\"woocommerce-form-row woocommerce-form-row--wide form-row form-row-wide\">\n\t\t\t\t<label for=\"reg_email\">S\u00e4hk\u00f6postiosoite&nbsp;<span class=\"required\" aria-hidden=\"true\">*<\/span><span class=\"screen-reader-text\">Vaaditaan<\/span><\/label>\n\t\t\t\t<input type=\"email\" class=\"woocommerce-Input woocommerce-Input--text input-text\" name=\"email\" id=\"reg_email\" autocomplete=\"email\" value=\"\" required aria-required=\"true\" \/>\t\t\t<\/p>\n\n\t\t\t\n\t\t\t\t<p>Linkki uuden salasanan asettamiseen l\u00e4hetet\u00e4\u00e4n s\u00e4hk\u00f6postiosoitteeseesi.<\/p>\n\n\t\t\t\n\t\t\t<wc-order-attribution-inputs><\/wc-order-attribution-inputs><div class=\"woocommerce-privacy-policy-text\"><p>Sinu isikuandmeid t\u00f6\u00f6deldakse sinu veebilehe kasutamise kogemuse toetamiseks, sinu konto ligip\u00e4\u00e4su haldamiseks ja muul viisil, mis on kirjeldatud meie <a href=\"https:\/\/agrozone.ee\/privaatsuspoliitika\/\" class=\"woocommerce-privacy-policy-link\" target=\"_blank\">Yksityisyyden suoja<\/a>.<\/p>\n<\/div>\n\t\t\t<p class=\"woocommerce-form-row form-row\">\n\t\t\t\t<input type=\"hidden\" id=\"woocommerce-register-nonce\" name=\"woocommerce-register-nonce\" value=\"6174cfdfe4\" \/><input type=\"hidden\" name=\"_wp_http_referer\" value=\"\/fi\/wp-json\/wp\/v2\/pages\/41019\" \/>\t\t\t\t<button type=\"submit\" class=\"woocommerce-Button woocommerce-button button woocommerce-form-register__submit\" name=\"register\" value=\"Rekister\u00f6idy\">Rekister\u00f6idy<\/button>\n\t\t\t<\/p>\n\n\t\t\t\n\t\t<\/form>\n\n\t<\/div>\n\n<\/div>\n\n<\/div>\n","protected":false},"excerpt":{"rendered":"","protected":false},"author":1,"featured_media":0,"parent":0,"menu_order":0,"comment_status":"closed","ping_status":"closed","template":"","meta":{"_acf_changed":false,"_seopress_robots_primary_cat":"","_seopress_titles_title":"Oma tili - Hallinnoi tilauksiasi ja osoitteitasi","_seopress_titles_desc":"Hallinnoi tilauksiasi, osoitteitasi ja tilitietojasi k\u00e4tev\u00e4sti. Kirjaudu sis\u00e4\u00e4n AGROZONEen ja nauti helposta hallinnasta. ","_seopress_robots_index":"","_gspb_post_css":"","footnotes":""},"class_list":["post-41019","page","type-page","status-publish","hentry"],"blocksy_meta":[],"acf":[],"_links":{"self":[{"href":"https:\/\/agrozone.ee\/fi\/wp-json\/wp\/v2\/pages\/41019","targetHints":{"allow":["GET"]}}],"collection":[{"href":"https:\/\/agrozone.ee\/fi\/wp-json\/wp\/v2\/pages"}],"about":[{"href":"https:\/\/agrozone.ee\/fi\/wp-json\/wp\/v2\/types\/page"}],"author":[{"embeddable":true,"href":"https:\/\/agrozone.ee\/fi\/wp-json\/wp\/v2\/users\/1"}],"replies":[{"embeddable":true,"href":"https:\/\/agrozone.ee\/fi\/wp-json\/wp\/v2\/comments?post=41019"}],"version-history":[{"count":0,"href":"https:\/\/agrozone.ee\/fi\/wp-json\/wp\/v2\/pages\/41019\/revisions"}],"wp:attachment":[{"href":"https:\/\/agrozone.ee\/fi\/wp-json\/wp\/v2\/media?parent=41019"}],"curies":[{"name":"wp","href":"https:\/\/api.w.org\/{rel}","templated":true}]}}