{"id":41026,"date":"2023-09-03T23:14:49","date_gmt":"2023-09-03T21:14:49","guid":{"rendered":"https:\/\/agrozone.ee\/toivelista\/"},"modified":"2025-04-06T21:49:36","modified_gmt":"2025-04-06T19:49:36","slug":"toivelista","status":"publish","type":"page","link":"https:\/\/agrozone.ee\/fi\/toivelista\/","title":{"rendered":"Toivelista"},"content":{"rendered":"<p>[yith_wcwl_wishlist]<\/p>\n","protected":false},"excerpt":{"rendered":"","protected":false},"author":1,"featured_media":0,"parent":0,"menu_order":0,"comment_status":"closed","ping_status":"closed","template":"","meta":{"_acf_changed":false,"_seopress_robots_primary_cat":"","_seopress_titles_title":"Oma toivelista - Lis\u00e4\u00e4 tuotteita ja osta","_seopress_titles_desc":"Muokkaa toivelistaasi, lis\u00e4\u00e4 tuotteita ja aloita ostosten tekeminen. Helppo ja k\u00e4tev\u00e4 tapa hallita toiveitasi. ","_seopress_robots_index":"","_gspb_post_css":"","footnotes":""},"class_list":["post-41026","page","type-page","status-publish","hentry"],"blocksy_meta":[],"acf":[],"_links":{"self":[{"href":"https:\/\/agrozone.ee\/fi\/wp-json\/wp\/v2\/pages\/41026","targetHints":{"allow":["GET"]}}],"collection":[{"href":"https:\/\/agrozone.ee\/fi\/wp-json\/wp\/v2\/pages"}],"about":[{"href":"https:\/\/agrozone.ee\/fi\/wp-json\/wp\/v2\/types\/page"}],"author":[{"embeddable":true,"href":"https:\/\/agrozone.ee\/fi\/wp-json\/wp\/v2\/users\/1"}],"replies":[{"embeddable":true,"href":"https:\/\/agrozone.ee\/fi\/wp-json\/wp\/v2\/comments?post=41026"}],"version-history":[{"count":0,"href":"https:\/\/agrozone.ee\/fi\/wp-json\/wp\/v2\/pages\/41026\/revisions"}],"wp:attachment":[{"href":"https:\/\/agrozone.ee\/fi\/wp-json\/wp\/v2\/media?parent=41026"}],"curies":[{"name":"wp","href":"https:\/\/api.w.org\/{rel}","templated":true}]}}