{"id":41644,"date":"2024-06-16T10:12:41","date_gmt":"2024-06-16T08:12:41","guid":{"rendered":"https:\/\/agrozone.ee\/miten-ostaa\/"},"modified":"2025-12-29T08:26:25","modified_gmt":"2025-12-29T06:26:25","slug":"miten-ostaa","status":"publish","type":"page","link":"https:\/\/agrozone.ee\/fi\/miten-ostaa\/","title":{"rendered":"Miten ostaa?"},"content":{"rendered":"\n<h4 class=\"wp-block-heading\" id=\"tellimuse-vormistamine\"><strong>Tilauksen tekeminen<\/strong><\/h4>\n\n<p>Tuotteiden tilaamiseksi sinun on lis\u00e4tt\u00e4v\u00e4 haluamasi tuotteet ostoskoriin. <\/p>\n\n<p>Tilauksen tekemiseksi sinun on t\u00e4ytett\u00e4v\u00e4 vaaditut tietokent\u00e4t ja valittava sopiva toimitustapa tuotteille. <\/p>\n\n<p>(Toimitustavan n\u00e4et sy\u00f6tetty\u00e4si postinumeron)<\/p>\n\n<p><strong>Pakettipiste<\/strong> (Omniva, DPD tai Itella Posti) \u2013 Sivusto laskee automaattisesti, mik\u00e4 mahtuu pakettiautomaattiin. <\/p>\n\n<p><strong>Verkkosivusto seuraa ostoskorissa olevien tuotteiden m\u00e4\u00e4r\u00e4\u00e4 ja laskee paketin koon, joka mahtuu pakettiautomaattiin. <\/strong><\/p>\n\n<p><strong>Halutessasi voit tehd\u00e4 useita erillisi\u00e4 tilauksia, joista jokainen l\u00e4hetet\u00e4\u00e4n omana pakettinaan pakettiautomaattiin.<\/strong><\/p>\n\n<p><strong>K<\/strong><strong>uriirilla<\/strong> (Posti)<\/p>\n\n<p><strong>Kuormalavat<\/strong>(Posti kuormalava)<\/p>\n\n<p>Jos tuote (tuotteet) eiv\u00e4t mahdu automaattiin, t\u00e4m\u00e4 vaihtoehto poistuu automaattisesti sivustolta. Jos haluat 2, 3 tai useampia paketteja, sinun on teht\u00e4v\u00e4 useita tilauksia. <\/p>\n\n<p><strong>Keskim\u00e4\u00e4r\u00e4inen toimitusaika 3-7 ty\u00f6p\u00e4iv\u00e4\u00e4<\/strong><\/p>\n\n<p>T\u00e4m\u00e4n j\u00e4lkeen n\u00e4yt\u00f6lle tulee maksun suuruus, jonka voi maksaa turvallisesti seuraavilla maksutavoilla: <\/p>\n\n<ul class=\"wp-block-list\">\n<li>Viron pankkimaksut: Swedbank, SEB, Luminor, LHV, Coop Pank, Citadele, Revolut<\/li>\n\n\n\n<li>Maksa luotto- tai pankkikortillasi Montonion kautta<\/li>\n\n\n\n<li>Laskun mukaan<\/li>\n<\/ul>\n\n<p>Huom!\nPankkilinkill\u00e4 maksaessasi muista painaa pankin sivulla olevaa painiketta &#8221;Takaisin kauppiaalle&#8221;. <\/p>\n\n<p><strong>Maksa laskulla:<\/strong><\/p>\n\n<blockquote class=\"wp-block-quote is-layout-flow wp-block-quote-is-layout-flow\">\n<p>Tuotteista voi maksaa ennakkona 100 % tilauksen perusteella.<br\/>Tilauksesi peruutetaan, jos et ole maksanut ennakkosummaa 3 p\u00e4iv\u00e4n kuluessa er\u00e4p\u00e4iv\u00e4st\u00e4.<br\/>Saat s\u00e4hk\u00f6postiisi laskun, jolla voit maksaa.<br\/>Merkitse ennakkolaskun maksun viestikentt\u00e4\u00e4n laskun numero (Esimerkki: &#8221;Laskun numero: 55555&#8221;).<br\/><strong>Tavarat l\u00e4hetet\u00e4\u00e4n vasta, kun maksu on saapunut tilillemme.<\/strong><\/p>\n<\/blockquote>\n\n<p>Makseid vahendab <a href=\"https:\/\/montonio.com\/et\/?ms=1\">Montonio Finance O\u00dc<\/a>. Maksu tapahtuu verkkokaupan ulkopuolella turvallisessa ymp\u00e4rist\u00f6ss\u00e4 \u2013 pankkilinkill\u00e4 maksettaessa kyseisen pankin turvallisessa ymp\u00e4rist\u00f6ss\u00e4 ja luottokortilla maksettaessa Montonio Finance O\u00dc:n turvallisessa ymp\u00e4rist\u00f6ss\u00e4. M\u00fc\u00fcjal puudub ligip\u00e4\u00e4s kliendi panga ja krediitkaardi andmetele. Leping j\u00f5ustub alates tasumisele kuuluva summa laekumisest Veebipoe arvelduskontole.<\/p>\n\n<p>Verkkokaupan omistaja on henkil\u00f6tietojen rekisterinpit\u00e4j\u00e4 ja v\u00e4litt\u00e4\u00e4 maksujen suorittamiseen tarvittavat henkil\u00f6tiedot valtuutetulle k\u00e4sittelij\u00e4lle Montonio Finance O\u00dc:lle.<\/p>\n\n<p>Jos tilattuja tuotteita ei voida toimittaa varastoloppuunmyynnin tai muun syyn vuoksi, ostajalle ilmoitetaan t\u00e4st\u00e4 mahdollisimman pian ja maksettu summa (mukaan lukien toimituskulut) palautetaan viipym\u00e4tt\u00e4, kuitenkin viimeist\u00e4\u00e4n 14 p\u00e4iv\u00e4n kuluessa ilmoituksen l\u00e4hett\u00e4misest\u00e4.<\/p>\n","protected":false},"excerpt":{"rendered":"<p>Tilauksen tekeminen Tuotteiden tilaamiseksi sinun on lis\u00e4tt\u00e4v\u00e4 haluamasi tuotteet ostoskoriin. Tilauksen tekemiseksi sinun on t\u00e4ytett\u00e4v\u00e4 vaaditut tietokent\u00e4t ja valittava sopiva toimitustapa tuotteille. (Toimitustavan n\u00e4et sy\u00f6tetty\u00e4si postinumeron) Pakettipiste (Omniva, DPD tai Itella Posti) \u2013 Sivusto laskee automaattisesti, mik\u00e4 mahtuu pakettiautomaattiin. Verkkosivusto seuraa ostoskorissa olevien tuotteiden m\u00e4\u00e4r\u00e4\u00e4 ja laskee paketin koon, joka mahtuu pakettiautomaattiin. Halutessasi voit tehd\u00e4 [&hellip;]<\/p>\n","protected":false},"author":1,"featured_media":0,"parent":0,"menu_order":0,"comment_status":"closed","ping_status":"closed","template":"","meta":{"_acf_changed":false,"_seopress_robots_primary_cat":"","_seopress_titles_title":"Tilauksen tekeminen ja toimitus","_seopress_titles_desc":"Osta tuotteita k\u00e4tev\u00e4sti ja nopeasti. T\u00e4yt\u00e4 tilaus ja valitse sopiva toimitustapa. Turvalliset maksuvaihtoehdot ja nopea toimitus.  ","_seopress_robots_index":"","_gspb_post_css":"","footnotes":""},"class_list":["post-41644","page","type-page","status-publish","hentry"],"blocksy_meta":[],"acf":[],"_links":{"self":[{"href":"https:\/\/agrozone.ee\/fi\/wp-json\/wp\/v2\/pages\/41644","targetHints":{"allow":["GET"]}}],"collection":[{"href":"https:\/\/agrozone.ee\/fi\/wp-json\/wp\/v2\/pages"}],"about":[{"href":"https:\/\/agrozone.ee\/fi\/wp-json\/wp\/v2\/types\/page"}],"author":[{"embeddable":true,"href":"https:\/\/agrozone.ee\/fi\/wp-json\/wp\/v2\/users\/1"}],"replies":[{"embeddable":true,"href":"https:\/\/agrozone.ee\/fi\/wp-json\/wp\/v2\/comments?post=41644"}],"version-history":[{"count":0,"href":"https:\/\/agrozone.ee\/fi\/wp-json\/wp\/v2\/pages\/41644\/revisions"}],"wp:attachment":[{"href":"https:\/\/agrozone.ee\/fi\/wp-json\/wp\/v2\/media?parent=41644"}],"curies":[{"name":"wp","href":"https:\/\/api.w.org\/{rel}","templated":true}]}}