{"id":42847,"date":"2024-06-08T12:52:18","date_gmt":"2024-06-08T10:52:18","guid":{"rendered":"https:\/\/agrozone.ee\/tietosuojakaytanto\/"},"modified":"2025-12-29T08:28:37","modified_gmt":"2025-12-29T06:28:37","slug":"tietosuojakaytanto","status":"publish","type":"page","link":"https:\/\/agrozone.ee\/fi\/tietosuojakaytanto\/","title":{"rendered":"Tietosuojak\u00e4yt\u00e4nt\u00f6"},"content":{"rendered":"\n<p>T\u00e4ss\u00e4 tietosuojak\u00e4yt\u00e4nn\u00f6ss\u00e4 kerrotaan, miten k\u00e4yt\u00e4mme ja suojaamme tietoja, joita k\u00e4ytt\u00e4j\u00e4t antavat meille k\u00e4ytt\u00e4ess\u00e4\u00e4n verkkokauppaamme. O\u00dc alizone sitoutuu suojelemaan k\u00e4ytt\u00e4jien yksityisyytt\u00e4 ja vahvistamme, ett\u00e4 k\u00e4yt\u00e4mme verkkosivustolla pyydettyj\u00e4 k\u00e4ytt\u00e4j\u00e4tietoja vain n\u00e4iden tietosuojaehtojen mukaisesti. <\/p>\n\n<p><strong>Vastuu ker\u00e4\u00e4mist\u00e4mme henkil\u00f6tiedoista<\/strong><\/p>\n\n<p>O\u00dc alizone on vastuussa k\u00e4ytt\u00e4j\u00e4n antamien henkil\u00f6tietojen ker\u00e4\u00e4misest\u00e4 ja tarkistamisesta. Henkil\u00f6tietojen ker\u00e4\u00e4misess\u00e4 ja tarkistamisessa noudatamme Viron henkil\u00f6tietolakia ja Euroopan parlamentin ja neuvoston direktiivi\u00e4 95\/46\/EY yksil\u00f6iden suojelusta henkil\u00f6tietojen k\u00e4sittelyss\u00e4 ja n\u00e4iden tietojen vapaasta liikkuvuudesta. <\/p>\n\n<p><strong>Ker\u00e4\u00e4m\u00e4mme henkil\u00f6tiedot<\/strong><\/p>\n\n<p>O\u00dc alizone ker\u00e4\u00e4 henkil\u00f6tietoja, jotka k\u00e4ytt\u00e4j\u00e4 v\u00e4litt\u00e4\u00e4 esimerkiksi tilauksen yhteydess\u00e4 tai ottamalla yhteytt\u00e4 asiakaspalveluun.<\/p>\n\n<p>Ker\u00e4\u00e4m\u00e4mme henkil\u00f6tiedot sis\u00e4lt\u00e4v\u00e4t:<\/p>\n\n<ul class=\"wp-block-list\">\n<li>Nimi<\/li>\n\n\n\n<li>Syntym\u00e4aika<\/li>\n\n\n\n<li>Osoite<\/li>\n\n\n\n<li>S\u00e4hk\u00f6posti<\/li>\n\n\n\n<li>Puhelinnumero<\/li>\n\n\n\n<li>Muut asiakaskyselyihin, arvontoihin ja\/tai tarjouksiin liittyv\u00e4t tiedot<\/li>\n<\/ul>\n\n<p><strong>K\u00e4yt\u00e4mme ker\u00e4\u00e4mi\u00e4mme henkil\u00f6tietoja seuraaviin tarkoituksiin:<\/strong><\/p>\n\n<ul class=\"wp-block-list\">\n<li>Sis\u00e4iset tietueet<\/li>\n\n\n\n<li>asiakkaan k\u00e4ytt\u00e4j\u00e4tilin luominen ja hallinta aliZone O\u00dc:n verkkosivustolla<\/li>\n\n\n\n<li>Verkkosivuston kautta tehtyjen tilausten k\u00e4sittely<\/li>\n\n\n\n<li>Tilausten huolinta ja toimituksen tila<\/li>\n\n\n\n<li>Ota yhteytt\u00e4 k\u00e4ytt\u00e4j\u00e4\u00e4n, kun tilaus- tai toimitusongelmia ilmenee<\/li>\n\n\n\n<li>K\u00e4ytt\u00e4jien kyselyihin vastaaminen<\/li>\n\n\n\n<li>Uusista tai muuttuneista palveluista tiedottaminen k\u00e4ytt\u00e4j\u00e4lle<\/li>\n\n\n\n<li>Suoramarkkinointi<\/li>\n\n\n\n<li>Arvontojen voittajille ilmoittaminen<\/li>\n\n\n\n<li>Analyysien tekeminen sopivien tarjousten ja tietojen tarjoamiseksi k\u00e4ytt\u00e4j\u00e4lle<\/li>\n\n\n\n<li>Kyselytutkimusten tarjoaminen, jotta k\u00e4ytt\u00e4jill\u00e4 olisi mahdollisuus vaikuttaa palveluumme ja parantaa sit\u00e4<\/li>\n\n\n\n<li>Palvelujen toimitusj\u00e4rjestelmien parantaminen<\/li>\n\n\n\n<li>Palvelumme asiattoman k\u00e4yt\u00f6n est\u00e4minen<\/li>\n<\/ul>\n\n<p>S\u00e4hk\u00f6postiosoitetta ja puhelinnumeroa k\u00e4ytet\u00e4\u00e4n suoramarkkinointiviestien l\u00e4hett\u00e4miseen, mik\u00e4li asiakas on antanut siihen suostumuksensa. Jos asiakas ei halua vastaanottaa suoramarkkinointiviestej\u00e4, h\u00e4nen on valittava vastaava linkki s\u00e4hk\u00f6postin alatunnisteesta tai otettava yhteytt\u00e4 asiakastukeen info@agrozone.ee <\/p>\n\n<p><strong>Arvopaperi<\/strong><\/p>\n\n<p>Varmistamme, ett\u00e4 k\u00e4ytt\u00e4jien henkil\u00f6tiedot suojataan. Est\u00e4\u00e4ksemme luvattoman p\u00e4\u00e4syn henkil\u00f6tietoihin tai niiden paljastamisen olemme ryhtyneet asianmukaisiin fyysisiin, teknologisiin ja hallinnollisiin toimenpiteisiin. Vain valtuutetuilla henkil\u00f6ill\u00e4 on p\u00e4\u00e4sy tietojen muokkaamiseen ja k\u00e4sittelyyn.  <\/p>\n\n<p>O\u00dc alizone on henkil\u00f6tietojen p\u00e4\u00e4k\u00e4sittelij\u00e4, v\u00e4litt\u00e4\u00e4 maksujen suorittamiseen tarvittavat henkil\u00f6tiedot valtuutetulle k\u00e4sittelij\u00e4lle Montonio O\u00dc.<\/p>\n\n<p><strong>Henkil\u00f6tietojen hallinta<\/strong><\/p>\n\n<p>Emme myy tai luovuta k\u00e4ytt\u00e4j\u00e4n henkil\u00f6tietoja kolmansille osapuolille ilman rekister\u00f6idyn suostumusta tai lakis\u00e4\u00e4teist\u00e4 velvoitetta.<br\/>K\u00e4ytt\u00e4j\u00e4ll\u00e4 on oikeus pyyt\u00e4\u00e4 milloin tahansa tietoja h\u00e4nest\u00e4 ker\u00e4tyist\u00e4 tiedoista. Tietojen toimittaminen k\u00e4ytt\u00e4j\u00e4lle on maksutonta. Jos henkil\u00f6tiedot ovat virheellisi\u00e4 tai ep\u00e4olennaisia, k\u00e4ytt\u00e4j\u00e4ll\u00e4 on oikeus pyyt\u00e4\u00e4 tietojen korjaamista tai poistamista. Emme voi poistaa tietoja, jos niit\u00e4 koskee lakis\u00e4\u00e4teinen s\u00e4ilytysvelvollisuus tai jos ne ovat v\u00e4ltt\u00e4m\u00e4tt\u00f6mi\u00e4 sopimukseen perustuvien saatavien perimiseksi.<br\/>Saatamme k\u00e4ytt\u00e4\u00e4 henkil\u00f6tietoja v\u00e4litt\u00e4\u00e4ksemme k\u00e4ytt\u00e4j\u00e4lle kolmansien osapuolten tarjouksia, joita pid\u00e4mme k\u00e4ytt\u00e4j\u00e4\u00e4 kiinnostavina.   <\/p>\n\n<p><strong>Tietosuojak\u00e4yt\u00e4nn\u00f6n ehdot ja muutokset<\/strong><\/p>\n\n<p>Pid\u00e4t\u00e4mme oikeuden muuttaa tietosuojaehtoja tarvittaessa. K\u00e4ytt\u00e4m\u00e4ll\u00e4 verkkosivustoamme vahvistatte, ett\u00e4 olette tutustuneet n\u00e4ihin ehtoihin ja hyv\u00e4ksytte ne. Pysy\u00e4kseen ajan tasalla tietosuojaehtoihin tehdyist\u00e4 muutoksista, pyyd\u00e4mme Teit\u00e4 vierailemaan verkkosivustollamme s\u00e4\u00e4nn\u00f6llisesti.<br\/>Kaikissa tietosuojak\u00e4yt\u00e4nt\u00f6\u00f6n tai tietojen k\u00e4sittelyyn liittyviss\u00e4 kysymyksiss\u00e4 tai huolenaiheissa pyyd\u00e4mme ottamaan meihin yhteytt\u00e4 osoitteeseen info@agrozone.ee<br\/> <br\/>Haluaisitteko, ett\u00e4 k\u00e4\u00e4nn\u00e4n lis\u00e4\u00e4 verkkosivuston tekstej\u00e4 tai k\u00e4ytt\u00f6ehtoja?  <\/p>\n\n<p>Toiminimi: O\u00dc alizone<\/p>\n","protected":false},"excerpt":{"rendered":"<p>T\u00e4ss\u00e4 tietosuojak\u00e4yt\u00e4nn\u00f6ss\u00e4 kerrotaan, miten k\u00e4yt\u00e4mme ja suojaamme tietoja, joita k\u00e4ytt\u00e4j\u00e4t antavat meille k\u00e4ytt\u00e4ess\u00e4\u00e4n verkkokauppaamme. O\u00dc alizone sitoutuu suojelemaan k\u00e4ytt\u00e4jien yksityisyytt\u00e4 ja vahvistamme, ett\u00e4 k\u00e4yt\u00e4mme verkkosivustolla pyydettyj\u00e4 k\u00e4ytt\u00e4j\u00e4tietoja vain n\u00e4iden tietosuojaehtojen mukaisesti. Vastuu ker\u00e4\u00e4mist\u00e4mme henkil\u00f6tiedoista O\u00dc alizone on vastuussa k\u00e4ytt\u00e4j\u00e4n antamien henkil\u00f6tietojen ker\u00e4\u00e4misest\u00e4 ja tarkistamisesta. Henkil\u00f6tietojen ker\u00e4\u00e4misess\u00e4 ja tarkistamisessa noudatamme Viron henkil\u00f6tietolakia ja Euroopan parlamentin ja [&hellip;]<\/p>\n","protected":false},"author":1,"featured_media":0,"parent":0,"menu_order":0,"comment_status":"closed","ping_status":"open","template":"","meta":{"_acf_changed":false,"_seopress_robots_primary_cat":"","_seopress_titles_title":"Tietosuojak\u00e4yt\u00e4nt\u00f6 - O\u00dc Alizone","_seopress_titles_desc":"Lue Alizone O\u00dc: n tietosuojak\u00e4yt\u00e4nt\u00f6 ja selvit\u00e4, miten suojaamme henkil\u00f6tietojasi ja k\u00e4yt\u00e4mme niit\u00e4 verkkokaupassamme.","_seopress_robots_index":"","_gspb_post_css":"","footnotes":""},"class_list":["post-42847","page","type-page","status-publish","hentry"],"blocksy_meta":[],"acf":[],"_links":{"self":[{"href":"https:\/\/agrozone.ee\/fi\/wp-json\/wp\/v2\/pages\/42847","targetHints":{"allow":["GET"]}}],"collection":[{"href":"https:\/\/agrozone.ee\/fi\/wp-json\/wp\/v2\/pages"}],"about":[{"href":"https:\/\/agrozone.ee\/fi\/wp-json\/wp\/v2\/types\/page"}],"author":[{"embeddable":true,"href":"https:\/\/agrozone.ee\/fi\/wp-json\/wp\/v2\/users\/1"}],"replies":[{"embeddable":true,"href":"https:\/\/agrozone.ee\/fi\/wp-json\/wp\/v2\/comments?post=42847"}],"version-history":[{"count":0,"href":"https:\/\/agrozone.ee\/fi\/wp-json\/wp\/v2\/pages\/42847\/revisions"}],"wp:attachment":[{"href":"https:\/\/agrozone.ee\/fi\/wp-json\/wp\/v2\/media?parent=42847"}],"curies":[{"name":"wp","href":"https:\/\/api.w.org\/{rel}","templated":true}]}}