{"id":42848,"date":"2024-06-16T10:10:40","date_gmt":"2024-06-16T08:10:40","guid":{"rendered":"https:\/\/agrozone.ee\/palautusehdot\/"},"modified":"2025-12-29T08:28:49","modified_gmt":"2025-12-29T06:28:49","slug":"palautusehdot","status":"publish","type":"page","link":"https:\/\/agrozone.ee\/fi\/palautusehdot\/","title":{"rendered":"Palautusehdot"},"content":{"rendered":"\n<p>Tilauksen vastaanottamisen j\u00e4lkeen ostajalla on oikeus peruuttaa verkkokaupassa tehty sopimus 14 p\u00e4iv\u00e4n kuluessa.<\/p>\n\n<p><em>Huom! Tuotteista riippuen ostajalla ei ehk\u00e4 ole peruuttamisoikeutta, vastaavat tuotteet ja palvelut on lueteltava t\u00e4ss\u00e4 tapauksessa ja niiden on noudatettava   <\/em><a href=\"https:\/\/www.riigiteataja.ee\/akt\/961235?leiaKehtiv\" target=\"_blank\" rel=\"noreferrer noopener\"><em>velvoiteoikeuslain<\/em><\/a><em> 53 \u00a7:n 4 momentissa luetellut edellytykset<\/em>.<\/p>\n\n<p>Peruuttamisoikeutta ei sovelleta, jos ostaja on oikeushenkil\u00f6.<\/p>\n\n<p>14 p\u00e4iv\u00e4n palautusoikeuden k\u00e4ytt\u00e4miseksi tilattuja tavaroita ei saa k\u00e4ytt\u00e4\u00e4 muulla tavalla kuin on tarpeen tavaroiden luonteen, ominaisuuksien ja toiminnan todentamiseksi tavalla, joka on sallittu tavaroiden testaamiseksi fyysisess\u00e4 myym\u00e4l\u00e4ss\u00e4.<\/p>\n\n<p>Jos tavaraa on k\u00e4ytetty muuhun kuin tavaran luonteen, ominaisuuksien ja toiminnan toteamiseen tarvittavaan tarkoitukseen tai siin\u00e4 on k\u00e4yt\u00f6n tai kulumisen merkkej\u00e4, Verkkokaupalla on oikeus alentaa palautettavaa maksua tavaran arvon alenemisen mukaisesti.<\/p>\n\n<p>Tavaran palauttamiseksi tulee tehd\u00e4 kaupan peruuttamisilmoitus, jonka lomake l\u00f6ytyy t\u00e4\u00e4lt\u00e4:<strong> peruuttamisilmoitus:<\/strong> <strong><a href=\"https:\/\/agrozone.ee\/wp-content\/uploads\/2024\/06\/Taganemisavaldus.pdf\" target=\"_blank\" rel=\"noreferrer noopener\">linkki<\/a><\/strong> tai <strong><a href=\"https:\/\/agrozone.ee\/fi\/palautuslomake\/\" data-type=\"page\" data-id=\"52195\">palautuslomake<\/a><\/strong>, ja l\u00e4hett\u00e4\u00e4 se s\u00e4hk\u00f6postiosoitteeseen info@agrozone.ee viimeist\u00e4\u00e4n 14 p\u00e4iv\u00e4n kuluessa tavaran vastaanottamisesta.<\/p>\n\n<p>Ostaja vastaa tavaran palautuskustannuksista, ellei palautuksen syyn\u00e4 ole se, ett\u00e4 palautettava tuote ei vastaa tilattua (esim. v\u00e4\u00e4r\u00e4 tai viallinen tuote).<\/p>\n\n<p>Ostajan on palautettava tavara 14 p\u00e4iv\u00e4n kuluessa hakemuksen j\u00e4tt\u00e4misest\u00e4 tai esitett\u00e4v\u00e4 selvitys siit\u00e4, ett\u00e4 h\u00e4n on luovuttanut tavaran rahdinkuljettajalle edell\u00e4 mainitun ajan kuluessa.<\/p>\n\n<p>Palautettujen tavaroiden vastaanottamisen j\u00e4lkeen verkkokaupan on palautettava ostajalle v\u00e4litt\u00f6m\u00e4sti, mutta viimeist\u00e4\u00e4n 14 p\u00e4iv\u00e4n kuluttua peruuttamishakemuksen vastaanottamisesta, kaikki ostajalta sopimuksen perusteella saadut maksut.<\/p>\n\n<p>Verkkokauppa voi kielt\u00e4yty\u00e4 hyvityksist\u00e4, kunnes sopimuksen kohteena oleva tuote on palautettu tai kunnes ostaja on toimittanut todisteet siit\u00e4, ett\u00e4 h\u00e4n on palauttanut tuotteen, sen mukaan, kumpi tapahtuu aikaisemmin.<\/p>\n\n<p>Jos ostaja on nimenomaisesti valinnut toimitustavan, joka poikkeaa verkkokaupan tarjoamasta halvimmasta tavanomaisesta toimitustavasta, verkkokaupan ei tarvitse korvata kuluttajalle kustannuksia, jotka ylitt\u00e4v\u00e4t tavanomaiseen toimitustapaan liittyv\u00e4t kustannukset.<\/p>\n\n<p>Verkkokaupalla on oikeus vet\u00e4yty\u00e4 myyntitapahtumasta ja vaatia tavaroiden palauttamista ostajalta, jos tavaroiden hinta verkkokaupassa on virheen vuoksi huomattavasti alle tavaroiden markkinahinnan.<\/p>\n","protected":false},"excerpt":{"rendered":"<p>Tilauksen vastaanottamisen j\u00e4lkeen ostajalla on oikeus peruuttaa verkkokaupassa tehty sopimus 14 p\u00e4iv\u00e4n kuluessa. Huom! Tuotteista riippuen ostajalla ei ehk\u00e4 ole peruuttamisoikeutta, vastaavat tuotteet ja palvelut on lueteltava t\u00e4ss\u00e4 tapauksessa ja niiden on noudatettava velvoiteoikeuslain 53 \u00a7:n 4 momentissa luetellut edellytykset. Peruuttamisoikeutta ei sovelleta, jos ostaja on oikeushenkil\u00f6. 14 p\u00e4iv\u00e4n palautusoikeuden k\u00e4ytt\u00e4miseksi tilattuja tavaroita ei saa [&hellip;]<\/p>\n","protected":false},"author":1,"featured_media":0,"parent":0,"menu_order":0,"comment_status":"closed","ping_status":"closed","template":"","meta":{"_acf_changed":false,"_seopress_robots_primary_cat":"","_seopress_titles_title":"Palautusoikeus - 14 p\u00e4iv\u00e4n peruuttamisoikeus","_seopress_titles_desc":"Ostajalla on oikeus peruuttaa sopimus 14 p\u00e4iv\u00e4n kuluessa. Lue k\u00e4ytt\u00f6ehdot ja palautusmenettely verkkokaupastamme. ","_seopress_robots_index":"","_gspb_post_css":"","footnotes":""},"class_list":["post-42848","page","type-page","status-publish","hentry"],"blocksy_meta":[],"acf":[],"_links":{"self":[{"href":"https:\/\/agrozone.ee\/fi\/wp-json\/wp\/v2\/pages\/42848","targetHints":{"allow":["GET"]}}],"collection":[{"href":"https:\/\/agrozone.ee\/fi\/wp-json\/wp\/v2\/pages"}],"about":[{"href":"https:\/\/agrozone.ee\/fi\/wp-json\/wp\/v2\/types\/page"}],"author":[{"embeddable":true,"href":"https:\/\/agrozone.ee\/fi\/wp-json\/wp\/v2\/users\/1"}],"replies":[{"embeddable":true,"href":"https:\/\/agrozone.ee\/fi\/wp-json\/wp\/v2\/comments?post=42848"}],"version-history":[{"count":0,"href":"https:\/\/agrozone.ee\/fi\/wp-json\/wp\/v2\/pages\/42848\/revisions"}],"wp:attachment":[{"href":"https:\/\/agrozone.ee\/fi\/wp-json\/wp\/v2\/media?parent=42848"}],"curies":[{"name":"wp","href":"https:\/\/api.w.org\/{rel}","templated":true}]}}