{"id":42866,"date":"2024-06-16T10:21:34","date_gmt":"2024-06-16T08:21:34","guid":{"rendered":"https:\/\/agrozone.ee\/itse-seuraa-tietoja\/"},"modified":"2025-12-29T08:25:44","modified_gmt":"2025-12-29T06:25:44","slug":"itse-seuraa-tietoja","status":"publish","type":"page","link":"https:\/\/agrozone.ee\/fi\/itse-seuraa-tietoja\/","title":{"rendered":"Itse Seuraa tietoja"},"content":{"rendered":"<h4>Parempaan suuntautumiseen<\/h4>\n<style>.porto-u-55ca8359258f9a412be7e73af65d2aac.porto-u-heading{text-align:center}<\/style>\n<h5>Haen sen itse &#8211; S\u00f5pruse pst. 186, 13424, Mustam\u00e4gi, Tallinna (18:00 &#8211; 22:00) <\/h5>\n<\/p>\n<p><em>Valitettavasti meill\u00e4 ei ole viel\u00e4 varastotilaa, se on kotiosoite, jotta asiakkaat voivat noutaa tavaransa illalla.<\/em><\/p>\n<\/p>\n<p>Voit my\u00f6s varata ajan viikonloppuna.<\/p>\n<p>\t\t\t\t\t\t\t\t\t\t\t\t\t\t\t<img loading=\"lazy\" decoding=\"async\" width=\"768\" height=\"419\" src=\"https:\/\/agrozone.ee\/wp-content\/uploads\/2024\/07\/sopruse186-768x419.png\" alt=\"Tallinna linna kaart S\u00f5pruse puiestee piirkonnaga.\" srcset=\"https:\/\/agrozone.ee\/wp-content\/uploads\/2024\/07\/sopruse186-768x419.png 768w, https:\/\/agrozone.ee\/wp-content\/uploads\/2024\/07\/sopruse186-640x349.png 640w, https:\/\/agrozone.ee\/wp-content\/uploads\/2024\/07\/sopruse186-400x218.png 400w, https:\/\/agrozone.ee\/wp-content\/uploads\/2024\/07\/sopruse186-600x327.png 600w\" sizes=\"auto, (max-width: 768px) 100vw, 768px\" \/>\t\t\t\t\t\t\t\t\t\t\t\t\t\t\t<\/p>\n<p><strong>Tilaus tehtiin ja p\u00e4\u00e4tit noutaa tavarat itse:<\/strong><\/p>\n<p><strong>Kun tavarat ovat valmiita ja valmiita, saat s\u00e4hk\u00f6postin, tekstiviestin tai puhelun, jossa vahvistetaan, ett\u00e4 voit noutaa tavarat.<\/strong><\/p>\n<p><strong>Soita etuk\u00e4teen ennen tuloasi (puh. +372 5650 4141).<\/strong><\/p>\n","protected":false},"excerpt":{"rendered":"<p>Parempaan suuntautumiseen Haen sen itse &#8211; S\u00f5pruse pst. 186, 13424, Mustam\u00e4gi, Tallinna (18:00 &#8211; 22:00) Valitettavasti meill\u00e4 ei ole viel\u00e4 varastotilaa, se on kotiosoite, jotta asiakkaat voivat noutaa tavaransa illalla. Voit my\u00f6s varata ajan viikonloppuna. Tilaus tehtiin ja p\u00e4\u00e4tit noutaa tavarat itse: Kun tavarat ovat valmiita ja valmiita, saat s\u00e4hk\u00f6postin, tekstiviestin tai puhelun, jossa vahvistetaan, [&hellip;]<\/p>\n","protected":false},"author":1,"featured_media":0,"parent":0,"menu_order":0,"comment_status":"closed","ping_status":"closed","template":"","meta":{"_acf_changed":false,"_seopress_robots_primary_cat":"","_seopress_titles_title":"Seuraa tietoa itse \u2013 nouda tavarat Tallinnasta","_seopress_titles_desc":"Nouto osoitteesta S\u00f5pruse pst. 186, Tallinna. Soita ennen tuloasi ja nouda tuotteet illalla tai viikonloppuna.  ","_seopress_robots_index":"","_gspb_post_css":"","footnotes":""},"class_list":["post-42866","page","type-page","status-publish","hentry"],"blocksy_meta":[],"acf":[],"_links":{"self":[{"href":"https:\/\/agrozone.ee\/fi\/wp-json\/wp\/v2\/pages\/42866","targetHints":{"allow":["GET"]}}],"collection":[{"href":"https:\/\/agrozone.ee\/fi\/wp-json\/wp\/v2\/pages"}],"about":[{"href":"https:\/\/agrozone.ee\/fi\/wp-json\/wp\/v2\/types\/page"}],"author":[{"embeddable":true,"href":"https:\/\/agrozone.ee\/fi\/wp-json\/wp\/v2\/users\/1"}],"replies":[{"embeddable":true,"href":"https:\/\/agrozone.ee\/fi\/wp-json\/wp\/v2\/comments?post=42866"}],"version-history":[{"count":0,"href":"https:\/\/agrozone.ee\/fi\/wp-json\/wp\/v2\/pages\/42866\/revisions"}],"wp:attachment":[{"href":"https:\/\/agrozone.ee\/fi\/wp-json\/wp\/v2\/media?parent=42866"}],"curies":[{"name":"wp","href":"https:\/\/api.w.org\/{rel}","templated":true}]}}