{"id":42894,"date":"2024-06-16T10:14:09","date_gmt":"2024-06-16T08:14:09","guid":{"rendered":"https:\/\/agrozone.ee\/myyntiehdot\/"},"modified":"2025-12-29T08:27:49","modified_gmt":"2025-12-29T06:27:49","slug":"myyntiehdot","status":"publish","type":"page","link":"https:\/\/agrozone.ee\/fi\/myyntiehdot\/","title":{"rendered":"Myyntiehdot"},"content":{"rendered":"\n<p>Verkkokaupan www.agrozone.ee (j\u00e4ljemp\u00e4n\u00e4 verkkokauppa) omistaja on O\u00dc alizone (rekisteritunnus 16576363), joka sijaitsee osoitteessa S\u00f5pruse pst. 186, 13424, Tallinna. <\/p>\n\n<p><strong>Myyntisopimuksen voimassaolo, tuote- ja hintatiedot<\/strong><\/p>\n\n<p>Myyntiehtoja sovelletaan tavaroiden ostamiseen Verkkokaupasta.<\/p>\n\n<p>Verkkokaupassa myyt\u00e4vien tuotteiden hinnat on ilmoitettu tuotteiden vieress\u00e4. Hintaan lis\u00e4t\u00e4\u00e4n toimitusmaksu. Kaikki verkkokaupassa myyt\u00e4vien tavaroiden hinnat ovat euroina.  <\/p>\n\n<p>Toimitusmaksu riippuu ostajan sijainnista ja toimitustavasta. Toimitusmaksu n\u00e4ytet\u00e4\u00e4n ostajalle tilausta teht\u00e4ess\u00e4. <\/p>\n\n<p>Tietoja tavaroista annetaan verkkokaupassa suoraan tavaroiden vieress\u00e4.<\/p>\n\n<p><strong>Tilauksen tekeminen<\/strong><\/p>\n\n<p>Jos haluat tilata tavaroita, sinun on lis\u00e4tt\u00e4v\u00e4 haluamasi tuotteet ostoskoriin. Tee tilaus t\u00e4ytt\u00e4m\u00e4ll\u00e4 vaaditut tietokent\u00e4t ja valitsemalla sopiva toimitustapa. T\u00e4m\u00e4n j\u00e4lkeen n\u00e4yt\u00f6ll\u00e4 n\u00e4kyy maksun suuruus, joka voidaan maksaa turvallisesti seuraavilla maksutavoilla:  <\/p>\n\n<ul class=\"wp-block-list\">\n<li>Viron pankkimaksut: Swedbank, SEB, Luminor, LHV, Coop Pank, Citadele, Revolut<\/li>\n\n\n\n<li>Maksa luotto- tai pankkikortillasi Montonion kautta<\/li>\n<\/ul>\n\n<p>Huom!\nPankkilinkill\u00e4 maksaessasi muista painaa pankin sivulla olevaa painiketta &#8220;Takaisin kauppiaalle&#8221;. <\/p>\n\n<p>Makseid vahendab <a href=\"https:\/\/montonio.com\/et\/?ms=1\">Montonio Finance O\u00dc<\/a>. Tasumine toimub v\u00e4ljaspool Veebipoodi turvalises keskkonnas \u2013 pangalingiga tasumisel vastava panga turvalises keskkonnas ja krediitkaardiga tasumisel Maksekeskus AS turvalises keskkonnas. M\u00fc\u00fcjal puudub ligip\u00e4\u00e4s kliendi panga ja krediitkaardi andmetele. Leping j\u00f5ustub alates tasumisele kuuluva summa laekumisest Veebipoe arvelduskontole.<\/p>\n\n<p>Verkkokaupan omistaja on henkil\u00f6tietojen rekisterinpit\u00e4j\u00e4 ja v\u00e4litt\u00e4\u00e4 maksujen suorittamiseen tarvittavat henkil\u00f6tiedot valtuutetulle k\u00e4sittelij\u00e4lle Montonio Finance O\u00dc:lle.<\/p>\n\n<p>Jos tilattuja tuotteita ei voida toimittaa varastoloppuunmyynnin tai muun syyn vuoksi, ostajalle ilmoitetaan t\u00e4st\u00e4 mahdollisimman pian ja maksettu summa (mukaan lukien toimituskulut) palautetaan viipym\u00e4tt\u00e4, kuitenkin viimeist\u00e4\u00e4n 14 p\u00e4iv\u00e4n kuluessa ilmoituksen l\u00e4hett\u00e4misest\u00e4.<\/p>\n\n<p><strong>Toimitus<\/strong><\/p>\n\n<p>Tavaroita toimitetaan seuraaviin maihin: Viro, Suomi, Latvia, Liettua<\/p>\n\n<p>Tavaroiden vastaanottamiseksi ostajalla on seuraavat vaihtoehdot:  <\/p>\n\n<p>\u2013 Omniva-pakettiautomaatit<\/p>\n\n<p>\u2013 Post-pakettiautomaatit<\/p>\n\n<p>\u2013 DPD:n pakettiautomaatit<\/p>\n\n<p>\u2013 Post-kuriiri<\/p>\n\n<p>\u2013 etuk\u00e4teen sovittaessa: S\u00f5pruse pst. 186 (18:00 \u2013 22:00) <\/p>\n\n<p>Ostaja vastaa toimituskuluista ja vastaavat hintatiedot n\u00e4kyv\u00e4t toimitustavan vieress\u00e4.<\/p>\n\n<p>Viron sis\u00e4iset l\u00e4hetykset saapuvat yleens\u00e4 ostajan m\u00e4\u00e4ritt\u00e4m\u00e4\u00e4n m\u00e4\u00e4r\u00e4np\u00e4\u00e4h\u00e4n 1\u201310 ty\u00f6p\u00e4iv\u00e4n kuluessa myyntisopimuksen voimaantulosta. <\/p>\n\n<p>Poikkeustapauksissa sinulla on oikeus toimittaa tavarat enint\u00e4\u00e4n 45 kalenterip\u00e4iv\u00e4n kuluessa.<\/p>\n\n<p><strong>Peruuttamisoikeus<\/strong><\/p>\n\n<p>Tilauksen vastaanottamisen j\u00e4lkeen ostajalla on oikeus peruuttaa verkkokaupassa tehty sopimus 14 p\u00e4iv\u00e4n kuluessa.<\/p>\n\n<p><em>Huom! Tuotteista riippuen ostajalla ei ehk\u00e4 ole peruuttamisoikeutta, vastaavat tuotteet ja palvelut on lueteltava t\u00e4ss\u00e4 tapauksessa ja niiden on noudatettava   <\/em><em><a href=\"https:\/\/www.riigiteataja.ee\/akt\/961235?leiaKehtiv\" target=\"_blank\" rel=\"noreferrer noopener\">velvoiteoikeuslain<\/a><\/em><em> 53 \u00a7:n 4 momentissa luetellut edellytykset<\/em>.<\/p>\n\n<p>Peruuttamisoikeutta ei sovelleta, jos ostaja on oikeushenkil\u00f6.<\/p>\n\n<p>14 p\u00e4iv\u00e4n palautusoikeuden k\u00e4ytt\u00e4miseksi tilattuja tavaroita ei saa k\u00e4ytt\u00e4\u00e4 muulla tavalla kuin on tarpeen tavaroiden luonteen, ominaisuuksien ja toiminnan todentamiseksi tavalla, joka on sallittu tavaroiden testaamiseksi fyysisess\u00e4 myym\u00e4l\u00e4ss\u00e4.<\/p>\n\n<p>Jos tavaraa on k\u00e4ytetty muuhun kuin tavaran luonteen, ominaisuuksien ja toiminnan toteamiseen tarvittavaan tarkoitukseen tai siin\u00e4 on k\u00e4yt\u00f6n tai kulumisen merkkej\u00e4, Verkkokaupalla on oikeus alentaa palautettavaa maksua tavaran arvon alenemisen mukaisesti.<\/p>\n\n<p>Tavaran palauttamiseksi tulee tehd\u00e4 kaupan peruuttamisilmoitus, jonka lomake l\u00f6ytyy t\u00e4\u00e4lt\u00e4: <strong>peruuttamisilmoitus:<\/strong> <strong><a href=\"https:\/\/agrozone.ee\/wp-content\/uploads\/2023\/01\/Taganemisavaldus.pdf\" target=\"_blank\" rel=\"noreferrer noopener\">linkki<\/a><\/strong> tai <a href=\"https:\/\/agrozone.ee\/fi\/palautuslomake\/\" data-type=\"page\" data-id=\"52195\">palautuslomake<\/a>, ja l\u00e4hett\u00e4\u00e4 se s\u00e4hk\u00f6postiosoitteeseen info@agrozone.ee viimeist\u00e4\u00e4n 14 p\u00e4iv\u00e4n kuluessa tavaran vastaanottamisesta.<\/p>\n\n<p>Ostaja vastaa tavaran palautuskustannuksista, ellei palautuksen syyn\u00e4 ole se, ett\u00e4 palautettava tuote ei vastaa tilattua (esim. v\u00e4\u00e4r\u00e4 tai viallinen tuote).<\/p>\n\n<p>Ostajan on palautettava tavara 14 p\u00e4iv\u00e4n kuluessa hakemuksen j\u00e4tt\u00e4misest\u00e4 tai esitett\u00e4v\u00e4 selvitys siit\u00e4, ett\u00e4 h\u00e4n on luovuttanut tavaran rahdinkuljettajalle edell\u00e4 mainitun ajan kuluessa.<\/p>\n\n<p>Palautettujen tavaroiden vastaanottamisen j\u00e4lkeen verkkokaupan on palautettava ostajalle v\u00e4litt\u00f6m\u00e4sti, mutta viimeist\u00e4\u00e4n 14 p\u00e4iv\u00e4n kuluttua peruuttamishakemuksen vastaanottamisesta, kaikki ostajalta sopimuksen perusteella saadut maksut.<\/p>\n\n<p>Verkkokauppa voi kielt\u00e4yty\u00e4 hyvityksist\u00e4, kunnes sopimuksen kohteena oleva tuote on palautettu tai kunnes ostaja on toimittanut todisteet siit\u00e4, ett\u00e4 h\u00e4n on palauttanut tuotteen, sen mukaan, kumpi tapahtuu aikaisemmin.<\/p>\n\n<p>Jos ostaja on nimenomaisesti valinnut toimitustavan, joka poikkeaa verkkokaupan tarjoamasta halvimmasta tavanomaisesta toimitustavasta, verkkokaupan ei tarvitse korvata kuluttajalle kustannuksia, jotka ylitt\u00e4v\u00e4t tavanomaiseen toimitustapaan liittyv\u00e4t kustannukset.<\/p>\n\n<p>Verkkokaupalla on oikeus vet\u00e4yty\u00e4 myyntitapahtumasta ja vaatia tavaroiden palauttamista ostajalta, jos tavaroiden hinta verkkokaupassa on virheen vuoksi huomattavasti alle tavaroiden markkinahinnan.<\/p>\n\n<p><strong>Oikeus tehd\u00e4 vaatimus<\/strong><\/p>\n\n<p>Verkkokauppa on vastuussa ostajalle myytyjen tavaroiden sopimusehtojen noudattamatta j\u00e4tt\u00e4misest\u00e4 tai virheist\u00e4, jotka olivat jo olemassa tuotteen toimitushetkell\u00e4 ja jotka ilmenev\u00e4t kahden vuoden kuluessa tavaroiden toimittamisesta ostajalle.  <strong>1 vuoden kuluessa tavaran toimittamisesta ostajalle oletetaan, ett\u00e4 vika oli jo olemassa tavaran toimitushetkell\u00e4. Verkkokaupan vastuulla on kumota kyseinen l\u00e4ht\u00f6kohta. <\/strong><\/p>\n\n<p>Ostajalla on oikeus k\u00e4\u00e4nty\u00e4 verkkokaupan puoleen viimeist\u00e4\u00e4n kahden kuukauden kuluessa l\u00e4hett\u00e4m\u00e4ll\u00e4 s\u00e4hk\u00f6postia info@agrozone.ee tai soittamalla puhelimeen: +372 56504141.<\/p>\n\n<p>Verkkokauppa ei vastaa virheist\u00e4, jotka ovat syntyneet tavaroiden ostajalle toimittamisen j\u00e4lkeen.<\/p>\n\n<p>Jos Verkkokaupasta ostetuissa tuotteissa on vikoja, joista Verkkokauppa on vastuussa, Verkkokauppa korjaa tai vaihtaa vialliset tuotteet. Jos tavaroita ei voida korjata tai vaihtaa, verkkokauppa palauttaa ostajalle kaikki myyntisopimukseen liittyv\u00e4t maksut. <\/p>\n\n<p>Verkkokauppa vastaa kuluttajan valitukseen kirjallisesti tai kirjallisesti toistettavassa muodossa 15 p\u00e4iv\u00e4n kuluessa.<\/p>\n\n<p><strong>Suoramarkkinointi ja henkil\u00f6tietojen k\u00e4sittely<\/strong><\/p>\n\n<p>Verkkokauppa k\u00e4ytt\u00e4\u00e4 ostajan sy\u00f6tt\u00e4mi\u00e4 henkil\u00f6tietoja vain tilauksen k\u00e4sittelyyn ja tavaroiden l\u00e4hett\u00e4miseen ostajalle. Verkkokauppa v\u00e4litt\u00e4\u00e4 henkil\u00f6tietoja kuljetusyrityksille tavaroiden toimittamiseksi. <\/p>\n\n<p>Verkkokauppa l\u00e4hett\u00e4\u00e4 uutiskirjeit\u00e4 ja tarjouksia ostajan s\u00e4hk\u00f6postiosoitteeseen vain, jos ostaja on ilmaissut haluavansa vastaanottaa niit\u00e4 kirjoittamalla s\u00e4hk\u00f6postiosoitteensa verkkosivustolle ja ilmoittamalla haluavansa vastaanottaa suoramainontailmoituksia.<\/p>\n\n<p>Ostaja voi peruuttaa s\u00e4hk\u00f6postiin l\u00e4hetettyjen tarjousten ja uutiskirjeiden tilauksen milloin tahansa ilmoittamalla siit\u00e4 meille s\u00e4hk\u00f6postitse tai noudattamalla tarjoukset sis\u00e4lt\u00e4v\u00e4n s\u00e4hk\u00f6postin ohjeita.<\/p>\n\n<p><strong>Riitojen ratkaiseminen<\/strong><\/p>\n\n<p>Jos ostajalla on valituksia Verkkokaupasta, ne on l\u00e4hetett\u00e4v\u00e4 s\u00e4hk\u00f6postiosoitteeseen info@agrozone.ee tai soitettava: +372 56504141<\/p>\n\n<p>Jos ostaja ja verkkokauppa eiv\u00e4t pysty ratkaisemaan riitaa sopimuksella, ostaja voi k\u00e4\u00e4nty\u00e4 kuluttajariitalautakunnan puoleen. Menettelyn ehdot ovat n\u00e4ht\u00e4viss\u00e4 ja hakemuksen voi j\u00e4tt\u00e4\u00e4 <a href=\"https:\/\/komisjon.ee\/et\/avalduse-esitamine\" target=\"_blank\" rel=\"noreferrer noopener\">t\u00e4\u00e4ll\u00e4<\/a>. Kuluttajariitalautakunta on toimivaltainen ratkaisemaan ostajan ja verkkokaupan v\u00e4lisest\u00e4 sopimuksesta aiheutuvat riidat. Komission suorittama ostajan valituksen tarkastelu on maksutonta.   <\/p>\n\n<p>Ostaja voi k\u00e4\u00e4nty\u00e4 <a href=\"https:\/\/ec.europa.eu\/consumers\/odr\/main\/index.cfm?event=main.home2.show&amp;lng=ET\" target=\"_blank\" rel=\"noreferrer noopener\">Euroopan unionin<\/a> kuluttajariitojen ratkaisufoorumin puoleen.<\/p>\n\n<p><strong>Ev\u00e4steet<\/strong><\/p>\n\n<p>Kun vierailet kirjautumissivulla, asetamme v\u00e4liaikaisen ev\u00e4steen, joka m\u00e4\u00e4ritt\u00e4\u00e4, salliiko selaimesi ev\u00e4steet vai ei. T\u00e4m\u00e4 ev\u00e4ste ei sis\u00e4ll\u00e4 henkil\u00f6kohtaisia tietoja, ja se poistetaan, kun suljet selaimen. <\/p>\n\n<p>Kun kirjaudut sis\u00e4\u00e4n, k\u00e4yt\u00e4mme useita ev\u00e4steit\u00e4 kirjautumistietojen ja n\u00e4ytt\u00f6asetusten tallentamiseen. Kirjautumisev\u00e4steit\u00e4 s\u00e4ilytet\u00e4\u00e4n kaksi p\u00e4iv\u00e4\u00e4, n\u00e4ytt\u00f6vaihtoehtoja yhden vuoden ajan. Jos valitset &#8220;Muista minut&#8221;, kirjautumistunnus muistetaan kahden viikon ajan. Kun kirjaudut ulos tililt\u00e4si, kirjautumisev\u00e4steet poistetaan.   <\/p>\n\n<p>Kun muokkaat tai julkaiset artikkelin, selaimeesi tallennetaan uusi ev\u00e4ste. Se ei sis\u00e4ll\u00e4 henkil\u00f6kohtaisia tietoja ja n\u00e4ytt\u00e4\u00e4 vain muutetun viestin tunnisteen. Se vanhenee 1 p\u00e4iv\u00e4n kuluttua.  <\/p>\n","protected":false},"excerpt":{"rendered":"<p>Verkkokaupan www.agrozone.ee (j\u00e4ljemp\u00e4n\u00e4 verkkokauppa) omistaja on O\u00dc alizone (rekisteritunnus 16576363), joka sijaitsee osoitteessa S\u00f5pruse pst. 186, 13424, Tallinna. Myyntisopimuksen voimassaolo, tuote- ja hintatiedot Myyntiehtoja sovelletaan tavaroiden ostamiseen Verkkokaupasta. Verkkokaupassa myyt\u00e4vien tuotteiden hinnat on ilmoitettu tuotteiden vieress\u00e4. Hintaan lis\u00e4t\u00e4\u00e4n toimitusmaksu. Kaikki verkkokaupassa myyt\u00e4vien tavaroiden hinnat ovat euroina. Toimitusmaksu riippuu ostajan sijainnista ja toimitustavasta. Toimitusmaksu n\u00e4ytet\u00e4\u00e4n ostajalle [&hellip;]<\/p>\n","protected":false},"author":1,"featured_media":0,"parent":0,"menu_order":0,"comment_status":"closed","ping_status":"closed","template":"","meta":{"_acf_changed":false,"_seopress_robots_primary_cat":"","_seopress_titles_title":"Myyntiehdot - Agrozone Online Store","_seopress_titles_desc":"Lue Agrozone-verkkokaupan myyntiehdot, mukaan lukien tavara- ja hintatiedot, tilausprosessi ja maksutavat.","_seopress_robots_index":"","_gspb_post_css":"","footnotes":""},"class_list":["post-42894","page","type-page","status-publish","hentry"],"blocksy_meta":[],"acf":[],"_links":{"self":[{"href":"https:\/\/agrozone.ee\/fi\/wp-json\/wp\/v2\/pages\/42894","targetHints":{"allow":["GET"]}}],"collection":[{"href":"https:\/\/agrozone.ee\/fi\/wp-json\/wp\/v2\/pages"}],"about":[{"href":"https:\/\/agrozone.ee\/fi\/wp-json\/wp\/v2\/types\/page"}],"author":[{"embeddable":true,"href":"https:\/\/agrozone.ee\/fi\/wp-json\/wp\/v2\/users\/1"}],"replies":[{"embeddable":true,"href":"https:\/\/agrozone.ee\/fi\/wp-json\/wp\/v2\/comments?post=42894"}],"version-history":[{"count":0,"href":"https:\/\/agrozone.ee\/fi\/wp-json\/wp\/v2\/pages\/42894\/revisions"}],"wp:attachment":[{"href":"https:\/\/agrozone.ee\/fi\/wp-json\/wp\/v2\/media?parent=42894"}],"curies":[{"name":"wp","href":"https:\/\/api.w.org\/{rel}","templated":true}]}}