{"id":42921,"date":"2024-10-03T15:27:27","date_gmt":"2024-10-03T13:27:27","guid":{"rendered":"https:\/\/agrozone.ee\/yrityksen-tiedot\/"},"modified":"2025-01-24T19:51:19","modified_gmt":"2025-01-24T17:51:19","slug":"yrityksen-tiedot","status":"publish","type":"page","link":"https:\/\/agrozone.ee\/fi\/yrityksen-tiedot\/","title":{"rendered":"Yrityksen tiedot"},"content":{"rendered":"<h2 data-plugin-animated-letters data-plugin-options=\"{&quot;startDelay&quot;:0,&quot;minWindowWidth&quot;:0,&quot;animationName&quot;:&quot;fadeIn&quot;}\"  >Rekvisiitta<\/h2>\n<style>.porto-u-55ca8359258f9a412be7e73af65d2aac.porto-u-heading{text-align:center}<\/style>\n<h3 style=\"\">Alizone Oy<\/h3>\n<p >IBAN: EE234204278636547105<\/p>\n<p> <!-- header --><!-- porto-sicon-box -->\t\t\t\t<\/p>\n<ul>\n<li><strong>Koodi:<\/strong> 16576363<\/li>\n<li><strong>KMKR-numero:<\/strong> EE102537837<\/li>\n<li><strong>S\u00e4hk\u00f6posti:<\/strong> <a href=\"mailto:info@agrozone.ee\">info@agrozone.ee<\/a><\/li>\n<li><strong>Puhelin:<\/strong> <a href=\"Puhelin:+372%2056504141\">+372 56504141<\/a><\/li>\n<\/ul>\n<p>Pankin tiedot:<\/p>\n<p style=\"text-align: left;\">Coop Pank AS<\/p>\n<ul>\n<li style=\"text-align: left;\">Maakri 30<\/li>\n<li style=\"text-align: left;\">15014 Tallinna<\/li>\n<li style=\"text-align: left;\">669 0966(ma-pe 8.30-19.00)<\/li>\n<li style=\"text-align: left;\">Rekisterinumero: 10237832<\/li>\n<li style=\"text-align: left;\">SWIFT\/BIC: EKRDEE22<\/li>\n<\/ul>\n","protected":false},"excerpt":{"rendered":"<p>Rekvisiitta Alizone Oy IBAN: EE234204278636547105 Koodi: 16576363 KMKR-numero: EE102537837 S\u00e4hk\u00f6posti: info@agrozone.ee Puhelin: +372 56504141 Pankin tiedot: Coop Pank AS Maakri 30 15014 Tallinna 669 0966(ma-pe 8.30-19.00) Rekisterinumero: 10237832 SWIFT\/BIC: EKRDEE22<\/p>\n","protected":false},"author":1,"featured_media":0,"parent":0,"menu_order":0,"comment_status":"closed","ping_status":"closed","template":"","meta":{"_acf_changed":false,"_seopress_robots_primary_cat":"","_seopress_titles_title":"Alizone O\u00dc Yrityksen vaatimukset ja yhteystiedot","_seopress_titles_desc":"Tutustu Alizone O\u00dc:n yritystietoihin ja yhteystietoihin. IBAN-tilinumeromme, rekisterikoodimme ja muut t\u00e4rke\u00e4t tiedot l\u00f6ytyv\u00e4t t\u00e4\u00e4lt\u00e4. ","_seopress_robots_index":"","_seopress_analysis_target_kw":"","_gspb_post_css":"","footnotes":""},"class_list":["post-42921","page","type-page","status-publish","hentry"],"blocksy_meta":[],"acf":[],"_links":{"self":[{"href":"https:\/\/agrozone.ee\/fi\/wp-json\/wp\/v2\/pages\/42921","targetHints":{"allow":["GET"]}}],"collection":[{"href":"https:\/\/agrozone.ee\/fi\/wp-json\/wp\/v2\/pages"}],"about":[{"href":"https:\/\/agrozone.ee\/fi\/wp-json\/wp\/v2\/types\/page"}],"author":[{"embeddable":true,"href":"https:\/\/agrozone.ee\/fi\/wp-json\/wp\/v2\/users\/1"}],"replies":[{"embeddable":true,"href":"https:\/\/agrozone.ee\/fi\/wp-json\/wp\/v2\/comments?post=42921"}],"version-history":[{"count":0,"href":"https:\/\/agrozone.ee\/fi\/wp-json\/wp\/v2\/pages\/42921\/revisions"}],"wp:attachment":[{"href":"https:\/\/agrozone.ee\/fi\/wp-json\/wp\/v2\/media?parent=42921"}],"curies":[{"name":"wp","href":"https:\/\/api.w.org\/{rel}","templated":true}]}}