{"id":44142,"date":"2025-01-28T11:04:09","date_gmt":"2025-01-28T09:04:09","guid":{"rendered":"https:\/\/agrozone.ee\/rekisteroidy-ja-saasta\/"},"modified":"2025-01-31T07:57:44","modified_gmt":"2025-01-31T05:57:44","slug":"rekisteroidy-ja-saasta","status":"publish","type":"page","link":"https:\/\/agrozone.ee\/fi\/rekisteroidy-ja-saasta\/","title":{"rendered":"Rekister\u00f6idy ja s\u00e4\u00e4st\u00e4!"},"content":{"rendered":"<h3><strong> Rekister\u00f6idy ja s\u00e4\u00e4st\u00e4!<\/strong><\/h3>\n<p><strong>Liity asiakasklubiimme ja nauti eksklusiivisista alennuksista!<\/strong><\/p>\n<p>Tarjoamme rekister\u00f6ityneille asiakkaille seuraavat alennukset:<\/p>\n<ul>\n<li style=\"list-style-type: none;\"> <\/li>\n<\/ul>\n<ul>\n<li style=\"list-style-type: none;\">\n<ul>\n<li><strong>Osta 2 tuotetta ja saat 1% alennuksen<\/strong> \u2013 pieni ostos, suuri ilo!<\/li>\n<li><strong>Osta 5 tuotetta ja saat 3% alennuksen<\/strong> \u2013 halvempaa ostaa kaikille!<\/li>\n<\/ul>\n<\/li>\n<\/ul>\n<ul>\n<li style=\"list-style-type: none;\">\n<ul>\n<li><strong>Osta 10 tuotetta ja saat 5% alennuksen<\/strong> \u2013 viel\u00e4 halvemmalla ostoksella!<\/li>\n<\/ul>\n<\/li>\n<\/ul>\n<ul>\n<li style=\"list-style-type: none;\">\n<ul>\n<li><strong>Osta 15 tuotetta ja saat 7% alennuksen<\/strong> \u2013 suurin alennus kanta-asiakkaille!<\/li>\n<\/ul>\n<\/li>\n<\/ul>\n<ul>\n<li style=\"list-style-type: none;\"> <\/li>\n<\/ul>\n<p data-sourcepos=\"1:1-1:240\">L\u00f6yd\u00e4 shoppailun ilo uudella tasolla! Mit\u00e4 enemm\u00e4n ostat meilt\u00e4, sit\u00e4 halvemmaksi ostokset tulevat!   <\/p>\n<p data-sourcepos=\"1:1-1:240\">Ainutlaatuinen j\u00e4rjestelm\u00e4mme laskee ostoksesi automaattisesti ja tarjoaa sinulle yh\u00e4 suurempia alennuksia vastaavasti. Se on niin yksinkertaista! <\/p>\n<p>S\u00e4\u00e4st\u00e4minen ei ole koskaan ollut n\u00e4in k\u00e4tev\u00e4\u00e4 ja miellytt\u00e4v\u00e4\u00e4. Aloita ostokset t\u00e4n\u00e4\u00e4n ja katso itse! <br \/><strong style=\"color: inherit; font-family: inherit; font-size: inherit; letter-spacing: inherit; text-align: var(--text-align);\"><br \/><\/strong><strong style=\"color: inherit; font-family: inherit; font-size: inherit; letter-spacing: inherit; text-align: var(--text-align);\">\u00c4l\u00e4 missaa loistavaa mahdollisuutta s\u00e4\u00e4st\u00e4\u00e4!<\/strong><\/p>\n<h3 data-sourcepos=\"1:1-1:28\">Miksi kannattaa rekister\u00f6ity\u00e4?<\/h3>\n<p data-sourcepos=\"3:1-3:98\">Suurten alennusten lis\u00e4ksi rekister\u00f6ityminen verkkosivustollemme tarjoaa useita muita etuja:<\/p>\n<p data-sourcepos=\"5:1-5:22\"><strong>Mukavuus ja nopeus:<\/strong><\/p>\n<ul data-sourcepos=\"12:1-14:0\">\n<li data-sourcepos=\"7:1-7:174\"><strong>Tallennetut tiedot:<\/strong> Tietosi tallennetaan j\u00e4rjestelm\u00e4\u00e4mme, joten sinun ei tarvitse sy\u00f6tt\u00e4\u00e4 niit\u00e4 uudelleen joka kerta, kun teet ostoksen. T\u00e4m\u00e4 tekee ostoksista nopeampia ja k\u00e4tev\u00e4mpi\u00e4. <\/li>\n<li data-sourcepos=\"8:1-9:0\"><strong>Ostohistoria:<\/strong> Voit seurata aiempia ostoksiasi ja tilauksiasi. T\u00e4m\u00e4 on erityisen k\u00e4tev\u00e4\u00e4, jos haluat tilata saman tuotteen uudelleen tai l\u00f6yt\u00e4\u00e4 tietoja aiemmasta ostosta. <\/li>\n<\/ul>\n<p><strong style=\"text-align: var(--text-align); color: inherit; font-family: inherit; font-size: inherit; letter-spacing: inherit;\">Lis\u00e4arvot:<\/strong><\/p>\n<ul data-sourcepos=\"17:1-19:0\">\n<li data-sourcepos=\"17:1-17:166\"><strong>Toivelista:<\/strong> Voit luoda oman toivelistan, johon voit lis\u00e4t\u00e4 tuotteet, jotka haluat ostaa tulevaisuudessa. T\u00e4m\u00e4 on k\u00e4tev\u00e4 tapa hallita ostopyynt\u00f6j\u00e4si ja jakaa ne yst\u00e4vien kanssa. <\/li>\n<li data-sourcepos=\"18:1-19:0\"><strong>Tuotteiden tarkastelu:<\/strong> Voit arvioida ja arvostella ostamiasi tuotteita. T\u00e4m\u00e4 auttaa muita asiakkaita tekem\u00e4\u00e4n tietoisempia ostop\u00e4\u00e4t\u00f6ksi\u00e4. <\/li>\n<\/ul>\n<p data-sourcepos=\"20:1-20:100\">Rekister\u00f6ityminen on nopeaa ja helppoa! Liity asiakasklubiimme t\u00e4n\u00e4\u00e4n ja nauti kaikista eduista! <\/p>\n<p><strong>Liity joukkoomme jo t\u00e4n\u00e4\u00e4n!<\/strong><\/p>\n<p>\t\t\t\t\t<a aria-label=\"button\" href=\"\">Rekister\u00f6idy nyt<\/a><\/p>\n","protected":false},"excerpt":{"rendered":"<p>Rekister\u00f6idy ja s\u00e4\u00e4st\u00e4! Liity asiakasklubiimme ja nauti eksklusiivisista alennuksista! Tarjoamme rekister\u00f6ityneille asiakkaille seuraavat alennukset: Osta 2 tuotetta ja saat 1% alennuksen \u2013 pieni ostos, suuri ilo! Osta 5 tuotetta ja saat 3% alennuksen \u2013 halvempaa ostaa kaikille! Osta 10 tuotetta ja saat 5% alennuksen \u2013 viel\u00e4 halvemmalla ostoksella! Osta 15 tuotetta ja saat 7% alennuksen [&hellip;]<\/p>\n","protected":false},"author":1,"featured_media":0,"parent":0,"menu_order":0,"comment_status":"closed","ping_status":"closed","template":"","meta":{"_acf_changed":false,"_seopress_robots_primary_cat":"","_seopress_titles_title":"","_seopress_titles_desc":"","_seopress_robots_index":"","_gspb_post_css":"","footnotes":""},"class_list":["post-44142","page","type-page","status-publish","hentry"],"blocksy_meta":[],"acf":[],"_links":{"self":[{"href":"https:\/\/agrozone.ee\/fi\/wp-json\/wp\/v2\/pages\/44142","targetHints":{"allow":["GET"]}}],"collection":[{"href":"https:\/\/agrozone.ee\/fi\/wp-json\/wp\/v2\/pages"}],"about":[{"href":"https:\/\/agrozone.ee\/fi\/wp-json\/wp\/v2\/types\/page"}],"author":[{"embeddable":true,"href":"https:\/\/agrozone.ee\/fi\/wp-json\/wp\/v2\/users\/1"}],"replies":[{"embeddable":true,"href":"https:\/\/agrozone.ee\/fi\/wp-json\/wp\/v2\/comments?post=44142"}],"version-history":[{"count":0,"href":"https:\/\/agrozone.ee\/fi\/wp-json\/wp\/v2\/pages\/44142\/revisions"}],"wp:attachment":[{"href":"https:\/\/agrozone.ee\/fi\/wp-json\/wp\/v2\/media?parent=44142"}],"curies":[{"name":"wp","href":"https:\/\/api.w.org\/{rel}","templated":true}]}}