{"id":49385,"date":"2025-04-15T13:06:44","date_gmt":"2025-04-15T11:06:44","guid":{"rendered":"https:\/\/agrozone.ee\/meista\/"},"modified":"2025-06-25T20:42:07","modified_gmt":"2025-06-25T18:42:07","slug":"meista","status":"publish","type":"page","link":"https:\/\/agrozone.ee\/fi\/meista\/","title":{"rendered":"Meist\u00e4"},"content":{"rendered":"\n<div class=\"wp-block-group alignfull has-white-background-color has-background is-layout-constrained wp-block-group-is-layout-constrained\" style=\"padding-top:7rem;padding-bottom:7rem\">\n<div class=\"wp-block-group is-layout-constrained wp-block-group-is-layout-constrained\">\n<div class=\"wp-block-columns is-layout-flex wp-container-core-columns-is-layout-2709eace wp-block-columns-is-layout-flex\">\n<div class=\"wp-block-column has-border-color has-palette-color-2-background-color has-background is-layout-flow wp-block-column-is-layout-flow\" style=\"border-color:#0000001f;border-style:solid;border-width:2px;border-radius:20px;padding-top:30px;padding-right:30px;padding-bottom:30px;padding-left:30px\">\n<div class=\"wp-block-group is-content-justification-center is-nowrap is-layout-flex wp-container-core-group-is-layout-faecc223 wp-block-group-is-layout-flex\" style=\"margin-bottom:50px\">\n<figure class=\"wp-block-image size-full is-resized has-custom-border\"><a href=\"https:\/\/www.facebook.com\/profile.php?id=100078650259644\"><img loading=\"lazy\" decoding=\"async\" width=\"640\" height=\"625\" src=\"https:\/\/agrozone.ee\/wp-content\/uploads\/2025\/04\/350535513_579453917631653_1126119781371632858_n-edited.jpg\" alt=\"Deniss Petrov\" class=\"wp-image-49189\" style=\"border-radius:100%;width:220px\" srcset=\"https:\/\/agrozone.ee\/wp-content\/uploads\/2025\/04\/350535513_579453917631653_1126119781371632858_n-edited.jpg 640w, https:\/\/agrozone.ee\/wp-content\/uploads\/2025\/04\/350535513_579453917631653_1126119781371632858_n-edited-300x293.jpg 300w\" sizes=\"auto, (max-width: 640px) 100vw, 640px\" \/><\/a><\/figure>\n<\/div>\n\n\n\n<h2 class=\"wp-block-heading has-text-align-center has-black-color has-text-color has-link-color has-medium-font-size wp-elements-39790041c54a3a6382fbc274eeb55f46\" id=\"alicia-peterson-1\" style=\"margin-top:0px\">Deniss Petrov<\/h2>\n\n\n\n<h6 class=\"wp-block-heading has-text-align-center\" id=\"ceo-juhatuse-liige\"><strong>CEO\/Hallituksen j\u00e4sen<\/strong><\/h6>\n\n\n\n<ul class=\"wp-block-social-links has-normal-icon-size is-content-justification-center is-layout-flex wp-container-core-social-links-is-layout-8f67c4b3 wp-block-social-links-is-layout-flex\" style=\"margin-bottom:60px\"><li class=\"wp-social-link wp-social-link-facebook  wp-block-social-link\"><a href=\"https:\/\/www.facebook.com\/profile.php?id=100078650259644\" class=\"wp-block-social-link-anchor\"><svg width=\"24\" height=\"24\" viewBox=\"0 0 24 24\" version=\"1.1\" xmlns=\"http:\/\/www.w3.org\/2000\/svg\" aria-hidden=\"true\" focusable=\"false\"><path d=\"M12 2C6.5 2 2 6.5 2 12c0 5 3.7 9.1 8.4 9.9v-7H7.9V12h2.5V9.8c0-2.5 1.5-3.9 3.8-3.9 1.1 0 2.2.2 2.2.2v2.5h-1.3c-1.2 0-1.6.8-1.6 1.6V12h2.8l-.4 2.9h-2.3v7C18.3 21.1 22 17 22 12c0-5.5-4.5-10-10-10z\"><\/path><\/svg><span class=\"wp-block-social-link-label screen-reader-text\">Facebook<\/span><\/a><\/li>\n\n<li class=\"wp-social-link wp-social-link-wordpress  wp-block-social-link\"><a href=\"https:\/\/www.agrozone.ee\" class=\"wp-block-social-link-anchor\"><svg width=\"24\" height=\"24\" viewBox=\"0 0 24 24\" version=\"1.1\" xmlns=\"http:\/\/www.w3.org\/2000\/svg\" aria-hidden=\"true\" focusable=\"false\"><path d=\"M12.158,12.786L9.46,20.625c0.806,0.237,1.657,0.366,2.54,0.366c1.047,0,2.051-0.181,2.986-0.51 c-0.024-0.038-0.046-0.079-0.065-0.124L12.158,12.786z M3.009,12c0,3.559,2.068,6.634,5.067,8.092L3.788,8.341 C3.289,9.459,3.009,10.696,3.009,12z M18.069,11.546c0-1.112-0.399-1.881-0.741-2.48c-0.456-0.741-0.883-1.368-0.883-2.109 c0-0.826,0.627-1.596,1.51-1.596c0.04,0,0.078,0.005,0.116,0.007C16.472,3.904,14.34,3.009,12,3.009 c-3.141,0-5.904,1.612-7.512,4.052c0.211,0.007,0.41,0.011,0.579,0.011c0.94,0,2.396-0.114,2.396-0.114 C7.947,6.93,8.004,7.642,7.52,7.699c0,0-0.487,0.057-1.029,0.085l3.274,9.739l1.968-5.901l-1.401-3.838 C9.848,7.756,9.389,7.699,9.389,7.699C8.904,7.67,8.961,6.93,9.446,6.958c0,0,1.484,0.114,2.368,0.114 c0.94,0,2.397-0.114,2.397-0.114c0.485-0.028,0.542,0.684,0.057,0.741c0,0-0.488,0.057-1.029,0.085l3.249,9.665l0.897-2.996 C17.841,13.284,18.069,12.316,18.069,11.546z M19.889,7.686c0.039,0.286,0.06,0.593,0.06,0.924c0,0.912-0.171,1.938-0.684,3.22 l-2.746,7.94c2.673-1.558,4.47-4.454,4.47-7.771C20.991,10.436,20.591,8.967,19.889,7.686z M12,22C6.486,22,2,17.514,2,12 C2,6.486,6.486,2,12,2c5.514,0,10,4.486,10,10C22,17.514,17.514,22,12,22z\"><\/path><\/svg><span class=\"wp-block-social-link-label screen-reader-text\">WordPress<\/span><\/a><\/li>\n\n<li class=\"wp-social-link wp-social-link-mail  wp-block-social-link\"><a href=\"mailto:deniss@agrozone.ee\" class=\"wp-block-social-link-anchor\"><svg width=\"24\" height=\"24\" viewBox=\"0 0 24 24\" version=\"1.1\" xmlns=\"http:\/\/www.w3.org\/2000\/svg\" aria-hidden=\"true\" focusable=\"false\"><path d=\"M19,5H5c-1.1,0-2,.9-2,2v10c0,1.1.9,2,2,2h14c1.1,0,2-.9,2-2V7c0-1.1-.9-2-2-2zm.5,12c0,.3-.2.5-.5.5H5c-.3,0-.5-.2-.5-.5V9.8l7.5,5.6,7.5-5.6V17zm0-9.1L12,13.6,4.5,7.9V7c0-.3.2-.5.5-.5h14c.3,0,.5.2.5.5v.9z\"><\/path><\/svg><span class=\"wp-block-social-link-label screen-reader-text\">S\u00e4hk\u00f6posti<\/span><\/a><\/li><\/ul>\n<\/div>\n<\/div>\n<\/div>\n\n\n\n<div class=\"wp-block-greenshift-blocks-container gspb_container gspb_container-gsbp-dfe5fdc\" id=\"gspb_container-id-gsbp-dfe5fdc\">\n<h1 class=\"wp-block-heading has-text-align-left\" id=\"ceo-juhatuse-liige\">T\u00e4m\u00e4n verkkokaupan lyhyt syntytarina<\/h1>\n\n\n\n<p>2022. Vuonna 2022 l\u00f6in yst\u00e4v\u00e4ni kanssa vetoa, pystyisink\u00f6 luomaan verkkokaupan itse nollasta.<\/p>\n\n\n\n<p>Yrityksen ja erehdyksen kautta loin oman verkkokauppani, rekister\u00f6in yrityksen ja aloin mainostaa tuttaville vain 50 eurolla Alizone O\u00dc:n yritystilill\u00e4. Niin saapuivatkin ensimm\u00e4iset tilaukset. Joka tilasi, tilasi uudelleen, kertoi yst\u00e4villeen ja v\u00e4hitellen tilauksia alkoi tulla yh\u00e4 enemm\u00e4n.  <\/p>\n\n\n\n<p>Ep\u00e4onnistuin noin 5\u20136 kertaa ja jouduin aloittamaan verkkokaupan luomisen alusta. <strong>Kunhan ei anna periksi, niin ennemmin tai my\u00f6hemmin kaikki onnistuu! <\/strong><\/p>\n\n\n\n<p>T\u00e4m\u00e4n verkkokaupan olen luonut itse, ilman mink\u00e4\u00e4nlaista ulkopuolista apua.<\/p>\n\n\n\n<h1 class=\"wp-block-heading\" id=\"tutvustame-alizone-ou-d-teie-partner-aia-ja-taimede-hoolduses\">Esittelyss\u00e4 Alizone O\u00dc: Kumppanisi puutarhan ja kasvien hoidossa<\/h1>\n\n\n\n<p>Tervetuloa Alizone O\u00dc:n maailmaan, jossa laatu ja luotettavuus kohtaavat puutarhan ja kasvienhoidon tarpeesi. Alizone O\u00dc toimii verkkosivun www.agrozone.ee kautta <sup><\/sup> ja on sitoutunut tarjoamaan laajan valikoiman tuotteita ja palveluita niin aloitteleville viherpeukaloille kuin kokeneillekin puutarhureille. Yrityksen p\u00e4\u00e4asiallinen tavoite on olla luotettava kumppanisi, joka auttaa muuttamaan puutarhaunelmasi todeksi. Koska Alizone O\u00dc toimii p\u00e4\u00e4asiassa verkkosivun kautta, se tarjoaa k\u00e4tev\u00e4n mahdollisuuden selata ja tilata tarvittavia tuotteita kaikkialta Virosta ilman maantieteellisi\u00e4 rajoituksia. Lis\u00e4ksi yrityksen nimivalinta korostaa &#8220;kumppani&#8221;-olemusta, mik\u00e4 tarkoittaa halua luoda pitk\u00e4aikaisia suhteita asiakkaisiin tarjoamalla heille tukea ja ratkaisuja heid\u00e4n puutarhan ja kasvienhoidon matkallaan.     <\/p>\n\n\n\n<h2 class=\"wp-block-heading\" id=\"lai-valik-kvaliteetseid-tooteid-ja-teenuseid\">Laaja valikoima laadukkaita tuotteita ja palveluita<\/h2>\n\n\n\n<p>Alizone O\u00dc tarjoaa AGROZONE.EE-verkkosivustolla vaikuttavan valikoiman tuotteita ja palveluita, jotka on jaettu useisiin p\u00e4\u00e4kategorioihin.<sup><\/sup> T\u00e4m\u00e4 laaja valikoima osoittaa, ett\u00e4 yrityksen tavoitteena on vastata erilaisten asiakkaiden tarpeisiin heid\u00e4n kokemustasostaan tai puutarhan koosta riippumatta. <\/p>\n\n\n\n<p><strong>Lannoitteet:<\/strong> Alizone O\u00dc:n valikoimassa on monenlaisia lannoitteita, mukaan lukien yleisk\u00e4ytt\u00f6iset puutarhalannoitteet, erikoisnurmikkolannoitteet, helposti k\u00e4ytett\u00e4v\u00e4t nestem\u00e4iset lannoitteet ja huonelannoitteet, jotka on r\u00e4\u00e4t\u00e4l\u00f6ity erityisesti sis\u00e4tiloissa kasvavien kasvien tarpeisiin. Lis\u00e4ksi tarjolla on pitk\u00e4vaikutteisia lannoitteita, jotka takaavat kasveille tasaisen ravinnonsaannin pidemm\u00e4n ajan. Erityisen huomionarvoista on erillinen luonnonmukaiseen puutarhanhoitoon tarkoitettu kategoria, josta l\u00f6ytyy niin feromonipyydyksi\u00e4 kuin orgaanisia lannoitteita. T\u00e4m\u00e4 osoittaa, ett\u00e4 Alizone O\u00dc v\u00e4litt\u00e4\u00e4 ymp\u00e4rist\u00f6yst\u00e4v\u00e4llisist\u00e4 ratkaisuista ja tarjoaa tuotteita my\u00f6s niille, jotka suosivat luonnonmukaista viljely\u00e4. Ammattimaisemmille asiakkaille on saatavilla erillinen tuotesarja. Vuodenaikojen mukaan tarjotaan my\u00f6s erityisi\u00e4 syys- ja kev\u00e4tlannoitteita, jotka on kehitetty vastaamaan kasvien tarpeita eri vuodenaikoina. T\u00e4llainen lannoitevalikoiman monipuolisuus korostaa, ett\u00e4 Alizone O\u00dc ymm\u00e4rt\u00e4\u00e4 asiakkaiden erilaisia tarpeita ja pyrkii tarjoamaan ratkaisuja jokaiseen tilanteeseen. Erillisten syys- ja kev\u00e4tlannoitteiden olemassaolo osoittaa ymm\u00e4rryst\u00e4 kasvien elinkaaresta ja vuodenaikaisista tarpeista tarjoten asiakkaille kohdennettuja ratkaisuja.       <\/p>\n\n\n\n<p><strong>Siemenet:<\/strong> Siemenluokka on my\u00f6s eritt\u00e4in runsas. Alkaen kasvatuspakkauksista, jotka sopivat erinomaisesti aloittelijoille, aina laajaan valikoimaan vihannes- ja kukkasiemeni\u00e4. Lis\u00e4ksi tarjolla on hunajakasvien ja v\u00e4liviljelykasvien siemeni\u00e4, jotka ovat t\u00e4rkeit\u00e4 sek\u00e4 mehil\u00e4isten houkuttelemiseksi ett\u00e4 maaper\u00e4n parantamiseksi. Nurmikkosiemenet auttavat luomaan kauniin ja terveen nurmikon, kun taas sienirihmasto ja siemenperunat tarjoavat mahdollisuuden kasvattaa sieni\u00e4 ja perunoita. Valikoimassa on my\u00f6s erilaisia siementen kylv\u00e4miseen liittyvi\u00e4 tarvikkeita. Laaja siemenvalikoima mahdollistaa asiakkaiden puutarhat\u00f6iden aloittamisen alusta alkaen, kasvattamalla itse taimia. Erityisen hyvi\u00e4 ovat kasvatuspakkaukset aloitteleville puutarhureille, sill\u00e4 ne sis\u00e4lt\u00e4v\u00e4t kaiken tarvittavan ensimm\u00e4isen sadon saamiseksi.      <\/p>\n\n\n\n<p><strong>Kasvien ja mullan kate:<\/strong> Alizone O\u00dc tarjoaa erilaisia kateaineita kasvien ja mullan suojaamiseen. Hy\u00f6nteisverkot suojaavat kasveja haitallisilta hy\u00f6nteisilt\u00e4, harsokangas tarjoaa suojaa kylm\u00e4lt\u00e4 ja tuholaisilta, tekstiilikate auttaa s\u00e4ilytt\u00e4m\u00e4\u00e4n mullan kosteuden ja est\u00e4\u00e4 rikkakasvien kasvua, kun taas rikkakasviharsokangas on viel\u00e4 tehokkaampi rikkakasvien torjunnassa. Varjostuskangas auttaa suojaamaan kasveja liialliselta auringolta, talvisuojat puolestaan tarjoavat tarvittavan suojan kylmien talvikuukausien aikana. Lis\u00e4ksi valikoimassa on myyr\u00e4- ja j\u00e4nisverkot sek\u00e4 rungonsuojusverkot, jotka suojaavat puutarhaa ei-toivotuilta vierailta. Saatavilla on my\u00f6s erilaisia kateaineiden asennukseen ja huoltoon tarvittavia tarvikkeita. Erilaisten kateaineiden olemassaolo osoittaa, ett\u00e4 Alizone O\u00dc tarjoaa ratkaisuja kasvien suojaamiseen monilta ymp\u00e4rist\u00f6tekij\u00f6ilt\u00e4 ja tuholaisilta.     <\/p>\n\n\n\n<p><strong>Puutarha- ja kasvien suojaus:<\/strong> T\u00e4ss\u00e4 kategoriassa on laaja valikoima tuotteita, jotka auttavat pit\u00e4m\u00e4\u00e4n puutarhan terveen\u00e4 ja kasvit vahingoittumattomina. Valikoimassa on hy\u00f6nteis- ja hyttyskarkotteita, kasvitautien torjunta-aineita, kasvien tuholaistorjunta-aineita, jyrsij\u00e4karkotteita ja erilaisia rikkakasvien torjunta-aineita. Lis\u00e4ksi saatavilla on my\u00f6s yleisk\u00e4ytt\u00f6isi\u00e4 kasvinsuojeluaineita ja rungonsuojusverkkoja. Kasvinsuojelutuotteiden olemassaolo korostaa yrityksen huolta kasvien terveydest\u00e4 ja tarjoaa asiakkaille ratkaisuja puutarhassa eteen tulevien ongelmien ennaltaehk\u00e4isyyn ja poistamiseen.   <\/p>\n\n\n\n<p><strong>Puutarhatarvikkeet:<\/strong> Puutarhatarvikkeiden valikoima on vaikuttavan laaja kattaen kaiken puutarhat\u00f6ihin tarvittavan. Kompostista, joka on t\u00e4rke\u00e4\u00e4 mullan rikastamiseksi, aina monipuolisiin puutarhaty\u00f6kaluihin, mukaan lukien akkuk\u00e4ytt\u00f6iset ty\u00f6kalut ja oksasakset. Valikoimassa on my\u00f6s kastelupusseja, erilaisia kasvihuonetarvikkeita, k\u00e4sineit\u00e4, kylv\u00f6koneita ja liukuesteit\u00e4. Erityisen laaja on kasteluj\u00e4rjestelmien valikoima, joka sis\u00e4lt\u00e4\u00e4 niin letkuja, PE-putkia, erilaisia sadetusj\u00e4rjestelmi\u00e4, kasteluohjaimia, paineen s\u00e4\u00e4timi\u00e4, tippakasteluj\u00e4rjestelmi\u00e4 kuin kaikki tarvittavat tarvikkeet ja liittimet. Lis\u00e4ksi saatavilla on kasvihuonekalvoja, lintuverkkoja, mansikkamuovia, mullanparannusaineita, ruiskuja, kasvien nimilappuja ja tukemistarvikkeita. Valikoimaa t\u00e4ydent\u00e4v\u00e4t erilaiset tarvikkeet, varaosat ja verkkopussit. Eritt\u00e4in laaja puutarhatarvikevalikoima osoittaa, ett\u00e4 asiakas saa kaiken tarvittavan yhdest\u00e4 paikasta s\u00e4\u00e4st\u00e4en n\u00e4in aikaa ja vaivaa. Kasteluj\u00e4rjestelmien yksityiskohtainen valikoima, mukaan lukien eri tyypit, ohjaimet ja suodattimet, viittaa ammattimaiseen l\u00e4hestymistapaan kasteluun ja mahdollistaa asiakkaiden luoda oman puutarhansa tarpeisiin sopivia ratkaisuja.       <\/p>\n\n\n\n<p><strong>Linnuille:<\/strong> My\u00f6s linnuille on oma tuotevalikoima, joka sis\u00e4lt\u00e4\u00e4 erilaisia linnunruokia ja lintujen ruokintamajoja. Tuotteiden olemassaolo linnuille osoittaa, ett\u00e4 yritys v\u00e4litt\u00e4\u00e4 laajemmasta ekosysteemist\u00e4 ja tarjoaa tuotteita my\u00f6s luontoyst\u00e4v\u00e4llisille puutarhureille. <\/p>\n\n\n\n<h2 class=\"wp-block-heading\" id=\"lahendused-iga-aedniku-vajadusele\">Ratkaisuja jokaisen puutarhurin tarpeisiin<\/h2>\n\n\n\n<p>Alizone O\u00dc:n tavoitteena on olla luotettava kumppani puutarhat\u00f6iss\u00e4 tarjoamalla AGROZONE.EE-verkkosivuston kautta kaiken tarvittavan yhdest\u00e4 paikasta.<sup><\/sup> Olipa ongelmasi rikkakasvit, tuholaiset tai tarve lannoittaa kasveja, Alizone O\u00dc:n laajasta valikoimasta l\u00f6yd\u00e4t varmasti sopivat ratkaisut.<sup><\/sup> Konsepti &#8220;kaikki tarvittava yhdest\u00e4 paikasta&#8221; s\u00e4\u00e4st\u00e4\u00e4 asiakkaiden aikaa ja vaivaa, koska he voivat tilata kaikki tarvitsemansa tuotteet k\u00e4tev\u00e4sti yhdest\u00e4 verkkokaupasta. Erityisten ongelmien ratkaisuun suunnatut tuotteet, kuten tuholaistorjunta-aineet, osoittavat, ett\u00e4 yritys ymm\u00e4rt\u00e4\u00e4 puutarhureiden haasteita ja tarjoaa heille k\u00e4yt\u00e4nn\u00f6llisi\u00e4 ratkaisuja.  <\/p>\n\n\n\n<h2 class=\"wp-block-heading\" id=\"kvaliteet-ja-usaldusvaarsus\">Laatu ja luotettavuus<\/h2>\n\n\n\n<p>Verkkosivun AGROZONE.EE logo korostaa sanoja &#8220;laatu ja luottamus&#8221;.<sup><\/sup> T\u00e4m\u00e4 osoittaa, ett\u00e4 Alizone O\u00dc:lle on t\u00e4rke\u00e4\u00e4 tarjota asiakkailleen korkealaatuisia tuotteita, joihin he voivat luottaa. Erityisesti verkkokaupassa, jossa asiakas ei voi fyysisesti n\u00e4hd\u00e4 tuotetta ennen ostamista, luottamuksen luominen on ensiarvoisen t\u00e4rke\u00e4\u00e4. Laaja tuotevalikoima voi ep\u00e4suorasti viitata laatuun, sill\u00e4 se antaa viitteit\u00e4 siit\u00e4, ett\u00e4 yritys tekee yhteisty\u00f6t\u00e4 useiden eri toimittajien kanssa ja tarjoaa eri hintaluokkia, mahdollistaen asiakkaiden valita juuri heille sopivat laatutasot.   <\/p>\n\n\n\n<h2 class=\"wp-block-heading\" id=\"mugavus-ja-kattesaadavus\">Mukavuus ja saatavuus<\/h2>\n\n\n\n<p>Alizone O\u00dc:n verkkokauppa AGROZONE.EE on luotu k\u00e4ytt\u00e4j\u00e4yst\u00e4v\u00e4lliseksi ja mukavaksi ostosymp\u00e4rist\u00f6ksi. Asiakkaat voivat helposti selata tuotteita, tutustua niiden kuvauksiin ja tehd\u00e4 tilauksia suoraan verkosta. <sup><\/sup> Lis\u00e4ksi verkkosivustolla on erillinen &#8220;Kuinka ostaa?&#8221; -sivu, joka opastaa asiakkaita ostoprosessissa. Paikallisille asiakkaille tarjotaan my\u00f6s mahdollisuutta noutaa tilaukset itse.<sup><\/sup> Jos asiakkailla on kysytt\u00e4v\u00e4\u00e4 tai he tarvitsevat apua, he voivat k\u00e4ytt\u00e4\u00e4 verkkosivustolla olevaa &#8220;Kirjoita meille&#8221; -yhteydenottolomaketta.<sup><\/sup> Alizone O\u00dc kannustaa asiakkaita rekister\u00f6itym\u00e4\u00e4n ja lupaa siit\u00e4 seuraavia s\u00e4\u00e4st\u00f6mahdollisuuksia <sup><\/sup>, mik\u00e4 motivoi asiakkaita pysym\u00e4\u00e4n uskollisina. Verkkotilauksen mukavuus on nyky\u00e4\u00e4n asiakkaille eritt\u00e4in t\u00e4rke\u00e4\u00e4, koska se mahdollistaa ostosten tekemisen milloin ja miss\u00e4 tahansa. Itse noutamisen mahdollisuus tarjoaa paikallisille asiakkaille lis\u00e4joustoa ja voi olla nopein tapa saada tilauksensa. Rekister\u00f6itymisen ja s\u00e4\u00e4st\u00f6jen tarjoaminen auttaa luomaan pysyv\u00e4n asiakassuhteen ja edist\u00e4\u00e4 toistuvia ostoksia.     <\/p>\n\n\n\n<h2 class=\"wp-block-heading\" id=\"uued-tooted-ja-sooduspakkumised\">Uutuudet ja tarjoukset<\/h2>\n\n\n\n<p>Alizone O\u00dc:n verkkokauppaa p\u00e4ivitet\u00e4\u00e4n jatkuvasti uusilla tuotteilla, joille on luotu erillinen &#8220;Uudet tuotteet&#8221; -sivu.<sup><\/sup> Lis\u00e4ksi on olemassa &#8220;Alennukset&#8221;-sivu, josta asiakkaat voivat l\u00f6yt\u00e4\u00e4 laajan valikoiman alennettuja tuotteita..<sup><\/sup> uosituimpien tuotteiden esille tuomiseksi on luotu &#8220;Eniten ostetut&#8221; -osio <sup><\/sup>, joka auttaa uusia asiakkaita tekem\u00e4\u00e4n tietoon perustuvia p\u00e4\u00e4t\u00f6ksi\u00e4 n\u00e4kem\u00e4ll\u00e4, mitk\u00e4 tuotteet ovat muiden asiakkaiden suosikkeja. Uusien tuotteiden ja alennusten olemassaolo pit\u00e4\u00e4 verkkokaupan dynaamisena ja tarjoaa asiakkaille jatkuvasti jotain uutta ja kiinnostavaa. &#8220;Eniten ostetut&#8221; -osio toimii er\u00e4\u00e4nlaisena sosiaalisena todisteena auttaen uusia ostajia valitsemaan suosituimpia ja todenn\u00e4k\u00f6isesti laadukkaimpia tuotteita.   <\/p>\n\n\n\n<h2 class=\"wp-block-heading\" id=\"klienditugi-ja-kontakt\">Asiakastuki ja Yhteystiedot<\/h2>\n\n\n\n<p>Alizone O\u00dc tarjoaa asiakkailleen useita tapoja ottaa yhteytt\u00e4 yritykseen. Yrityksen viralliset tiedot ovat seuraavat: O\u00dc alizone, rekisterinumero 16576363, arvonlis\u00e4verotunniste EE102537837 ja kasvinterveysrekisterin numero 240190.<sup><\/sup> Asiakkaat voivat soittaa puhelinnumeroon +372 56 50 4141 <sup><\/sup> tai l\u00e4hett\u00e4\u00e4 s\u00e4hk\u00f6postia osoitteeseen info@agrozone.ee.<sup><\/sup> Lis\u00e4ksi verkkosivustolla on k\u00e4tev\u00e4 yhteydenottolomake.<sup><\/sup> Selke\u00e4sti esitetyt yhteystiedot lis\u00e4\u00e4v\u00e4t luotettavuutta ja osoittavat, ett\u00e4 yritys on aina tavoitettavissa asiakkaita varten. Eri yhteydenottotapojen olemassaolo tarjoaa asiakkaille mukavuutta ja valinnanvapautta, mahdollistaen heid\u00e4n valita itselleen sopivimman tavan ottaa yhteytt\u00e4 yritykseen.   <\/p>\n\n\n\n<h2 class=\"wp-block-heading\" id=\"kokkuvote\">Yhteenveto<\/h2>\n\n\n\n<p>Alizone O\u00dc, toimien verkkosivuston www.agrozone.ee kautta, on luotettava kumppanisi puutarhan ja kasvien hoidossa. Yritys erottuu laajalla valikoimallaan laadukkaita tuotteita, jotka kattavat kaikki puutarhurin tarpeet lannoitteista ja siemenist\u00e4 aina kasvinsuojelutuotteisiin ja puutarhatarvikkeisiin. K\u00e4tev\u00e4 verkkokauppa, erilaiset toimitusvaihtoehdot ja jatkuvasti uudistuvat tarjoukset tekev\u00e4t ostoprosessista helpon ja miellytt\u00e4v\u00e4n. Alizone O\u00dc on sitoutunut asiakkaidensa tarpeisiin ja ongelmien ratkaisemiseen tarjoamalla ammattitaitoista tukea ja laadukkaita tuotteita. Valitsemalla Alizone O\u00dc:n, valitset laatua, luottamusta ja mukavuutta puutarhaasi varten.    <\/p>\n<\/div>\n<\/div>\n","protected":false},"excerpt":{"rendered":"<p>Deniss Petrov CEO\/Hallituksen j\u00e4sen<\/p>\n","protected":false},"author":1,"featured_media":0,"parent":0,"menu_order":0,"comment_status":"closed","ping_status":"closed","template":"","meta":{"_acf_changed":false,"_seopress_robots_primary_cat":"","_seopress_titles_title":"","_seopress_titles_desc":"","_seopress_robots_index":"","_gspb_post_css":".gspb_container-id-gsbp-dfe5fdc{flex-direction:column;box-sizing:border-box}#gspb_container-id-gsbp-dfe5fdc.gspb_container>p:last-of-type{margin-bottom:0}#gspb_container-id-gsbp-dfe5fdc.gspb_container{position:relative}","footnotes":""},"class_list":["post-49385","page","type-page","status-publish","hentry"],"blocksy_meta":[],"acf":[],"_links":{"self":[{"href":"https:\/\/agrozone.ee\/fi\/wp-json\/wp\/v2\/pages\/49385","targetHints":{"allow":["GET"]}}],"collection":[{"href":"https:\/\/agrozone.ee\/fi\/wp-json\/wp\/v2\/pages"}],"about":[{"href":"https:\/\/agrozone.ee\/fi\/wp-json\/wp\/v2\/types\/page"}],"author":[{"embeddable":true,"href":"https:\/\/agrozone.ee\/fi\/wp-json\/wp\/v2\/users\/1"}],"replies":[{"embeddable":true,"href":"https:\/\/agrozone.ee\/fi\/wp-json\/wp\/v2\/comments?post=49385"}],"version-history":[{"count":0,"href":"https:\/\/agrozone.ee\/fi\/wp-json\/wp\/v2\/pages\/49385\/revisions"}],"wp:attachment":[{"href":"https:\/\/agrozone.ee\/fi\/wp-json\/wp\/v2\/media?parent=49385"}],"curies":[{"name":"wp","href":"https:\/\/api.w.org\/{rel}","templated":true}]}}