{"id":35739,"date":"2024-07-05T09:12:25","date_gmt":"2024-07-05T06:12:25","guid":{"rendered":"https:\/\/agrozone.ee\/?post_type=product&#038;p=35739"},"modified":"2026-03-23T20:46:08","modified_gmt":"2026-03-23T18:46:08","slug":"maasikaspinaat-nelly-jelly","status":"publish","type":"product","link":"https:\/\/agrozone.ee\/fi\/tuote\/maasikaspinaat-nelly-jelly\/","title":{"rendered":"MAASIKASPINAAT NELLY JELLY"},"content":{"rendered":"<p>MAASIKASPINAAT &#8211; Chenopodium capitatum (L.) Asch. &#8211;\u00a0<b>Ere hanemalts<\/b>\u00a0on\u00a0rebasheinaliste\u00a0sugukonda\u00a0hanemaltsa\u00a0perekonda\u00a0kuuluv\u00a0rohttaim.<\/p>\n<ul>\n<li>V\u00e4hen\u00f5udlik ja kergesti kasvatatav spinatisort, mida saavad nautida ka v\u00e4iksemad aednikud.<\/li>\n<li>Lehed ja punased marjad sobivad toiduks ning lisavad aeda ilu, mis k\u00f6idab laste t\u00e4helepanu.<\/li>\n<\/ul>\n<p>Kogus pakendis 0,5g<br \/>\nSeemnete arv grammi kohta ~1100-1200<br \/>\nK\u00fclviaeg mulda IV-V, X 0,3 cm<br \/>\nKaugused, cm V, 20 x 20 cm<br \/>\nSaak VI-VIII<\/p>\n","protected":false},"excerpt":{"rendered":"<ul>\n<li>V\u00e4hen\u00f5udlik ja kergesti kasvatatav spinatisort, mida saavad nautida ka v\u00e4iksemad aednikud.<\/li>\n<li>Lehed ja punased marjad sobivad toiduks ning lisavad aeda ilu, mis k\u00f6idab laste t\u00e4helepanu.<\/li>\n<\/ul>\n","protected":false},"featured_media":35742,"template":"","meta":{"_acf_changed":false,"_seopress_robots_primary_cat":"none","_seopress_titles_title":"","_seopress_titles_desc":"","_seopress_robots_index":"","_gspb_post_css":""},"product_brand":[],"product_cat":[15,88,87,408],"product_tag":[],"class_list":{"0":"post-35739","1":"product","2":"type-product","3":"status-publish","4":"has-post-thumbnail","6":"product_cat-koik-kategooriad","7":"product_cat-koogiviljaseemned","8":"product_cat-seemned","9":"product_cat-spinat","11":"first","12":"instock","13":"featured","14":"taxable","15":"shipping-taxable","16":"purchasable","17":"product-type-simple"},"ct_brands":[],"acf":[],"_links":{"self":[{"href":"https:\/\/agrozone.ee\/fi\/wp-json\/wp\/v2\/product\/35739","targetHints":{"allow":["GET"]}}],"collection":[{"href":"https:\/\/agrozone.ee\/fi\/wp-json\/wp\/v2\/product"}],"about":[{"href":"https:\/\/agrozone.ee\/fi\/wp-json\/wp\/v2\/types\/product"}],"wp:featuredmedia":[{"embeddable":true,"href":"https:\/\/agrozone.ee\/fi\/wp-json\/wp\/v2\/media\/35742"}],"wp:attachment":[{"href":"https:\/\/agrozone.ee\/fi\/wp-json\/wp\/v2\/media?parent=35739"}],"wp:term":[{"taxonomy":"product_brand","embeddable":true,"href":"https:\/\/agrozone.ee\/fi\/wp-json\/wp\/v2\/product_brand?post=35739"},{"taxonomy":"product_cat","embeddable":true,"href":"https:\/\/agrozone.ee\/fi\/wp-json\/wp\/v2\/product_cat?post=35739"},{"taxonomy":"product_tag","embeddable":true,"href":"https:\/\/agrozone.ee\/fi\/wp-json\/wp\/v2\/product_tag?post=35739"}],"curies":[{"name":"wp","href":"https:\/\/api.w.org\/{rel}","templated":true}]}}