{"id":36296,"date":"2024-09-02T15:02:26","date_gmt":"2024-09-02T12:02:26","guid":{"rendered":"https:\/\/agrozone.ee\/?post_type=product&#038;p=36296"},"modified":"2026-04-09T08:51:30","modified_gmt":"2026-04-09T06:51:30","slug":"dekoratiivne-harilik-riis","status":"publish","type":"product","link":"https:\/\/agrozone.ee\/fi\/tuote\/dekoratiivne-harilik-riis\/","title":{"rendered":"Dekoratiivne Harilik Riis"},"content":{"rendered":"<p><strong>Dekoratiivne Harilik Riis &#8211; Oryza sativa<\/strong><\/p>\n<ul>\n<li data-sourcepos=\"3:1-3:353\">See rohttaim kasvab kuni 40 cm k\u00f5rguseks ning on tuntud oma tumedate lillakate lehtede poolest.<\/li>\n<li data-sourcepos=\"3:1-3:353\">Kuigi see on mitmeaastane taim, kasvatatakse seda sageli \u00fcheaastasena.<\/li>\n<li data-sourcepos=\"3:1-3:353\">See taim armastab niiskust ning sobib ideaalselt kasvatamiseks nii pottides, lillepeenardes kui ka erinevates lillekombinatsioonides.<\/li>\n<li data-sourcepos=\"3:1-3:353\">Eriti kaunis on see veekogude \u00fcmbruses.<\/li>\n<li data-sourcepos=\"5:1-5:321\">Dekoratiiv riisi saab kombineerida ka heledamate \u00f5itega taimedega ning sobib suurep\u00e4raselt ka l\u00f5ikelilleks v\u00f5i kuivatamiseks.<\/li>\n<li data-sourcepos=\"5:1-5:321\">Taim eelistab p\u00e4ikeselist kasvukohta ning niisket pinnast.<\/li>\n<li data-sourcepos=\"5:1-5:321\">Oluline on tagada taimedele pidev niiskus.<\/li>\n<li data-sourcepos=\"5:1-5:321\">Kui soovid neid istutada lillepeenrasse, on soovitatav kasutada pottides ettekasvatatud taimi.<\/li>\n<\/ul>\n<p data-sourcepos=\"7:1-7:42\">\u00dches grammis seemneid on umbes 40 seemet.<\/p>\n<p data-sourcepos=\"7:1-7:42\">Kogus pakendis: 2 g<br \/>\nK\u00fclviaeg mulda: V-VI<br \/>\nK\u00fclviaeg kasvuhoones: III-IV<br \/>\nKaugused, cm: 30&#215;30 cm<br \/>\n\u00d5itsemisperiood: VI-IX<\/p>\n","protected":false},"excerpt":{"rendered":"<ul>\n<li data-sourcepos=\"3:1-3:353\">See rohttaim kasvab kuni 40 cm k\u00f5rguseks ning on tuntud oma tumedate lillakate lehtede poolest.<\/li>\n<li data-sourcepos=\"3:1-3:353\">Kuigi see on mitmeaastane taim, kasvatatakse seda sageli \u00fcheaastasena.<\/li>\n<li data-sourcepos=\"3:1-3:353\">See taim armastab niiskust ning sobib ideaalselt kasvatamiseks nii pottides, lillepeenardes kui ka erinevates lillekombinatsioonides.<\/li>\n<li data-sourcepos=\"3:1-3:353\">Eriti kaunis on see veekogude \u00fcmbruses.<\/li>\n<li data-sourcepos=\"5:1-5:321\">Dekoratiiv riisi saab kombineerida ka heledamate \u00f5itega taimedega ning sobib suurep\u00e4raselt ka l\u00f5ikelilleks v\u00f5i kuivatamiseks.<\/li>\n<\/ul>\n","protected":false},"featured_media":36299,"template":"","meta":{"_acf_changed":false,"_seopress_robots_primary_cat":"","_seopress_titles_title":"","_seopress_titles_desc":"","_seopress_robots_index":"","_gspb_post_css":""},"product_brand":[],"product_cat":[15,100,1206,1212,87],"product_tag":[],"class_list":{"0":"post-36296","1":"product","2":"type-product","3":"status-publish","4":"has-post-thumbnail","6":"product_cat-koik-kategooriad","7":"product_cat-lilleseemned","8":"product_cat-mitmeaastased","9":"product_cat-mitmesugused","10":"product_cat-seemned","12":"first","13":"instock","14":"featured","15":"taxable","16":"shipping-taxable","17":"purchasable","18":"product-type-simple"},"ct_brands":[],"acf":[],"_links":{"self":[{"href":"https:\/\/agrozone.ee\/fi\/wp-json\/wp\/v2\/product\/36296","targetHints":{"allow":["GET"]}}],"collection":[{"href":"https:\/\/agrozone.ee\/fi\/wp-json\/wp\/v2\/product"}],"about":[{"href":"https:\/\/agrozone.ee\/fi\/wp-json\/wp\/v2\/types\/product"}],"wp:featuredmedia":[{"embeddable":true,"href":"https:\/\/agrozone.ee\/fi\/wp-json\/wp\/v2\/media\/36299"}],"wp:attachment":[{"href":"https:\/\/agrozone.ee\/fi\/wp-json\/wp\/v2\/media?parent=36296"}],"wp:term":[{"taxonomy":"product_brand","embeddable":true,"href":"https:\/\/agrozone.ee\/fi\/wp-json\/wp\/v2\/product_brand?post=36296"},{"taxonomy":"product_cat","embeddable":true,"href":"https:\/\/agrozone.ee\/fi\/wp-json\/wp\/v2\/product_cat?post=36296"},{"taxonomy":"product_tag","embeddable":true,"href":"https:\/\/agrozone.ee\/fi\/wp-json\/wp\/v2\/product_tag?post=36296"}],"curies":[{"name":"wp","href":"https:\/\/api.w.org\/{rel}","templated":true}]}}