{"id":36313,"date":"2024-09-02T17:53:31","date_gmt":"2024-09-02T14:53:31","guid":{"rendered":"https:\/\/agrozone.ee\/?post_type=product&#038;p=36313"},"modified":"2026-04-06T08:31:11","modified_gmt":"2026-04-06T06:31:11","slug":"siilkubar-paradiso-super-duper","status":"publish","type":"product","link":"https:\/\/agrozone.ee\/fi\/tuote\/siilkubar-paradiso-super-duper\/","title":{"rendered":"Siilk\u00fcbar PARADISO SUPER-DUPER"},"content":{"rendered":"<p><strong>Siilk\u00fcbar PARADISO SUPER-DUPER - Echinacea purpurea (L.) Moench<\/strong><\/p>\n<ul>\n<li data-sourcepos=\"3:1-3:44\">See mitmeaastane taim on v\u00e4ga dekoratiivne, poolt\u00e4idetud \u00f5itega ning kasvab kuni 80 cm k\u00f5rguseks.<\/li>\n<li data-sourcepos=\"3:1-3:44\">\u00d5itseb juba esimesel aastal p\u00e4rast k\u00fclvi.<\/li>\n<li data-sourcepos=\"3:1-3:44\">Eelistab kasvada kergemas, h\u00e4sti v\u00e4etatud mullas orgaaniliste v\u00e4etistega, p\u00e4ikesepaistelisel kohal v\u00f5i poolvarjus.<\/li>\n<li data-sourcepos=\"3:1-3:44\">Ei talu liigniisket mulda.<\/li>\n<li data-sourcepos=\"3:1-3:44\">Sobib istutamiseks haljasaladele, lillepeenrasse ja l\u00f5ikelilledeks.<\/li>\n<li data-sourcepos=\"3:1-3:44\">Talvitub katteta ning v\u00f5ib samas kohas kasvada mitu aastat.<\/li>\n<\/ul>\n","protected":false},"excerpt":{"rendered":"<ul>\n<li data-sourcepos=\"3:1-3:44\">See mitmeaastane taim on v\u00e4ga dekoratiivne, poolt\u00e4idetud \u00f5itega ning kasvab kuni 80 cm k\u00f5rguseks.<\/li>\n<li data-sourcepos=\"3:1-3:44\">\u00d5itseb juba esimesel aastal p\u00e4rast k\u00fclvi.<\/li>\n<li data-sourcepos=\"3:1-3:44\">Eelistab kasvada kergemas, h\u00e4sti v\u00e4etatud mullas orgaaniliste v\u00e4etistega, p\u00e4ikesepaistelisel kohal v\u00f5i poolvarjus.<\/li>\n<li data-sourcepos=\"3:1-3:44\">Ei talu liigniisket mulda.<\/li>\n<li data-sourcepos=\"3:1-3:44\">Sobib istutamiseks haljasaladele, lillepeenrasse ja l\u00f5ikelilledeks.<\/li>\n<li data-sourcepos=\"3:1-3:44\">Talvitub katteta ning v\u00f5ib samas kohas kasvada mitu aastat.<\/li>\n<\/ul>\n","protected":false},"featured_media":36316,"template":"","meta":{"_acf_changed":false,"_seopress_robots_primary_cat":"none","_seopress_titles_title":"","_seopress_titles_desc":"","_seopress_robots_index":"","_seopress_analysis_target_kw":"","_gspb_post_css":""},"product_brand":[],"product_cat":[15,100,1206,87],"product_tag":[],"class_list":{"0":"post-36313","1":"product","2":"type-product","3":"status-publish","4":"has-post-thumbnail","6":"product_cat-koik-kategooriad","7":"product_cat-lilleseemned","8":"product_cat-mitmeaastased","9":"product_cat-seemned","11":"first","12":"instock","13":"sale","14":"taxable","15":"shipping-taxable","16":"purchasable","17":"product-type-simple"},"ct_brands":[],"acf":[],"_links":{"self":[{"href":"https:\/\/agrozone.ee\/fi\/wp-json\/wp\/v2\/product\/36313","targetHints":{"allow":["GET"]}}],"collection":[{"href":"https:\/\/agrozone.ee\/fi\/wp-json\/wp\/v2\/product"}],"about":[{"href":"https:\/\/agrozone.ee\/fi\/wp-json\/wp\/v2\/types\/product"}],"wp:featuredmedia":[{"embeddable":true,"href":"https:\/\/agrozone.ee\/fi\/wp-json\/wp\/v2\/media\/36316"}],"wp:attachment":[{"href":"https:\/\/agrozone.ee\/fi\/wp-json\/wp\/v2\/media?parent=36313"}],"wp:term":[{"taxonomy":"product_brand","embeddable":true,"href":"https:\/\/agrozone.ee\/fi\/wp-json\/wp\/v2\/product_brand?post=36313"},{"taxonomy":"product_cat","embeddable":true,"href":"https:\/\/agrozone.ee\/fi\/wp-json\/wp\/v2\/product_cat?post=36313"},{"taxonomy":"product_tag","embeddable":true,"href":"https:\/\/agrozone.ee\/fi\/wp-json\/wp\/v2\/product_tag?post=36313"}],"curies":[{"name":"wp","href":"https:\/\/api.w.org\/{rel}","templated":true}]}}