{"id":36317,"date":"2024-09-02T18:15:24","date_gmt":"2024-09-02T15:15:24","guid":{"rendered":"https:\/\/agrozone.ee\/?post_type=product&#038;p=36317"},"modified":"2026-02-03T10:06:15","modified_gmt":"2026-02-03T08:06:15","slug":"madal-mungalill-baby-red","status":"publish","type":"product","link":"https:\/\/agrozone.ee\/fi\/tuote\/madal-mungalill-baby-red\/","title":{"rendered":"Madal Mungalill BABY RED"},"content":{"rendered":"<p><strong>Madal Mungalill BABY RED &#8211; Tropaeolum minus L.<\/strong><\/p>\n<ul>\n<li data-sourcepos=\"3:1-3:45\">See \u00fcheaastane ja kergesti kasvatatav lill saavutab 25 cm k\u00f5rguse.<\/li>\n<li data-sourcepos=\"3:1-3:45\">\u00d5ied on 4-5 cm l\u00e4bim\u00f5\u00f5duga, haruldase peaaegu musta v\u00e4rvusega.<\/li>\n<li data-sourcepos=\"3:1-3:45\">Kasvab ja \u00f5itseb nii p\u00e4ikese k\u00e4es kui ka kerges varjus ning ei ole mulla suhtes n\u00f5udlik.<\/li>\n<li data-sourcepos=\"3:1-3:45\">\u00d5itseb rikkalikul mullal kehvemini.<\/li>\n<li data-sourcepos=\"3:1-3:45\">Sobib suurep\u00e4raselt amplitesse, lillepeenardesse ja r\u00f5dudele.<\/li>\n<li data-sourcepos=\"3:1-3:45\">Need lilled v\u00f5ivad aidata kaitsta kapsaid kapsaliblika eest.<\/li>\n<li data-sourcepos=\"3:1-3:45\">Kapsamaale k\u00fclvatuna peletab ta kapsaliblikaid eemale.<\/li>\n<\/ul>\n","protected":false},"excerpt":{"rendered":"<ul>\n<li data-sourcepos=\"3:1-3:45\">See \u00fcheaastane ja kergesti kasvatatav lill saavutab 25 cm k\u00f5rguse.<\/li>\n<li data-sourcepos=\"3:1-3:45\">\u00d5ied on 4-5 cm l\u00e4bim\u00f5\u00f5duga, haruldase peaaegu musta v\u00e4rvusega.<\/li>\n<li data-sourcepos=\"3:1-3:45\">Kasvab ja \u00f5itseb nii p\u00e4ikese k\u00e4es kui ka kerges varjus ning ei ole mulla suhtes n\u00f5udlik.<\/li>\n<li data-sourcepos=\"3:1-3:45\">\u00d5itseb rikkalikul mullal kehvemini.<\/li>\n<li data-sourcepos=\"3:1-3:45\">Sobib suurep\u00e4raselt amplitesse, lillepeenardesse ja r\u00f5dudele.<\/li>\n<li data-sourcepos=\"3:1-3:45\">Need lilled v\u00f5ivad aidata kaitsta kapsaid kapsaliblika eest.<\/li>\n<li data-sourcepos=\"3:1-3:45\">Kapsamaale k\u00fclvatuna peletab ta kapsaliblikaid eemale.<\/li>\n<\/ul>\n","protected":false},"featured_media":36320,"template":"","meta":{"_acf_changed":false,"_seopress_robots_primary_cat":"none","_seopress_titles_title":"","_seopress_titles_desc":"","_seopress_robots_index":"","_gspb_post_css":""},"product_brand":[],"product_cat":[15,100,1212,87],"product_tag":[],"class_list":{"0":"post-36317","1":"product","2":"type-product","3":"status-publish","4":"has-post-thumbnail","6":"product_cat-koik-kategooriad","7":"product_cat-lilleseemned","8":"product_cat-mitmesugused","9":"product_cat-seemned","11":"first","12":"instock","13":"taxable","14":"shipping-taxable","15":"purchasable","16":"product-type-simple"},"ct_brands":[],"acf":[],"_links":{"self":[{"href":"https:\/\/agrozone.ee\/fi\/wp-json\/wp\/v2\/product\/36317","targetHints":{"allow":["GET"]}}],"collection":[{"href":"https:\/\/agrozone.ee\/fi\/wp-json\/wp\/v2\/product"}],"about":[{"href":"https:\/\/agrozone.ee\/fi\/wp-json\/wp\/v2\/types\/product"}],"wp:featuredmedia":[{"embeddable":true,"href":"https:\/\/agrozone.ee\/fi\/wp-json\/wp\/v2\/media\/36320"}],"wp:attachment":[{"href":"https:\/\/agrozone.ee\/fi\/wp-json\/wp\/v2\/media?parent=36317"}],"wp:term":[{"taxonomy":"product_brand","embeddable":true,"href":"https:\/\/agrozone.ee\/fi\/wp-json\/wp\/v2\/product_brand?post=36317"},{"taxonomy":"product_cat","embeddable":true,"href":"https:\/\/agrozone.ee\/fi\/wp-json\/wp\/v2\/product_cat?post=36317"},{"taxonomy":"product_tag","embeddable":true,"href":"https:\/\/agrozone.ee\/fi\/wp-json\/wp\/v2\/product_tag?post=36317"}],"curies":[{"name":"wp","href":"https:\/\/api.w.org\/{rel}","templated":true}]}}