{"id":36342,"date":"2024-09-02T18:40:04","date_gmt":"2024-09-02T15:40:04","guid":{"rendered":"https:\/\/agrozone.ee\/?post_type=product&#038;p=36342"},"modified":"2026-04-09T08:51:30","modified_gmt":"2026-04-09T06:51:30","slug":"rukkilill-rose-shade","status":"publish","type":"product","link":"https:\/\/agrozone.ee\/fi\/tuote\/rukkilill-rose-shade\/","title":{"rendered":"RUKKILILL ROSE SHADE"},"content":{"rendered":"<p><strong>RUKKILILL ROSE SHADE &#8211; Centaurea cyanus L.<\/strong><\/p>\n<ul>\n<li>Rukkilill &#8216;Rose Shade&#8217; on \u00fcheaastane lill.<\/li>\n<li>Taim on kaunistatud topelt\u00f5itega, mis on erksav\u00e4rvilised ning \u00f5itsevad rikkalikult ja pikka aega.<\/li>\n<li>Rukkililled on kergesti kasvatatavad ning sobivad suurep\u00e4raselt l\u00f5ikelilledeks.<\/li>\n<li>Nad on populaarsed nii tavalistes lilleaedades kui ka etnograafilistes aedades.<\/li>\n<li>See taim ei ole mulla suhtes eriti n\u00f5udlik, kuid eelistab vett h\u00e4sti l\u00e4bilaskvat ja \u00f5hulist pinnast.<\/li>\n<\/ul>\n","protected":false},"excerpt":{"rendered":"<ul>\n<li>Rukkilill &#8216;Rose Shade&#8217; on \u00fcheaastane lill.<\/li>\n<li>Taim on kaunistatud topelt\u00f5itega, mis on erksav\u00e4rvilised ning \u00f5itsevad rikkalikult ja pikka aega.<\/li>\n<li>Rukkililled on kergesti kasvatatavad ning sobivad suurep\u00e4raselt l\u00f5ikelilledeks.<\/li>\n<li>Nad on populaarsed nii tavalistes lilleaedades kui ka etnograafilistes aedades.<\/li>\n<li>See taim ei ole mulla suhtes eriti n\u00f5udlik, kuid eelistab vett h\u00e4sti l\u00e4bilaskvat ja \u00f5hulist pinnast.<\/li>\n<\/ul>\n","protected":false},"featured_media":36345,"template":"","meta":{"_acf_changed":false,"_seopress_robots_primary_cat":"","_seopress_titles_title":"","_seopress_titles_desc":"","_seopress_robots_index":"","_gspb_post_css":""},"product_brand":[],"product_cat":[15,100,1212,87],"product_tag":[],"class_list":{"0":"post-36342","1":"product","2":"type-product","3":"status-publish","4":"has-post-thumbnail","6":"product_cat-koik-kategooriad","7":"product_cat-lilleseemned","8":"product_cat-mitmesugused","9":"product_cat-seemned","11":"first","12":"instock","13":"featured","14":"taxable","15":"shipping-taxable","16":"purchasable","17":"product-type-simple"},"ct_brands":[],"acf":[],"_links":{"self":[{"href":"https:\/\/agrozone.ee\/fi\/wp-json\/wp\/v2\/product\/36342","targetHints":{"allow":["GET"]}}],"collection":[{"href":"https:\/\/agrozone.ee\/fi\/wp-json\/wp\/v2\/product"}],"about":[{"href":"https:\/\/agrozone.ee\/fi\/wp-json\/wp\/v2\/types\/product"}],"wp:featuredmedia":[{"embeddable":true,"href":"https:\/\/agrozone.ee\/fi\/wp-json\/wp\/v2\/media\/36345"}],"wp:attachment":[{"href":"https:\/\/agrozone.ee\/fi\/wp-json\/wp\/v2\/media?parent=36342"}],"wp:term":[{"taxonomy":"product_brand","embeddable":true,"href":"https:\/\/agrozone.ee\/fi\/wp-json\/wp\/v2\/product_brand?post=36342"},{"taxonomy":"product_cat","embeddable":true,"href":"https:\/\/agrozone.ee\/fi\/wp-json\/wp\/v2\/product_cat?post=36342"},{"taxonomy":"product_tag","embeddable":true,"href":"https:\/\/agrozone.ee\/fi\/wp-json\/wp\/v2\/product_tag?post=36342"}],"curies":[{"name":"wp","href":"https:\/\/api.w.org\/{rel}","templated":true}]}}