{"id":36351,"date":"2024-09-02T18:51:38","date_gmt":"2024-09-02T15:51:38","guid":{"rendered":"https:\/\/agrozone.ee\/?post_type=product&#038;p=36351"},"modified":"2026-02-05T13:44:23","modified_gmt":"2026-02-05T11:44:23","slug":"suur-varihein","status":"publish","type":"product","link":"https:\/\/agrozone.ee\/fi\/tuote\/suur-varihein\/","title":{"rendered":"Suur V\u00e4rihein"},"content":{"rendered":"<p><strong>Suur V\u00e4rihein &#8211; Briza maxima L.<\/strong><\/p>\n<ul>\n<li data-sourcepos=\"7:1-7:55\">\u00dcheaastane, 30 cm k\u00f5rge p\u00fcstiste \u00f5isikutega kuivlill.<\/li>\n<li data-sourcepos=\"8:1-8:14\">Kasvatatakse \u00e4\u00e4ristustes, k\u00fclvatakse \u00f5itsvatesse niitude segu, sageli kasutatakse naturalistlikes aedades.<\/li>\n<li data-sourcepos=\"9:1-9:12\">Sobilik l\u00f5ikamiseks kuivadele kimpudesse.<\/li>\n<li data-sourcepos=\"10:1-10:41\">Istutatakse lillepeenrasse kobaratena.<\/li>\n<\/ul>\n<p>K\u00fclviaeg mulda: X, IV-V<br \/>\nKaugused, cm: 10&#215;15<br \/>\n\u00d5itsemisperiood: VII-IX<\/p>\n","protected":false},"excerpt":{"rendered":"<ul>\n<li data-sourcepos=\"7:1-7:55\">\u00dcheaastane, 30 cm k\u00f5rge p\u00fcstiste \u00f5isikutega kuivlill.<\/li>\n<li data-sourcepos=\"8:1-8:14\">Kasvatatakse \u00e4\u00e4ristustes, k\u00fclvatakse \u00f5itsvatesse niitude segu, sageli kasutatakse naturalistlikes aedades.<\/li>\n<li data-sourcepos=\"9:1-9:12\">Sobilik l\u00f5ikamiseks kuivadele kimpudesse.<\/li>\n<li data-sourcepos=\"10:1-10:41\">Istutatakse lillepeenrasse kobaratena.<\/li>\n<\/ul>\n","protected":false},"featured_media":36354,"template":"","meta":{"_acf_changed":false,"_seopress_robots_primary_cat":"","_seopress_titles_title":"","_seopress_titles_desc":"","_seopress_robots_index":"","_gspb_post_css":""},"product_brand":[],"product_cat":[15,100,1212,87],"product_tag":[],"class_list":{"0":"post-36351","1":"product","2":"type-product","3":"status-publish","4":"has-post-thumbnail","6":"product_cat-koik-kategooriad","7":"product_cat-lilleseemned","8":"product_cat-mitmesugused","9":"product_cat-seemned","11":"first","12":"instock","13":"taxable","14":"shipping-taxable","15":"purchasable","16":"product-type-simple"},"ct_brands":[],"acf":[],"_links":{"self":[{"href":"https:\/\/agrozone.ee\/fi\/wp-json\/wp\/v2\/product\/36351","targetHints":{"allow":["GET"]}}],"collection":[{"href":"https:\/\/agrozone.ee\/fi\/wp-json\/wp\/v2\/product"}],"about":[{"href":"https:\/\/agrozone.ee\/fi\/wp-json\/wp\/v2\/types\/product"}],"wp:featuredmedia":[{"embeddable":true,"href":"https:\/\/agrozone.ee\/fi\/wp-json\/wp\/v2\/media\/36354"}],"wp:attachment":[{"href":"https:\/\/agrozone.ee\/fi\/wp-json\/wp\/v2\/media?parent=36351"}],"wp:term":[{"taxonomy":"product_brand","embeddable":true,"href":"https:\/\/agrozone.ee\/fi\/wp-json\/wp\/v2\/product_brand?post=36351"},{"taxonomy":"product_cat","embeddable":true,"href":"https:\/\/agrozone.ee\/fi\/wp-json\/wp\/v2\/product_cat?post=36351"},{"taxonomy":"product_tag","embeddable":true,"href":"https:\/\/agrozone.ee\/fi\/wp-json\/wp\/v2\/product_tag?post=36351"}],"curies":[{"name":"wp","href":"https:\/\/api.w.org\/{rel}","templated":true}]}}