{"id":36355,"date":"2024-09-02T18:55:47","date_gmt":"2024-09-02T15:55:47","guid":{"rendered":"https:\/\/agrozone.ee\/?post_type=product&#038;p=36355"},"modified":"2026-03-09T05:22:27","modified_gmt":"2026-03-09T03:22:27","slug":"aed-rongaslill-silver-cup","status":"publish","type":"product","link":"https:\/\/agrozone.ee\/fi\/tuote\/aed-rongaslill-silver-cup\/","title":{"rendered":"Aed &#8211; R\u00f5ngaslill SILVER CUP"},"content":{"rendered":"<p><strong>Aed &#8211; R\u00f5ngaslill &#8211; Lavatera trimestris L.<\/strong><\/p>\n<ul>\n<li>See kaunis \u00fcheaastane taim \u00f5itseb rikkalikult ja pikalt ning on lihtne kasvatada.<\/li>\n<li>&#8216;Silver Cup&#8217; sordil on suured \u00f5ied ning taim ise on p\u00f5\u00f5sasjas.<\/li>\n<li>K\u00f5ige paremini tulevad nad esile r\u00fchmadena istutatuna.<\/li>\n<li>Aias sobivad nad suurep\u00e4raselt taustataimedeks, eelistades tuulevarjulist, sooja ja p\u00e4ikesepaistelist kasvukohta.<\/li>\n<\/ul>\n<p>K\u00fclviaeg mulda: V<br \/>\nK\u00fclviaeg seemikute puhul: III-IV<br \/>\nKaugused, cm: 40&#215;40<br \/>\n\u00d5itsemisperiood: VI-VIII<\/p>\n","protected":false},"excerpt":{"rendered":"<ul>\n<li>See kaunis \u00fcheaastane taim \u00f5itseb rikkalikult ja pikalt ning on lihtne kasvatada.<\/li>\n<li>&#8216;Silver Cup&#8217; sordil on suured \u00f5ied ning taim ise on p\u00f5\u00f5sasjas.<\/li>\n<li>K\u00f5ige paremini tulevad nad esile r\u00fchmadena istutatuna.<\/li>\n<li>Aias sobivad nad suurep\u00e4raselt taustataimedeks, eelistades tuulevarjulist, sooja ja p\u00e4ikesepaistelist kasvukohta.<\/li>\n<\/ul>\n","protected":false},"featured_media":36358,"template":"","meta":{"_acf_changed":false,"_seopress_robots_primary_cat":"","_seopress_titles_title":"","_seopress_titles_desc":"","_seopress_robots_index":"","_gspb_post_css":""},"product_brand":[],"product_cat":[15,100,1212,87],"product_tag":[],"class_list":{"0":"post-36355","1":"product","2":"type-product","3":"status-publish","4":"has-post-thumbnail","6":"product_cat-koik-kategooriad","7":"product_cat-lilleseemned","8":"product_cat-mitmesugused","9":"product_cat-seemned","11":"first","12":"instock","13":"taxable","14":"shipping-taxable","15":"purchasable","16":"product-type-simple"},"ct_brands":[],"acf":[],"_links":{"self":[{"href":"https:\/\/agrozone.ee\/fi\/wp-json\/wp\/v2\/product\/36355","targetHints":{"allow":["GET"]}}],"collection":[{"href":"https:\/\/agrozone.ee\/fi\/wp-json\/wp\/v2\/product"}],"about":[{"href":"https:\/\/agrozone.ee\/fi\/wp-json\/wp\/v2\/types\/product"}],"wp:featuredmedia":[{"embeddable":true,"href":"https:\/\/agrozone.ee\/fi\/wp-json\/wp\/v2\/media\/36358"}],"wp:attachment":[{"href":"https:\/\/agrozone.ee\/fi\/wp-json\/wp\/v2\/media?parent=36355"}],"wp:term":[{"taxonomy":"product_brand","embeddable":true,"href":"https:\/\/agrozone.ee\/fi\/wp-json\/wp\/v2\/product_brand?post=36355"},{"taxonomy":"product_cat","embeddable":true,"href":"https:\/\/agrozone.ee\/fi\/wp-json\/wp\/v2\/product_cat?post=36355"},{"taxonomy":"product_tag","embeddable":true,"href":"https:\/\/agrozone.ee\/fi\/wp-json\/wp\/v2\/product_tag?post=36355"}],"curies":[{"name":"wp","href":"https:\/\/api.w.org\/{rel}","templated":true}]}}