{"id":38954,"date":"2024-09-20T12:52:15","date_gmt":"2024-09-20T09:52:15","guid":{"rendered":"https:\/\/agrozone.ee\/?post_type=product&#038;p=38954"},"modified":"2025-04-09T15:29:39","modified_gmt":"2025-04-09T13:29:39","slug":"surveprits-olale-jenny-8l","status":"publish","type":"product","link":"https:\/\/agrozone.ee\/fi\/tuote\/surveprits-olale-jenny-8l\/","title":{"rendered":"Surveprits \u00f5lale Voyvo 8l"},"content":{"rendered":"<p data-sourcepos=\"3:1-3:29\"><strong>Surveprits \u00f5lale Voyvo 8l<\/strong><\/p>\n<p data-sourcepos=\"5:1-5:30\">Survepritsiga Voyvo 8l on aia- ja majapidamist\u00f6\u00f6de tegemine k\u00e4kitegu! See kerge ja mugav \u00f5lale kantav surveprits on ideaalne taimede kastmiseks, v\u00e4etamiseks, kahjurit\u00f5rjeks ning ka puhastust\u00f6\u00f6deks. T\u00e4nu suurele 8-liitrisele mahutile ei pea Sa pidevalt pritsi uuesti t\u00e4itma ning ergonoomiline disain tagab mugava kasutamise ka pikema t\u00f6\u00f6tamise korral.<\/p>\n<ul>\n<li data-sourcepos=\"5:1-5:30\">\u00d5lapump, valmistatud PVC-st taimede pritsimiseks.<\/li>\n<li data-sourcepos=\"5:1-5:30\">Ideaalne k\u00f6\u00f6giviljaaeda, aeda v\u00f5i puukooli.<\/li>\n<li data-sourcepos=\"5:1-5:30\">Reguleeritav otsik v\u00f5imaldab pritsida \u00fche joana v\u00f5i udustada vett, et luua loomulik udu.<\/li>\n<li data-sourcepos=\"5:1-5:30\">Ei tohi kasutada lahustite v\u00f5i tuleohtlike ainetega.<\/li>\n<li data-sourcepos=\"5:1-5:30\">Plasttoru pikkus umbes 44 cm.<\/li>\n<li data-sourcepos=\"5:1-5:30\">Vooliku pikkus umbes 130 cm.<\/li>\n<\/ul>\n<p data-sourcepos=\"7:1-7:13\"><strong>Omadused:<\/strong><\/p>\n<ul data-sourcepos=\"9:1-14:0\">\n<li data-sourcepos=\"9:1-9:22\">Mahutavus: 8 liitrit<\/li>\n<li data-sourcepos=\"10:1-10:21\">\u00d5lale kantav disain<\/li>\n<li data-sourcepos=\"12:1-12:27\">Vastupidav konstruktsioon<\/li>\n<li data-sourcepos=\"13:1-14:0\">Lihtne kasutada ja hooldada<\/li>\n<li>Valmistatud Itaalias<\/li>\n<\/ul>\n<p data-sourcepos=\"15:1-15:21\"><strong>Sobib ideaalselt:<\/strong><\/p>\n<ul data-sourcepos=\"17:1-18:5\">\n<li data-sourcepos=\"17:1-17:35\">Taimede kastmiseks ja v\u00e4etamiseks<\/li>\n<li data-sourcepos=\"18:1-18:5\">Kahjurit\u00f5rjeks<\/li>\n<li data-sourcepos=\"19:1-19:17\">Puhastust\u00f6\u00f6deks<\/li>\n<li data-sourcepos=\"20:1-21:0\">Auto pesemiseks<\/li>\n<\/ul>\n","protected":false},"excerpt":{"rendered":"<p>Kerge ja mugav 8-liitrine surveprits \u00f5lale kandmiseks.<\/p>\n<p>Ideaalne taimede kastmiseks, v\u00e4etamiseks, kahjurit\u00f5rjeks ning puhastust\u00f6\u00f6deks.<\/p>\n","protected":false},"featured_media":39051,"template":"","meta":{"_acf_changed":false,"_seopress_robots_primary_cat":"none","_seopress_titles_title":"Voyvo 8L Surveprits: Kerge ja Mugav Lahendus","_seopress_titles_desc":"Voyvo 8-liitrine \u00f5lale kantav surveprits on ideaalne taimede kastmiseks, v\u00e4etamiseks ja puhastust\u00f6\u00f6deks. Mugav ja vastupidav disain.","_seopress_robots_index":"","_gspb_post_css":""},"product_brand":[],"product_cat":[149,15,162],"product_tag":[],"class_list":{"0":"post-38954","1":"product","2":"type-product","3":"status-publish","4":"has-post-thumbnail","6":"product_cat-aiatarvikud","7":"product_cat-koik-kategooriad","8":"product_cat-pritsid","10":"first","11":"instock","12":"taxable","13":"shipping-taxable","14":"purchasable","15":"product-type-simple"},"ct_brands":[],"acf":[],"_links":{"self":[{"href":"https:\/\/agrozone.ee\/fi\/wp-json\/wp\/v2\/product\/38954","targetHints":{"allow":["GET"]}}],"collection":[{"href":"https:\/\/agrozone.ee\/fi\/wp-json\/wp\/v2\/product"}],"about":[{"href":"https:\/\/agrozone.ee\/fi\/wp-json\/wp\/v2\/types\/product"}],"wp:featuredmedia":[{"embeddable":true,"href":"https:\/\/agrozone.ee\/fi\/wp-json\/wp\/v2\/media\/39051"}],"wp:attachment":[{"href":"https:\/\/agrozone.ee\/fi\/wp-json\/wp\/v2\/media?parent=38954"}],"wp:term":[{"taxonomy":"product_brand","embeddable":true,"href":"https:\/\/agrozone.ee\/fi\/wp-json\/wp\/v2\/product_brand?post=38954"},{"taxonomy":"product_cat","embeddable":true,"href":"https:\/\/agrozone.ee\/fi\/wp-json\/wp\/v2\/product_cat?post=38954"},{"taxonomy":"product_tag","embeddable":true,"href":"https:\/\/agrozone.ee\/fi\/wp-json\/wp\/v2\/product_tag?post=38954"}],"curies":[{"name":"wp","href":"https:\/\/api.w.org\/{rel}","templated":true}]}}