{"id":39045,"date":"2024-09-26T13:22:57","date_gmt":"2024-09-26T10:22:57","guid":{"rendered":"https:\/\/agrozone.ee\/?post_type=product&#038;p=39045"},"modified":"2025-06-29T15:20:53","modified_gmt":"2025-06-29T13:20:53","slug":"alpi-loosilm-blue-ball","status":"publish","type":"product","link":"https:\/\/agrozone.ee\/fi\/tuote\/alpi-loosilm-blue-ball\/","title":{"rendered":"Alpi-L\u00f5osilm BLUE BALL"},"content":{"rendered":"<p>Alpi-L\u00f5osilm BLUE BALL &#8211; Myosotis alpestris F.W.Schmidt<\/p>\n<ul>\n<li>Mitmeaastane taim, k\u00f5rgusega 10-20 cm, pikaajalise ja rikkaliku \u00f5itsemisega.<\/li>\n<li>Sobib kasvatamiseks amplites, pottides, r\u00f5dukastides, veekogude \u00e4\u00e4res.<\/li>\n<li>Kasvatatakse ka \u00f5itsvatel niitudel ja muruplatsidel.<\/li>\n<li>Eelistab niiskeid, poolvarjulisi kasvukohti.<\/li>\n<\/ul>\n<ul>\n<li data-sourcepos=\"6:1-6:16\">K\u00fclviaeg mulda: aprill-mai, oktoober<\/li>\n<li data-sourcepos=\"7:1-7:25\">Istutuskaugus: 10&#215;15 cm<\/li>\n<li data-sourcepos=\"8:1-8:21\">\u00d5itseaeg: mai-juuni<\/li>\n<li data-sourcepos=\"10:1-10:15\">Poolvari: Jah<\/li>\n<li data-sourcepos=\"11:1-11:20\">Mitmeaastane: Jah<\/li>\n<\/ul>\n<p>&nbsp;<\/p>\n","protected":false},"excerpt":{"rendered":"<p>Kompaktne ja rikkalikult \u00f5itsev mitmeaastane taim, mis sobib ideaalselt pottidesse, r\u00f5dukastidesse ja aedadesse.<\/p>\n<p>Eelistab niisket ja poolvarjulist kasvukohta.<\/p>\n","protected":false},"featured_media":39048,"template":"","meta":{"_acf_changed":false,"_seopress_robots_primary_cat":"none","_seopress_titles_title":"Alpi-L\u00f5osilm BLUE BALL: Rikkalik mitmeaastane taim","_seopress_titles_desc":"Alpi-L\u00f5osilm BLUE BALL on kompaktne ja \u00f5itsev taim, ideaalne pottidesse ja aedadesse. Eelistab niisket ja poolvarjulist kasvukohta.","_seopress_robots_index":"","_gspb_post_css":""},"product_brand":[],"product_cat":[15,100,1206,87],"product_tag":[],"class_list":{"0":"post-39045","1":"product","2":"type-product","3":"status-publish","4":"has-post-thumbnail","6":"product_cat-koik-kategooriad","7":"product_cat-lilleseemned","8":"product_cat-mitmeaastased","9":"product_cat-seemned","11":"first","12":"instock","13":"sale","14":"taxable","15":"shipping-taxable","16":"purchasable","17":"product-type-simple"},"ct_brands":[],"acf":[],"_links":{"self":[{"href":"https:\/\/agrozone.ee\/fi\/wp-json\/wp\/v2\/product\/39045","targetHints":{"allow":["GET"]}}],"collection":[{"href":"https:\/\/agrozone.ee\/fi\/wp-json\/wp\/v2\/product"}],"about":[{"href":"https:\/\/agrozone.ee\/fi\/wp-json\/wp\/v2\/types\/product"}],"wp:featuredmedia":[{"embeddable":true,"href":"https:\/\/agrozone.ee\/fi\/wp-json\/wp\/v2\/media\/39048"}],"wp:attachment":[{"href":"https:\/\/agrozone.ee\/fi\/wp-json\/wp\/v2\/media?parent=39045"}],"wp:term":[{"taxonomy":"product_brand","embeddable":true,"href":"https:\/\/agrozone.ee\/fi\/wp-json\/wp\/v2\/product_brand?post=39045"},{"taxonomy":"product_cat","embeddable":true,"href":"https:\/\/agrozone.ee\/fi\/wp-json\/wp\/v2\/product_cat?post=39045"},{"taxonomy":"product_tag","embeddable":true,"href":"https:\/\/agrozone.ee\/fi\/wp-json\/wp\/v2\/product_tag?post=39045"}],"curies":[{"name":"wp","href":"https:\/\/api.w.org\/{rel}","templated":true}]}}