{"id":39582,"date":"2024-10-07T13:39:40","date_gmt":"2024-10-07T10:39:40","guid":{"rendered":"https:\/\/agrozone.ee\/?post_type=product&#038;p=39582"},"modified":"2025-08-26T11:18:08","modified_gmt":"2025-08-26T09:18:08","slug":"argentiina-raudurt-finesse","status":"publish","type":"product","link":"https:\/\/agrozone.ee\/fi\/tuote\/argentiina-raudurt-finesse\/","title":{"rendered":"Argentiina raud\u00fcrt &#8216;Finesse&#8217;"},"content":{"rendered":"<p><b>Verbena bonariensis<\/b><\/p>\n<ul>\n<li class=\"plained\">K\u00f5rgekasvuline lillade \u00f5itega kaunis suvelill.<\/li>\n<li class=\"plained\">\u00d5itseb kuni s\u00fcgiseste k\u00fclmadeni.<\/li>\n<li class=\"plained\">Meelitab aeda liblikaid ja mesilasi.<\/li>\n<li class=\"plained\">V\u00e4ga hea l\u00f5ikelill.<\/li>\n<li class=\"plained\">K\u00f5rgus: 120 cm.<\/li>\n<li class=\"plained\">Pakendis on 20 seemet.<\/li>\n<\/ul>\n<p>&nbsp;<\/p>\n<ul>\n<li class=\"plained\">Eelistab p\u00e4ikesepaistelist ja tuulevarjulist kasvukohta.<\/li>\n<\/ul>\n","protected":false},"excerpt":{"rendered":"<ul>\n<li class=\"plained\">K\u00f5rgekasvuline lillade \u00f5itega kaunis suvelill.<\/li>\n<li class=\"plained\">\u00d5itseb kuni s\u00fcgiseste k\u00fclmadeni.<\/li>\n<li class=\"plained\">Meelitab aeda liblikaid ja mesilasi.<\/li>\n<\/ul>\n","protected":false},"featured_media":39877,"template":"","meta":{"_acf_changed":false,"_seopress_robots_primary_cat":"none","_seopress_titles_title":"Argentiina raud\u00fcrt 'Finesse' - Kaunis suvelill","_seopress_titles_desc":"Argentiina raud\u00fcrt 'Finesse' on k\u00f5rgekasvuline lill, mis \u00f5itseb kuni s\u00fcgiseni ja meelitab liblikaid ning mesilasi. 20 seemet pakendis.","_seopress_robots_index":"","_gspb_post_css":""},"product_brand":[],"product_cat":[15,100,1212,87],"product_tag":[],"class_list":{"0":"post-39582","1":"product","2":"type-product","3":"status-publish","4":"has-post-thumbnail","6":"product_cat-koik-kategooriad","7":"product_cat-lilleseemned","8":"product_cat-mitmesugused","9":"product_cat-seemned","11":"first","12":"instock","13":"featured","14":"taxable","15":"shipping-taxable","16":"purchasable","17":"product-type-simple"},"ct_brands":[],"acf":[],"_links":{"self":[{"href":"https:\/\/agrozone.ee\/fi\/wp-json\/wp\/v2\/product\/39582","targetHints":{"allow":["GET"]}}],"collection":[{"href":"https:\/\/agrozone.ee\/fi\/wp-json\/wp\/v2\/product"}],"about":[{"href":"https:\/\/agrozone.ee\/fi\/wp-json\/wp\/v2\/types\/product"}],"wp:featuredmedia":[{"embeddable":true,"href":"https:\/\/agrozone.ee\/fi\/wp-json\/wp\/v2\/media\/39877"}],"wp:attachment":[{"href":"https:\/\/agrozone.ee\/fi\/wp-json\/wp\/v2\/media?parent=39582"}],"wp:term":[{"taxonomy":"product_brand","embeddable":true,"href":"https:\/\/agrozone.ee\/fi\/wp-json\/wp\/v2\/product_brand?post=39582"},{"taxonomy":"product_cat","embeddable":true,"href":"https:\/\/agrozone.ee\/fi\/wp-json\/wp\/v2\/product_cat?post=39582"},{"taxonomy":"product_tag","embeddable":true,"href":"https:\/\/agrozone.ee\/fi\/wp-json\/wp\/v2\/product_tag?post=39582"}],"curies":[{"name":"wp","href":"https:\/\/api.w.org\/{rel}","templated":true}]}}