{"id":39588,"date":"2024-10-07T13:43:19","date_gmt":"2024-10-07T10:43:19","guid":{"rendered":"https:\/\/agrozone.ee\/?post_type=product&#038;p=39588"},"modified":"2025-08-26T11:19:12","modified_gmt":"2025-08-26T09:19:12","slug":"hobepael-silver-surfer","status":"publish","type":"product","link":"https:\/\/agrozone.ee\/fi\/tuote\/hobepael-silver-surfer\/","title":{"rendered":"H\u00f5bepael &#8216;Silver Surfer&#8217;"},"content":{"rendered":"<p><b>Dichondra argentea<\/b><\/p>\n<ul>\n<li class=\"plained\">V\u00e4ikeste \u00fcmarate h\u00f5bedaste lehtedega rippuv lehtdekoratiiv taim.<\/li>\n<li class=\"plained\">Sobib k\u00f5ikjale rippuma v\u00f5i roomama.<\/li>\n<li class=\"plained\">V\u00f5rsed v\u00f5ivad kasvada kuni 1,5m pikkuseks.<\/li>\n<li class=\"plained\">Lehtede h\u00f5behall v\u00e4rvus tuleb k\u00f5ige paremini esile p\u00e4ikese k\u00e4es, aga kasvab ka poolvarjulises kohas.<\/li>\n<li class=\"plained\">Pakendis on 5 seemet.<\/li>\n<\/ul>\n<p>&nbsp;<\/p>\n<ul>\n<li class=\"plained\">Eelistab p\u00e4ikeselist sooja kasvukohta.<\/li>\n<\/ul>\n","protected":false},"excerpt":{"rendered":"<ul>\n<li class=\"plained\">V\u00e4ikeste \u00fcmarate h\u00f5bedaste lehtedega rippuv lehtdekoratiiv taim.<\/li>\n<li class=\"plained\">Sobib k\u00f5ikjale rippuma v\u00f5i roomama.<\/li>\n<li class=\"plained\">V\u00f5rsed v\u00f5ivad kasvada kuni 1,5m pikkuseks.<\/li>\n<\/ul>\n","protected":false},"featured_media":39871,"template":"","meta":{"_acf_changed":false,"_seopress_robots_primary_cat":"none","_seopress_titles_title":"H\u00f5bepael 'Silver Surfer' - Kaunis rippuv taim","_seopress_titles_desc":"H\u00f5bepael 'Silver Surfer' on dekoratiivne taim, mis sobib rippuma v\u00f5i roomama. Kasvab kuni 1,5m ja eelistab p\u00e4ikeselist kohta.","_seopress_robots_index":"","_gspb_post_css":""},"product_brand":[],"product_cat":[15,100,1212,87],"product_tag":[],"class_list":{"0":"post-39588","1":"product","2":"type-product","3":"status-publish","4":"has-post-thumbnail","6":"product_cat-koik-kategooriad","7":"product_cat-lilleseemned","8":"product_cat-mitmesugused","9":"product_cat-seemned","11":"first","12":"instock","13":"taxable","14":"shipping-taxable","15":"purchasable","16":"product-type-simple"},"ct_brands":[],"acf":[],"_links":{"self":[{"href":"https:\/\/agrozone.ee\/fi\/wp-json\/wp\/v2\/product\/39588","targetHints":{"allow":["GET"]}}],"collection":[{"href":"https:\/\/agrozone.ee\/fi\/wp-json\/wp\/v2\/product"}],"about":[{"href":"https:\/\/agrozone.ee\/fi\/wp-json\/wp\/v2\/types\/product"}],"wp:featuredmedia":[{"embeddable":true,"href":"https:\/\/agrozone.ee\/fi\/wp-json\/wp\/v2\/media\/39871"}],"wp:attachment":[{"href":"https:\/\/agrozone.ee\/fi\/wp-json\/wp\/v2\/media?parent=39588"}],"wp:term":[{"taxonomy":"product_brand","embeddable":true,"href":"https:\/\/agrozone.ee\/fi\/wp-json\/wp\/v2\/product_brand?post=39588"},{"taxonomy":"product_cat","embeddable":true,"href":"https:\/\/agrozone.ee\/fi\/wp-json\/wp\/v2\/product_cat?post=39588"},{"taxonomy":"product_tag","embeddable":true,"href":"https:\/\/agrozone.ee\/fi\/wp-json\/wp\/v2\/product_tag?post=39588"}],"curies":[{"name":"wp","href":"https:\/\/api.w.org\/{rel}","templated":true}]}}