{"id":40411,"date":"2024-11-15T15:01:56","date_gmt":"2024-11-15T12:01:56","guid":{"rendered":"https:\/\/agrozone.ee\/?post_type=product&#038;p=40411"},"modified":"2025-04-09T15:27:35","modified_gmt":"2025-04-09T13:27:35","slug":"kokkupandav-matka-aia-tool","status":"publish","type":"product","link":"https:\/\/agrozone.ee\/fi\/tuote\/kokkupandav-matka-aia-tool\/","title":{"rendered":"KOKKUPANDAV MATKA\/AIA TOOL"},"content":{"rendered":"<p>Kokkupandav matkatool sobib suurep\u00e4raselt erinevateks reisideks. See mahub h\u00f5lpsasti autosse, kotti v\u00f5i isegi seljakotti. Toolil on reguleeritav rihm, mis teeb transportimise v\u00f5i hoiustamise kindlasti lihtsamaks.<\/p>\n<p>Tooli lahtivoltimine on v\u00e4ga lihtne. Haarake samal ajal k\u00e4epidemetest, venitage ja keerake vasakule. Kui soovite tooli tagasi kokku voltida, haarake uuesti k\u00e4epidemetest ja keerake paremale, venitage \u00f5rnalt tooli, et mehhanism avada ja tool t\u00e4ielikult kokku voltida.<\/p>\n<p data-sourcepos=\"1:1-1:23\">TOOLI LAHTIVOLTIMISEKS:<\/p>\n<ol>\n<li data-sourcepos=\"3:1-3:65\">Haarake samaaegselt istme k\u00e4epidemetest ja tooli alumisest osast.<\/li>\n<li data-sourcepos=\"3:1-3:65\">P\u00f6\u00f6rake k\u00e4epidemeid \u00f5rnalt vasakule, sirutades tooli sobiva k\u00f5rguseni.<\/li>\n<li data-sourcepos=\"3:1-3:65\">Veenduge, et lukustushambad on \u00f5igesti haakunud.<\/li>\n<li data-sourcepos=\"3:1-3:65\">Naudi mugavat istet!<\/li>\n<\/ol>\n<p data-sourcepos=\"1:1-1:18\">TEHNILISED ANDMED:<\/p>\n<p data-sourcepos=\"3:1-12:30\">\u2705 Kvaliteetne t\u00f6\u00f6tlus<\/p>\n<p data-sourcepos=\"3:1-12:30\">\u2705 Kerge ja k\u00e4ep\u00e4rane<\/p>\n<p data-sourcepos=\"3:1-12:30\">\u2705 Lihtne kokku ja lahti voltida<\/p>\n<p data-sourcepos=\"3:1-12:30\">\u2705 K\u00e4epide<\/p>\n<p data-sourcepos=\"3:1-12:30\">\u2705 10-tasemeline k\u00f5rguse reguleerimine<\/p>\n<p data-sourcepos=\"3:1-12:30\">\u2705 K\u00f5rguse reguleerimine iga 6 cm j\u00e4rel<\/p>\n<p data-sourcepos=\"3:1-12:30\">\u2705 Maksimaalne kandev\u00f5ime: 150 kg<\/p>\n<p data-sourcepos=\"3:1-12:30\">\u2705 Tooli m\u00f5\u00f5tmed: 45 cm x 25 cm<\/p>\n","protected":false},"excerpt":{"rendered":"<p data-sourcepos=\"3:1-12:30\">\u2705 Kvaliteetne t\u00f6\u00f6tlus<\/p>\n<p data-sourcepos=\"3:1-12:30\">\u2705 Kerge ja k\u00e4ep\u00e4rane<\/p>\n<p data-sourcepos=\"3:1-12:30\">\u2705 Lihtne kokku ja lahti voltida<\/p>\n<p data-sourcepos=\"3:1-12:30\">\u2705 K\u00e4epide<\/p>\n<p data-sourcepos=\"3:1-12:30\">\u2705 10-tasemeline k\u00f5rguse reguleerimine<\/p>\n<p data-sourcepos=\"3:1-12:30\">\u2705 K\u00f5rguse reguleerimine iga 6 cm j\u00e4rel<\/p>\n<p data-sourcepos=\"3:1-12:30\">\u2705 Maksimaalne kandev\u00f5ime: 150 kg<\/p>\n<p data-sourcepos=\"3:1-12:30\">\u2705 Tooli m\u00f5\u00f5tmed: 45 cm x 25 cm<\/p>\n","protected":false},"featured_media":40414,"template":"","meta":{"_acf_changed":false,"_seopress_robots_primary_cat":"","_seopress_titles_title":"Kokkupandav matka\/aia tool - mugav ja praktiline","_seopress_titles_desc":"Kokkupandav matka\/aia tool, mis on kerge, reguleeritav ja lihtne kokku panna. Ideaalne reisideks ja mugavaks istumiseks igal ajal.","_seopress_robots_index":"","_gspb_post_css":""},"product_brand":[],"product_cat":[149,15,1387],"product_tag":[],"class_list":{"0":"post-40411","1":"product","2":"type-product","3":"status-publish","4":"has-post-thumbnail","6":"product_cat-aiatarvikud","7":"product_cat-koik-kategooriad","8":"product_cat-vaiksemad-aedniku-tooriistad","10":"first","11":"instock","12":"taxable","13":"shipping-taxable","14":"purchasable","15":"product-type-simple"},"ct_brands":[],"acf":[],"_links":{"self":[{"href":"https:\/\/agrozone.ee\/fi\/wp-json\/wp\/v2\/product\/40411","targetHints":{"allow":["GET"]}}],"collection":[{"href":"https:\/\/agrozone.ee\/fi\/wp-json\/wp\/v2\/product"}],"about":[{"href":"https:\/\/agrozone.ee\/fi\/wp-json\/wp\/v2\/types\/product"}],"wp:featuredmedia":[{"embeddable":true,"href":"https:\/\/agrozone.ee\/fi\/wp-json\/wp\/v2\/media\/40414"}],"wp:attachment":[{"href":"https:\/\/agrozone.ee\/fi\/wp-json\/wp\/v2\/media?parent=40411"}],"wp:term":[{"taxonomy":"product_brand","embeddable":true,"href":"https:\/\/agrozone.ee\/fi\/wp-json\/wp\/v2\/product_brand?post=40411"},{"taxonomy":"product_cat","embeddable":true,"href":"https:\/\/agrozone.ee\/fi\/wp-json\/wp\/v2\/product_cat?post=40411"},{"taxonomy":"product_tag","embeddable":true,"href":"https:\/\/agrozone.ee\/fi\/wp-json\/wp\/v2\/product_tag?post=40411"}],"curies":[{"name":"wp","href":"https:\/\/api.w.org\/{rel}","templated":true}]}}