{"id":4078,"date":"2024-06-09T15:57:08","date_gmt":"2024-06-09T12:57:08","guid":{"rendered":"https:\/\/agrozone.ee\/?post_type=product&#038;p=4078"},"modified":"2025-07-31T12:07:34","modified_gmt":"2025-07-31T10:07:34","slug":"pikatoimeline-vaetis-ekote-25kg","status":"publish","type":"product","link":"https:\/\/agrozone.ee\/fi\/tuote\/pikatoimeline-vaetis-ekote-25kg\/","title":{"rendered":"Pikatoimeline v\u00e4etis Ekote 25kg"},"content":{"rendered":"<p><strong>Pikatoimeline v\u00e4etis Ekote 25kg &#8211; <\/strong><strong>NPK N-P<sub>2<\/sub>O<sub>5<\/sub>-K<sub>2<\/sub>O (MgO) 15-05-18 (4). <\/strong><\/p>\n<ul>\n<li>Ideaalne universaalne pikatoimeline v\u00e4etis k\u00f5ikidele poti-, r\u00f5du- ja amplitaimedele, roosidele ja teistele p\u00fcsikutele ja dekoratiivsetele taimedele.<\/li>\n<li>Sobib ka erinevate okaspuuliikide (s.o. kuuse, elupuu, nulu, m\u00e4nni, jugapuu, k\u00fcpressi, lehise, tsuuga jt.) v\u00e4etamiseks.<\/li>\n<li>V\u00e4etise spetsiaalne pol\u00fcmeerkate v\u00f5imaldab taimedel toitaineid j\u00e4rk-j\u00e4rgult omastada 3 kuu jooksul.<\/li>\n<li>Optimaalne mullatemperatuur 21 kraadi.<\/li>\n<li>Kiirendab \u00f5itsemise algust ja soodustab uute \u00f5iepungade moodustumist.<\/li>\n<li>V\u00e4etises sisalduv magneesium soodustab fotos\u00fcnteesi ja klorof\u00fclli moodustumist.<\/li>\n<li>V\u00e4etises sisalduv kaalium tugevdab taimi, muudab \u00f5ite I\u00f5hna intensiivsemaks ning suurendab taimede k\u00fclmakindlust ja vastupanuv\u00f5imet ebasoodsate kasvutingimuste ja haiguste suhtes.<\/li>\n<li>V\u00e4etada 1 kord aastas aprillist augustini.<\/li>\n<li>Taimede istutamisel segada v\u00e4etis istutusmulda, pealtv\u00e4etamisel laotada \u00fchtlaselt \u00fcmber taime laiali ja segada muIda.<\/li>\n<li>P\u00e4rast v\u00e4etamist on soovitav taimi kasta.<\/li>\n<li>Kasutusnorm: 50g\/m<sup>2<\/sup>.<\/li>\n<\/ul>\n","protected":false},"excerpt":{"rendered":"<ul>\n<li>Universaalne pikatoimeline v\u00e4etis k\u00f5ikidele poti-, r\u00f5du- ja amplitaimedele, roosidele ja teistele p\u00fcsikutele ja dekoratiivsetele taimedele.<\/li>\n<li>Sobib ka erinevate okaspuuliikide (s.o. kuuse, elupuu, nulu, m\u00e4nni, jugapuu, k\u00fcpressi, lehise, tsuuga jt.). v\u00e4etamiseks.<\/li>\n<li>V\u00e4etise spetsiaalne pol\u00fcmeerkate v\u00f5imaldab taimedel toitaineid j\u00e4rk-j\u00e4rgult omastada 3 kuu jooksul.<\/li>\n<li>Kiirendab \u00f5itsemise algust ja soodustab uute \u00f5iepungade moodustumist.<\/li>\n<\/ul>\n","protected":false},"featured_media":49650,"template":"","meta":{"_acf_changed":false,"_seopress_robots_primary_cat":"none","_seopress_titles_title":"","_seopress_titles_desc":"Universaalne pikatoimeline v\u00e4etis k\u00f5ikidele poti-, r\u00f5du- ja amplitaimedele, roosidele ja teistele p\u00fcsikutele ja dekoratiivsetele taimedele.","_seopress_robots_index":"","_gspb_post_css":""},"product_brand":[],"product_cat":[69,15,584,1423,68],"product_tag":[],"class_list":{"0":"post-4078","1":"product","2":"type-product","3":"status-publish","4":"has-post-thumbnail","6":"product_cat-aiavaetised","7":"product_cat-koik-kategooriad","8":"product_cat-pikatoimeline-vaetis","9":"product_cat-profitoode","10":"product_cat-vaetised","12":"first","13":"instock","14":"taxable","15":"shipping-taxable","16":"purchasable","17":"product-type-simple"},"ct_brands":[],"acf":[],"_links":{"self":[{"href":"https:\/\/agrozone.ee\/fi\/wp-json\/wp\/v2\/product\/4078","targetHints":{"allow":["GET"]}}],"collection":[{"href":"https:\/\/agrozone.ee\/fi\/wp-json\/wp\/v2\/product"}],"about":[{"href":"https:\/\/agrozone.ee\/fi\/wp-json\/wp\/v2\/types\/product"}],"wp:featuredmedia":[{"embeddable":true,"href":"https:\/\/agrozone.ee\/fi\/wp-json\/wp\/v2\/media\/49650"}],"wp:attachment":[{"href":"https:\/\/agrozone.ee\/fi\/wp-json\/wp\/v2\/media?parent=4078"}],"wp:term":[{"taxonomy":"product_brand","embeddable":true,"href":"https:\/\/agrozone.ee\/fi\/wp-json\/wp\/v2\/product_brand?post=4078"},{"taxonomy":"product_cat","embeddable":true,"href":"https:\/\/agrozone.ee\/fi\/wp-json\/wp\/v2\/product_cat?post=4078"},{"taxonomy":"product_tag","embeddable":true,"href":"https:\/\/agrozone.ee\/fi\/wp-json\/wp\/v2\/product_tag?post=4078"}],"curies":[{"name":"wp","href":"https:\/\/api.w.org\/{rel}","templated":true}]}}