{"id":40976,"date":"2024-06-09T15:50:12","date_gmt":"2024-06-09T12:50:12","guid":{"rendered":"https:\/\/agrozone.ee\/toode\/auringonkukansiemenet-puutarha-ja-metsalinnuille-10-kg\/"},"modified":"2026-04-15T01:54:24","modified_gmt":"2026-04-14T23:54:24","slug":"auringonkukansiemenet-puutarha-ja-metsalinnuille-10-kg","status":"publish","type":"product","link":"https:\/\/agrozone.ee\/fi\/tuote\/auringonkukansiemenet-puutarha-ja-metsalinnuille-10-kg\/","title":{"rendered":"Auringonkukansiemenet puutarha- ja mets\u00e4linnuille, 10 kg"},"content":{"rendered":"<ul>\n<li><strong>Auringonkukansiemenet<\/strong> ovat suosittu ja laajalti k\u00e4ytetty lintujen ruokaa.<\/li>\n<li>N\u00e4m\u00e4 pienet, mustat ja \u00f6ljypitoiset siemenet ker\u00e4t\u00e4\u00e4n mustasta auringonkukasta ja ne ovat linnuille eritt\u00e4in ravitsevia.<\/li>\n<li>Seos sis\u00e4lt\u00e4\u00e4 t\u00e4rkeimm\u00e4t ravintoaineet, joita lintumme tarvitsevat talvella.<\/li>\n<li>Talviruokinta on t\u00e4rke\u00e4\u00e4 pienille puutarha- ja mets\u00e4linnuille ja lis\u00e4\u00e4 monien lintujen selviytymismahdollisuuksia, erityisesti ankarilla pakkasilla!<\/li>\n<\/ul>\n<p><strong>Ravintosis\u00e4lt\u00f6iset edut<\/strong><\/p>\n<ul>\n<li>Linnut rakastavat auringonkukansiemeni\u00e4 niiden korkean rasvapitoisuuden vuoksi, joka antaa niille tarvittavaa energiaa p\u00e4ivitt\u00e4isten toimintojensa jatkamiseen.<\/li>\n<li>Lintujen ruoan korkea proteiini- ja kuitupitoisuus tekee n\u00e4ist\u00e4 siemenist\u00e4 my\u00f6s terveellisen lis\u00e4n lintujen ruokavalioon.<\/li>\n<li>Ne sis\u00e4lt\u00e4v\u00e4t my\u00f6s runsaasti erilaisia mineraaleja, jotka ovat v\u00e4ltt\u00e4m\u00e4tt\u00f6mi\u00e4 lintujen kehon asianmukaiselle toiminnalle.<\/li>\n<\/ul>\n<p><strong>Ruokintatyypit<\/strong><\/p>\n<ul>\n<li>Lintujen yst\u00e4v\u00e4t voivat tarjota linnuille auringonkukansiemeni\u00e4 erityyppisill\u00e4 ruokinta-automaateilla, kuten suppilo-, putki- ja tasoruokkijoilla.<\/li>\n<li>Ruokinta-automaatit on suunniteltu pit\u00e4m\u00e4\u00e4n suuren m\u00e4\u00e4r\u00e4n siemeni\u00e4 ja niiss\u00e4 on katos, joka suojaa niit\u00e4 s\u00e4\u00e4lt\u00e4.<\/li>\n<li>Putkiruokkijat ovat pitki\u00e4 ja kapeita, ja ne sopivat erinomaisesti pienemmille linnuille.<\/li>\n<li>Tasoruokkijat ovat litteit\u00e4 ja niiss\u00e4 ei ole reunoja, mik\u00e4 helpottaa lintujen p\u00e4\u00e4sy\u00e4 siemeniin.<\/li>\n<\/ul>\n<p><strong>R\u00e4\u00e4t\u00e4l\u00f6idyt sekoitukset<\/strong><\/p>\n<ul>\n<li>Lintujen yst\u00e4v\u00e4t voivat sekoittaa auringonkukansiemeni\u00e4 my\u00f6s muiden lintujen siementen kanssa luodakseen r\u00e4\u00e4t\u00e4l\u00f6idyn seoksen, joka vastaa eri lintulajien erityistarpeisiin.<\/li>\n<li>T\u00e4m\u00e4 voi auttaa houkuttelemaan takapihan ruokintapaikalle erilaisia lintuja.<\/li>\n<\/ul>\n<p><strong>Huom!<\/strong> Jos olet jo aloittanut lintujen ruokinnan, jatka sit\u00e4 ehdottomasti kev\u00e4\u00e4seen asti, sill\u00e4 lis\u00e4ruokintaan tottuneet linnut voivat kuolla ruoan puutteeseen.<\/p>\n","protected":false},"excerpt":{"rendered":"<ul>\n<li>Laadukkaat auringonkukansiemenet puutarha- ja mets\u00e4linnuille.<\/li>\n<li>Ihanteellinen lis\u00e4ravinto talvikuukausina, joka tarjoaa linnuille tarvittavat ravintoaineet ja energian.<\/li>\n<li>10 kg:n pakkaus varmistaa, ett\u00e4 siivekk\u00e4\u00e4t yst\u00e4v\u00e4t ovat hoidettuja koko talven ajan.<\/li>\n<li>Edist\u00e4\u00e4 lintukantojen s\u00e4ilymist\u00e4 ja tarjoaa iloa lintujen tarkkailusta.<\/li>\n<\/ul>\n","protected":false},"featured_media":41904,"template":"","meta":{"_acf_changed":false,"_seopress_robots_primary_cat":"none","_seopress_titles_title":"","_seopress_titles_desc":"Auringonkukansiemenet sis\u00e4lt\u00e4v\u00e4t t\u00e4rkeimm\u00e4t ravintoaineet, joita lintumme tarvitsevat talvella. Talviruokinta on t\u00e4rke\u00e4\u00e4 pienille puutarha- ja mets\u00e4linnuille. ","_seopress_robots_index":"","_gspb_post_css":""},"product_brand":[],"product_cat":[2392,2393,2395],"product_tag":[],"class_list":{"0":"post-40976","1":"product","2":"type-product","3":"status-publish","4":"has-post-thumbnail","6":"product_cat-kaikki-luokat","7":"product_cat-linnuille","8":"product_cat-lintujen-ruoka","10":"first","11":"instock","12":"taxable","13":"shipping-taxable","14":"purchasable","15":"product-type-simple"},"ct_brands":[],"acf":[],"_links":{"self":[{"href":"https:\/\/agrozone.ee\/fi\/wp-json\/wp\/v2\/product\/40976","targetHints":{"allow":["GET"]}}],"collection":[{"href":"https:\/\/agrozone.ee\/fi\/wp-json\/wp\/v2\/product"}],"about":[{"href":"https:\/\/agrozone.ee\/fi\/wp-json\/wp\/v2\/types\/product"}],"wp:featuredmedia":[{"embeddable":true,"href":"https:\/\/agrozone.ee\/fi\/wp-json\/wp\/v2\/media\/41904"}],"wp:attachment":[{"href":"https:\/\/agrozone.ee\/fi\/wp-json\/wp\/v2\/media?parent=40976"}],"wp:term":[{"taxonomy":"product_brand","embeddable":true,"href":"https:\/\/agrozone.ee\/fi\/wp-json\/wp\/v2\/product_brand?post=40976"},{"taxonomy":"product_cat","embeddable":true,"href":"https:\/\/agrozone.ee\/fi\/wp-json\/wp\/v2\/product_cat?post=40976"},{"taxonomy":"product_tag","embeddable":true,"href":"https:\/\/agrozone.ee\/fi\/wp-json\/wp\/v2\/product_tag?post=40976"}],"curies":[{"name":"wp","href":"https:\/\/api.w.org\/{rel}","templated":true}]}}