{"id":40978,"date":"2024-06-09T15:50:12","date_gmt":"2024-06-09T13:50:12","guid":{"rendered":"https:\/\/agrozone.ee\/toode\/rasvapallot-lintujen-ruokintaan-4-x-90-g-sisaltaa-telineen\/"},"modified":"2025-11-13T21:27:47","modified_gmt":"2025-11-13T19:27:47","slug":"rasvapallot-lintujen-ruokintaan-4-x-90-g-sisaltaa-telineen","status":"publish","type":"product","link":"https:\/\/agrozone.ee\/fi\/tuote\/rasvapallot-lintujen-ruokintaan-4-x-90-g-sisaltaa-telineen\/","title":{"rendered":"Rasvapallot lintujen ruokintaan 4 x 90 g sis\u00e4lt\u00e4\u00e4 telineen"},"content":{"rendered":"<ul>\n<li>Rasvapallot sis\u00e4lt\u00e4v\u00e4t t\u00e4rkeimm\u00e4t ravintoaineet, joita puutarha- ja mets\u00e4linnut tarvitsevat talvella.<\/li>\n<li>Vihre\u00e4 muovinen pidike on kierr\u00e4tett\u00e4v\u00e4.<\/li>\n<li>Talviruokinta on t\u00e4rke\u00e4\u00e4 pienille puutarha- ja mets\u00e4linnuille ja lis\u00e4\u00e4 monien lintujen selviytymismahdollisuuksia, erityisesti ankarilla pakkasilla.<\/li>\n<\/ul>\n<p><strong> Huom!<\/strong> Jos olet jo aloittanut lintujen ruokinnan, jatka sit\u00e4 ehdottomasti kev\u00e4\u00e4seen asti, sill\u00e4 lis\u00e4ruokintaan tottuneet linnut voivat kuolla ruoan puutteeseen.<\/p>\n","protected":false},"excerpt":{"rendered":"<ul>\n<li>Rasvapallot sis\u00e4lt\u00e4v\u00e4t t\u00e4rkeimm\u00e4t ravintoaineet, joita puutarha- ja mets\u00e4linnut tarvitsevat talvella.<\/li>\n<li>Vihre\u00e4 muovinen pidike on kierr\u00e4tett\u00e4v\u00e4.<\/li>\n<\/ul>\n","protected":false},"featured_media":40979,"template":"","meta":{"_acf_changed":false,"_seopress_robots_primary_cat":"","_seopress_titles_title":"","_seopress_titles_desc":"Rasvapallot sis\u00e4lt\u00e4v\u00e4t t\u00e4rkeimm\u00e4t ravintoaineet, joita puutarha- ja mets\u00e4linnut tarvitsevat talvella. Vihre\u00e4 muovinen pidike on kierr\u00e4tett\u00e4v\u00e4. ","_seopress_robots_index":"","_gspb_post_css":""},"product_brand":[],"product_cat":[2392,2393,2395],"product_tag":[],"class_list":{"0":"post-40978","1":"product","2":"type-product","3":"status-publish","4":"has-post-thumbnail","6":"product_cat-kaikki-luokat","7":"product_cat-linnuille","8":"product_cat-lintujen-ruoka","10":"first","11":"instock","12":"taxable","13":"shipping-taxable","14":"purchasable","15":"product-type-simple"},"ct_brands":[],"acf":[],"_links":{"self":[{"href":"https:\/\/agrozone.ee\/fi\/wp-json\/wp\/v2\/product\/40978","targetHints":{"allow":["GET"]}}],"collection":[{"href":"https:\/\/agrozone.ee\/fi\/wp-json\/wp\/v2\/product"}],"about":[{"href":"https:\/\/agrozone.ee\/fi\/wp-json\/wp\/v2\/types\/product"}],"wp:featuredmedia":[{"embeddable":true,"href":"https:\/\/agrozone.ee\/fi\/wp-json\/wp\/v2\/media\/40979"}],"wp:attachment":[{"href":"https:\/\/agrozone.ee\/fi\/wp-json\/wp\/v2\/media?parent=40978"}],"wp:term":[{"taxonomy":"product_brand","embeddable":true,"href":"https:\/\/agrozone.ee\/fi\/wp-json\/wp\/v2\/product_brand?post=40978"},{"taxonomy":"product_cat","embeddable":true,"href":"https:\/\/agrozone.ee\/fi\/wp-json\/wp\/v2\/product_cat?post=40978"},{"taxonomy":"product_tag","embeddable":true,"href":"https:\/\/agrozone.ee\/fi\/wp-json\/wp\/v2\/product_tag?post=40978"}],"curies":[{"name":"wp","href":"https:\/\/api.w.org\/{rel}","templated":true}]}}