{"id":40992,"date":"2024-11-20T16:31:23","date_gmt":"2024-11-20T14:31:23","guid":{"rendered":"https:\/\/agrozone.ee\/toode\/punkkien-turvallinen-poistamiseen-tarkoitettu-tyokalu-pinseteilla-2in1\/"},"modified":"2025-11-20T15:10:39","modified_gmt":"2025-11-20T13:10:39","slug":"punkkien-turvallinen-poistamiseen-tarkoitettu-tyokalu-pinseteilla-2in1","status":"publish","type":"product","link":"https:\/\/agrozone.ee\/fi\/tuote\/punkkien-turvallinen-poistamiseen-tarkoitettu-tyokalu-pinseteilla-2in1\/","title":{"rendered":"Punkkien turvallinen poistamiseen tarkoitettu ty\u00f6kalu pinseteill\u00e4 (2in1)"},"content":{"rendered":"<ul>\n<li data-sourcepos=\"1:1-7:8\">L\u00e4\u00e4kinn\u00e4llinen laite, joka on tarkoitettu punkkien poistamiseen ihmiskehosta j\u00e4\u00e4dytt\u00e4m\u00e4ll\u00e4 ne kokonaan.<\/li>\n<li data-sourcepos=\"1:1-7:8\">Est\u00e4\u00e4 punkin pureman v\u00e4lityksell\u00e4 levi\u00e4vien tautien tartunnan.<\/li>\n<li data-sourcepos=\"1:1-7:8\">ECO-punkkienpoistotuote on turvallinen, helppo ja tehokas tapa p\u00e4\u00e4st\u00e4 eroon punkeista.<\/li>\n<li data-sourcepos=\"1:1-7:8\">Valmiste on myrkyt\u00f6nt\u00e4 kryogeenista kaasua, joka on suljettu paineistettuun s\u00e4ili\u00f6\u00f6n.<\/li>\n<li data-sourcepos=\"1:1-7:8\">Kaasua levitet\u00e4\u00e4n paikallisesti suoraan punkkiin, jolloin se j\u00e4\u00e4tyy v\u00e4litt\u00f6m\u00e4sti.<\/li>\n<li data-sourcepos=\"1:1-7:8\">J\u00e4\u00e4tyneen punkin voi poistaa kivuttomasti ja turvallisesti iholta pakkaukseen kuuluvilla pinseteill\u00e4.<\/li>\n<li data-sourcepos=\"1:1-7:8\">T\u00e4llainen toimenpide eliminoi vaaran punkin poistamisen aikana.<\/li>\n<li data-sourcepos=\"1:1-7:8\">Tuote on rekister\u00f6ity l\u00e4\u00e4kinn\u00e4llisen\u00e4 laitteena.<\/li>\n<li data-sourcepos=\"1:1-7:8\">T\u00e4t\u00e4 tuotetta voi k\u00e4ytt\u00e4\u00e4 my\u00f6s kotiel\u00e4imill\u00e4.<\/li>\n<\/ul>\n<p><strong>Ominaisuudet:<\/strong><\/p>\n<ul>\n<li data-sourcepos=\"9:1-17:17\">mahdollistaa punkin turvallisen poistamisen<\/li>\n<li data-sourcepos=\"9:1-17:17\">ehk\u00e4isee borrelioosin ja muiden punkkien levitt\u00e4mien tautien tartunnan<\/li>\n<li data-sourcepos=\"9:1-17:17\">v\u00e4lit\u00f6n vaikutus<\/li>\n<li data-sourcepos=\"9:1-17:17\">helppok\u00e4ytt\u00f6inen<\/li>\n<li data-sourcepos=\"9:1-17:17\">soveltuu k\u00e4ytett\u00e4v\u00e4ksi my\u00f6s kotiel\u00e4imill\u00e4<\/li>\n<\/ul>\n<p>L\u00e4\u00e4kinn\u00e4llinen laite VACO punkkien turvalliseen poistamiseen on tarkoitettu punkin poistamiseen ihmiskehosta j\u00e4\u00e4dytt\u00e4m\u00e4ll\u00e4 se kokonaan, mik\u00e4 auttaa ehk\u00e4isem\u00e4\u00e4n borrelioosin ja muiden punkkien levitt\u00e4mien tautien, kuten aivotulehduksen ja babesioosin, tartuntaa. <strong>Tilavuus:<\/strong> 9 ml (11 g)<\/p>\n<p data-sourcepos=\"1:1-14:58\"><strong>Toimintamekanismi<\/strong><\/p>\n<ul>\n<li data-sourcepos=\"1:1-14:58\">Tavalliset mekaaniset menetelm\u00e4t punkkien poistamiseksi ihmisen iholta voivat aiheuttaa ihmiselle vaaran saada tartuntoja, joiden kantajana punkki voi olla.<\/li>\n<li data-sourcepos=\"1:1-14:58\">T\u00e4m\u00e4 vaara johtuu punkin mekaanisen poistamisen aiheuttamasta \u00e4rsytyksest\u00e4, jonka seurauksena punkki eritt\u00e4\u00e4 sis\u00e4isi\u00e4 aineita, jotka sis\u00e4lt\u00e4v\u00e4t erilaisia haitallisia mikro-organismeja ja bakteereja.<\/li>\n<li data-sourcepos=\"1:1-14:58\">Siksi punkin poistaminen ei suojaa ihmist\u00e4 pureman mahdollisilta negatiivisilta seurauksilta.<\/li>\n<li data-sourcepos=\"1:1-14:58\">Siksi on ollut tarpeen kehitt\u00e4\u00e4 menetelm\u00e4, joka est\u00e4\u00e4 punkin oksennusrefleksin sen poistamisen aikana ja suojaa siten ihmist\u00e4 tartunnan seurauksilta.<\/li>\n<li data-sourcepos=\"1:1-14:58\">VACO-punkkienpoistotuote on eritt\u00e4in helppo, potilaalle turvallinen ja ennen kaikkea tehokas tapa ratkaista t\u00e4m\u00e4 ongelma.<\/li>\n<li data-sourcepos=\"1:1-14:58\">Valmiste on myrkyt\u00f6nt\u00e4 kryogeenista kaasua, joka on suljettu paineistettuun s\u00e4ili\u00f6\u00f6n.<\/li>\n<li data-sourcepos=\"1:1-14:58\">Kaasun paikallinen vaikutus, joka kohdistuu vain punkkiin, aiheuttaa sen v\u00e4litt\u00f6m\u00e4n j\u00e4\u00e4tymisen.<\/li>\n<li data-sourcepos=\"1:1-14:58\">J\u00e4\u00e4tynyt punkki poistetaan sitten iholta mekaanisesti pinseteill\u00e4.<\/li>\n<li data-sourcepos=\"1:1-14:58\">N\u00e4in yksinkertaisella tavalla v\u00e4ltet\u00e4\u00e4n vaara, joka liittyy punkin iholta poistamisen aikana eritt\u00e4miin eritteisiin.<\/li>\n<\/ul>\n<p><strong>Vasta-aiheet <\/strong><\/p>\n<ul>\n<li>Kirjallisuudessa ei ole viitteit\u00e4 VACO-punkkienpoistolaitteen ainesosien vasta-aiheista.<\/li>\n<li>My\u00f6s t\u00e4m\u00e4n tyyppisten tuotteiden k\u00e4ytt\u00f6\u00f6n liittyvist\u00e4 sivuvaikutuksista ei ole raportoitu.<\/li>\n<\/ul>\n<p>Tuotteen s\u00e4ilytys<\/p>\n<p><strong>Tuote on painepakkauksessa \u2013 noudata seuraavia s\u00e4\u00e4nt\u00f6j\u00e4:<\/strong><\/p>\n<ul>\n<li data-sourcepos=\"16:1-21:13\">\u00e4l\u00e4 puhkaise pakkausta,<br \/>\u00e4l\u00e4 laita pakkausta tuleen,<br \/>suojaa korkealta l\u00e4mp\u00f6tilalta ja auringonvalolta \u2013 s\u00e4ilyt\u00e4 alle 50 \u00b0C:n l\u00e4mp\u00f6tilassa,<br \/>s\u00e4ilyt\u00e4 lasten ulottumattomissa.<\/li>\n<\/ul>\n<p><strong>K\u00e4ytt\u00f6ohjeet<\/strong><\/p>\n<ul>\n<li data-sourcepos=\"23:1-28:96\">Kun olet havainnut punkin iholla, aseta aerosoolin suutinosa punkin p\u00e4\u00e4lle ja paina sitten aerosolip\u00e4\u00e4t\u00e4.<\/li>\n<li data-sourcepos=\"23:1-28:96\">Kun p\u00e4\u00e4t\u00e4 on painettu kokonaan alas, vapautuu kaasuannostus, joka mahdollistaa punkin j\u00e4\u00e4dytt\u00e4misen.<\/li>\n<li data-sourcepos=\"23:1-28:96\">Jos punkki viel\u00e4 liikkuu levityksen j\u00e4lkeen, paina p\u00e4\u00e4t\u00e4 uudelleen kokonaan alas vapauttaen seuraavan kaasuannoksen,<strong> muista, ettet ylit\u00e4 kolmea annosta.<\/strong><\/li>\n<li data-sourcepos=\"23:1-28:96\">Sen j\u00e4lkeen j\u00e4\u00e4tynyt punkki on poistettava iholta vet\u00e4m\u00e4ll\u00e4 sit\u00e4 mekaanisesti pakkauksen mukana tulevilla pinseteill\u00e4.<\/li>\n<li data-sourcepos=\"23:1-28:96\">Toimenpiteen j\u00e4lkeen desinfioi kohta, josta punkki poistettiin, ja pese k\u00e4det l\u00e4mpim\u00e4ll\u00e4 vedell\u00e4.<\/li>\n<\/ul>\n","protected":false},"excerpt":{"rendered":"<ul>\n<li data-sourcepos=\"9:1-17:17\">mahdollistaa punkin turvallisen poistamisen<\/li>\n<li data-sourcepos=\"9:1-17:17\">ehk\u00e4isee borrelioosin ja muiden punkkien levitt\u00e4mien tautien tartunnan<\/li>\n<li data-sourcepos=\"9:1-17:17\">v\u00e4lit\u00f6n vaikutus<\/li>\n<li data-sourcepos=\"9:1-17:17\">helppok\u00e4ytt\u00f6inen<\/li>\n<li data-sourcepos=\"9:1-17:17\">soveltuu k\u00e4ytett\u00e4v\u00e4ksi my\u00f6s kotiel\u00e4imill\u00e4<\/li>\n<\/ul>\n","protected":false},"featured_media":40993,"template":"","meta":{"_acf_changed":false,"_seopress_robots_primary_cat":"","_seopress_titles_title":"Punkkien turvallinen poistaminen pinseteill\u00e4 - 2in1 ratkaisu","_seopress_titles_desc":"VACO-l\u00e4\u00e4kinn\u00e4llinen laite mahdollistaa punkkien turvallisen poistamisen ja ehk\u00e4isee borrelioosin ja muut punkkien levitt\u00e4m\u00e4t sairaudet. Helppok\u00e4ytt\u00f6inen my\u00f6s kotiel\u00e4imille. ","_seopress_robots_index":"","_gspb_post_css":""},"product_brand":[],"product_cat":[2358,2392,2356],"product_tag":[],"class_list":{"0":"post-40992","1":"product","2":"type-product","3":"status-publish","4":"has-post-thumbnail","6":"product_cat-hyonteisten-ja-hyttysten-torjunta","7":"product_cat-kaikki-luokat","8":"product_cat-puutarhan-ja-kasvien-suojelu","10":"first","11":"instock","12":"taxable","13":"shipping-taxable","14":"purchasable","15":"product-type-simple"},"ct_brands":[],"acf":[],"_links":{"self":[{"href":"https:\/\/agrozone.ee\/fi\/wp-json\/wp\/v2\/product\/40992","targetHints":{"allow":["GET"]}}],"collection":[{"href":"https:\/\/agrozone.ee\/fi\/wp-json\/wp\/v2\/product"}],"about":[{"href":"https:\/\/agrozone.ee\/fi\/wp-json\/wp\/v2\/types\/product"}],"wp:featuredmedia":[{"embeddable":true,"href":"https:\/\/agrozone.ee\/fi\/wp-json\/wp\/v2\/media\/40993"}],"wp:attachment":[{"href":"https:\/\/agrozone.ee\/fi\/wp-json\/wp\/v2\/media?parent=40992"}],"wp:term":[{"taxonomy":"product_brand","embeddable":true,"href":"https:\/\/agrozone.ee\/fi\/wp-json\/wp\/v2\/product_brand?post=40992"},{"taxonomy":"product_cat","embeddable":true,"href":"https:\/\/agrozone.ee\/fi\/wp-json\/wp\/v2\/product_cat?post=40992"},{"taxonomy":"product_tag","embeddable":true,"href":"https:\/\/agrozone.ee\/fi\/wp-json\/wp\/v2\/product_tag?post=40992"}],"curies":[{"name":"wp","href":"https:\/\/api.w.org\/{rel}","templated":true}]}}