{"id":41025,"date":"2024-11-15T15:06:22","date_gmt":"2024-11-15T13:06:22","guid":{"rendered":"https:\/\/agrozone.ee\/toode\/lilla-haze-myohainen-porkkana\/"},"modified":"2024-11-15T15:06:22","modified_gmt":"2024-11-15T13:06:22","slug":"lilla-haze-myohainen-porkkana","status":"publish","type":"product","link":"https:\/\/agrozone.ee\/fi\/tuote\/lilla-haze-myohainen-porkkana\/","title":{"rendered":"Lilla Haze my\u00f6h\u00e4inen porkkana"},"content":{"rendered":"<p>Lilla Haze my\u00f6h\u00e4inen porkkana 0,3 g \/ L \/<\/p>\n<ul>\n<li>Keski-aikainen lajike (100-110 p\u00e4iv\u00e4\u00e4).<\/li>\n<li>Juuren pituus 20-25 cm, ominaisv\u00e4rinen.<\/li>\n<li>Intensiivisen oranssi hedelm\u00e4liha on kontrastin tummanpunaiselle, raidallinen kuorelle.<\/li>\n<li>Juuret sis\u00e4lt\u00e4v\u00e4t enemm\u00e4n vitamiineja, karotiinia ja lykopeenia, jotka suojaavat vapailta radikaaleilta.<\/li>\n<li>Lykopeeni on yksi vahvimmista luonnollisista antioksidanteista, se hidastaa ik\u00e4\u00e4ntymisprosesseja, mik\u00e4 vaikuttaa eritt\u00e4in my\u00f6nteisesti hyvinvointiimme.<\/li>\n<li>Erinomainen raakana sy\u00f6t\u00e4v\u00e4ksi, salaatteihin ja keitt\u00e4miseen.<\/li>\n<li>Keitett\u00e4ess\u00e4 v\u00e4ri muuttuu vaalean liilaksi.<\/li>\n<li>\n \t<\/li>\n<li>Kylv\u00f6 suoraan maahan 1,5-2 cm syvyyteen maaliskuun lopusta toukokuun puoliv\u00e4liin, sadonkorjuu hein\u00e4kuusta syyskuun loppuun.<\/li>\n<li>Parhaat maalajit ovat savihiekkasekoitteiset.<\/li>\n<\/ul>\n","protected":false},"excerpt":{"rendered":"<p>Lilla Haze my\u00f6h\u00e4inen porkkana 0,3 g \/ L \/ Keski-aikainen lajike (100-110 p\u00e4iv\u00e4\u00e4). Juuren pituus 20-25 cm, ominaisv\u00e4rinen. Intensiivisen oranssi hedelm\u00e4liha on kontrastin tummanpunaiselle, raidallinen kuorelle. Juuret sis\u00e4lt\u00e4v\u00e4t enemm\u00e4n vitamiineja, karotiinia ja lykopeenia, jotka suojaavat vapailta radikaaleilta. Lykopeeni on yksi vahvimmista luonnollisista antioksidanteista, se hidastaa ik\u00e4\u00e4ntymisprosesseja, mik\u00e4 vaikuttaa eritt\u00e4in my\u00f6nteisesti hyvinvointiimme. Erinomainen raakana sy\u00f6t\u00e4v\u00e4ksi, salaatteihin [&hellip;]<\/p>\n","protected":false},"featured_media":41027,"template":"","meta":{"_acf_changed":false,"_seopress_robots_primary_cat":"","_seopress_titles_title":"Lilla Haze my\u00f6h\u00e4inen porkkana - Vitamiinien l\u00e4hde","_seopress_titles_desc":"Lilla Haze my\u00f6h\u00e4inen porkkana on runsas vitamiinien ja antioksidanttien l\u00e4hde. Ihanteellinen raakana, salaateissa ja keitt\u00e4miseen. Kylv\u00e4 maaliskuusta toukokuun puoliv\u00e4liin.  ","_seopress_robots_index":"","_gspb_post_css":""},"product_brand":[],"product_cat":[2392,2417,2399,2401],"product_tag":[],"class_list":{"0":"post-41025","1":"product","2":"type-product","3":"status-publish","4":"has-post-thumbnail","6":"product_cat-kaikki-luokat","7":"product_cat-porkkana","8":"product_cat-siemenet","9":"product_cat-vihanneksien-siemenet","11":"first","12":"instock","13":"taxable","14":"shipping-taxable","15":"purchasable","16":"product-type-simple"},"ct_brands":[],"acf":[],"_links":{"self":[{"href":"https:\/\/agrozone.ee\/fi\/wp-json\/wp\/v2\/product\/41025","targetHints":{"allow":["GET"]}}],"collection":[{"href":"https:\/\/agrozone.ee\/fi\/wp-json\/wp\/v2\/product"}],"about":[{"href":"https:\/\/agrozone.ee\/fi\/wp-json\/wp\/v2\/types\/product"}],"wp:featuredmedia":[{"embeddable":true,"href":"https:\/\/agrozone.ee\/fi\/wp-json\/wp\/v2\/media\/41027"}],"wp:attachment":[{"href":"https:\/\/agrozone.ee\/fi\/wp-json\/wp\/v2\/media?parent=41025"}],"wp:term":[{"taxonomy":"product_brand","embeddable":true,"href":"https:\/\/agrozone.ee\/fi\/wp-json\/wp\/v2\/product_brand?post=41025"},{"taxonomy":"product_cat","embeddable":true,"href":"https:\/\/agrozone.ee\/fi\/wp-json\/wp\/v2\/product_cat?post=41025"},{"taxonomy":"product_tag","embeddable":true,"href":"https:\/\/agrozone.ee\/fi\/wp-json\/wp\/v2\/product_tag?post=41025"}],"curies":[{"name":"wp","href":"https:\/\/api.w.org\/{rel}","templated":true}]}}