{"id":41032,"date":"2024-06-09T15:50:35","date_gmt":"2024-06-09T12:50:35","guid":{"rendered":"https:\/\/agrozone.ee\/toode\/kuoritut-auringonkukansiemenet-3-kg\/"},"modified":"2026-01-05T09:09:26","modified_gmt":"2026-01-05T07:09:26","slug":"kuoritut-auringonkukansiemenet-3-kg","status":"publish","type":"product","link":"https:\/\/agrozone.ee\/fi\/tuote\/kuoritut-auringonkukansiemenet-3-kg\/","title":{"rendered":"Kuoritut auringonkukansiemenet 3 kg"},"content":{"rendered":"<ul>\n<li>Kuoritut auringonkukansiemenet ovat eritt\u00e4in ravitsevaa ruokaa lintujen talviruokintaan.<\/li>\n<li>Lintujen helppo sy\u00f6d\u00e4.<\/li>\n<li>Pienemm\u00e4t linnut, joiden nokat eiv\u00e4t ole riitt\u00e4v\u00e4n vahvoja kuorellisten auringonkukansiementen avaamiseen, suosivat niit\u00e4 erityisesti.<\/li>\n<li>K\u00e4tev\u00e4 k\u00e4ytt\u00e4\u00e4, koska ei tarvitse siivota kuorij\u00e4tett\u00e4 ruokintapaikan alta kev\u00e4\u00e4ll\u00e4.<\/li>\n<\/ul>\n<p><strong>Huom!<\/strong> Jos olet jo aloittanut lintujen ruokinnan, jatka sit\u00e4 ehdottomasti kev\u00e4\u00e4seen asti, sill\u00e4 lis\u00e4ruokintaan tottuneet linnut voivat kuolla ruoan puutteeseen.<\/p>\n","protected":false},"excerpt":{"rendered":"<ul>\n<li>Kuoritut auringonkukansiemenet ovat eritt\u00e4in ravitsevaa ruokaa lintujen talviruokintaan.<\/li>\n<li>Pienemm\u00e4t linnut, joiden nokat eiv\u00e4t ole riitt\u00e4v\u00e4n vahvoja kuorellisten auringonkukansiementen avaamiseen, suosivat niit\u00e4 erityisesti.<\/li>\n<li>K\u00e4tev\u00e4 k\u00e4ytt\u00e4\u00e4, koska ei tarvitse siivota kuorij\u00e4tett\u00e4 ruokintapaikan alta kev\u00e4\u00e4ll\u00e4.<\/li>\n<\/ul>\n","protected":false},"featured_media":55118,"template":"","meta":{"_acf_changed":false,"_seopress_robots_primary_cat":"none","_seopress_titles_title":"Kuoreton auringonkukansiemen 3 kg \u2013 Puhdas ja roskaton linnunruoka","_seopress_titles_desc":"Korkealaatuiset kuorettomat auringonkukansiemenet 3 kg:n pakkauksessa. Ihanteellinen valinta parvekkeelle tai terassille, sill\u00e4 niist\u00e4 ei j\u00e4\u00e4 tyhji\u00e4 kuoria. Tarjoa linnuille puhdasta energiaa ilman roskaamista. Tilaa heti!   ","_seopress_robots_index":"","_gspb_post_css":""},"product_brand":[2906],"product_cat":[2392,2393,2395],"product_tag":[],"class_list":{"0":"post-41032","1":"product","2":"type-product","3":"status-publish","4":"has-post-thumbnail","6":"product_brand-baltic-agro","7":"product_cat-kaikki-luokat","8":"product_cat-linnuille","9":"product_cat-lintujen-ruoka","11":"first","12":"instock","13":"taxable","14":"shipping-taxable","15":"purchasable","16":"product-type-simple"},"ct_brands":[{"id":2906,"name":"Baltic Agro","slug":"baltic-agro"}],"acf":[],"_links":{"self":[{"href":"https:\/\/agrozone.ee\/fi\/wp-json\/wp\/v2\/product\/41032","targetHints":{"allow":["GET"]}}],"collection":[{"href":"https:\/\/agrozone.ee\/fi\/wp-json\/wp\/v2\/product"}],"about":[{"href":"https:\/\/agrozone.ee\/fi\/wp-json\/wp\/v2\/types\/product"}],"wp:featuredmedia":[{"embeddable":true,"href":"https:\/\/agrozone.ee\/fi\/wp-json\/wp\/v2\/media\/55118"}],"wp:attachment":[{"href":"https:\/\/agrozone.ee\/fi\/wp-json\/wp\/v2\/media?parent=41032"}],"wp:term":[{"taxonomy":"product_brand","embeddable":true,"href":"https:\/\/agrozone.ee\/fi\/wp-json\/wp\/v2\/product_brand?post=41032"},{"taxonomy":"product_cat","embeddable":true,"href":"https:\/\/agrozone.ee\/fi\/wp-json\/wp\/v2\/product_cat?post=41032"},{"taxonomy":"product_tag","embeddable":true,"href":"https:\/\/agrozone.ee\/fi\/wp-json\/wp\/v2\/product_tag?post=41032"}],"curies":[{"name":"wp","href":"https:\/\/api.w.org\/{rel}","templated":true}]}}