{"id":41043,"date":"2024-12-05T13:00:34","date_gmt":"2024-12-05T11:00:34","guid":{"rendered":"https:\/\/agrozone.ee\/toode\/hedelmapuiden-liimavyo-lapinakyva-5-cm-x-5-m\/"},"modified":"2024-12-23T15:36:43","modified_gmt":"2024-12-23T13:36:43","slug":"hedelmapuiden-liimavyo-lapinakyva-5-cm-x-5-m","status":"publish","type":"product","link":"https:\/\/agrozone.ee\/fi\/tuote\/hedelmapuiden-liimavyo-lapinakyva-5-cm-x-5-m\/","title":{"rendered":"Hedelm\u00e4puiden liimavy\u00f6, l\u00e4pin\u00e4kyv\u00e4 (5 cm x 5 m)"},"content":{"rendered":"<h2 data-sourcepos=\"1:1-1:25\">Bio Plantella liimateippi<\/h2>\n<p data-sourcepos=\"3:1-3:144\">Bio Plantella liimateippi on erinomainen mekaaninen ja t\u00e4ysin luonnollinen suoja hedelm\u00e4puille, pensaille ja koristepuille laajaa kirjoa tuholaisia vastaan.<\/p>\n<p data-sourcepos=\"5:1-5:12\"><strong>Edut:<\/strong><\/p>\n<p data-sourcepos=\"7:1-7:44\">Tehokas kasvinsuojelu tuholaisia vastaan:<\/p>\n<ul data-sourcepos=\"9:1-13:0\">\n<li data-sourcepos=\"9:1-9:120\">Vahvaan ja nopeavaikutteiseen hy\u00f6nteisliimaan, joka on kasveille turvallinen ja pyydyst\u00e4\u00e4 my\u00f6s eritt\u00e4in kevyet tuholaiset.<\/li>\n<li data-sourcepos=\"10:1-10:69\">5 cm leveyteen, joka takaa luotettavan esteen kaikille tuholaisille.<\/li>\n<li data-sourcepos=\"11:1-11:196\">Pitk\u00e4aikaiseen vaikutukseen (jopa useita kuukausia) korkean l\u00e4mp\u00f6tilan- ja kosteudenkest\u00e4vyyden ansiosta \u2013 levyt pysyv\u00e4t vakaina my\u00f6s korkeissa l\u00e4mp\u00f6tiloissa (yli 20 celsiusastetta).<\/li>\n<li data-sourcepos=\"12:1-13:0\">Kaksipuoliseen liimakerrokseen, joka mahdollistaa nopean ja helpon asennuksen.<\/li>\n<\/ul>\n<p data-sourcepos=\"14:1-14:365\">Liimateippi sis\u00e4lt\u00e4\u00e4 eritt\u00e4in vahvaa ja stabiilia hy\u00f6nteisliimaa ilman kemiallisia vaikuttavia aineita. 5 cm k\u00e4yt\u00e4nn\u00f6llisen leveyden ansiosta se on luonnollinen este talvikoisan toukille, y\u00f6kk\u00f6sille, kirvoille, muurahaisille ja muille tuholaisille, jotka kiipe\u00e4v\u00e4t puunrunkoa pitkin ja vahingoittavat kasveja puremalla ja imem\u00e4ll\u00e4. Tuote on kasveille turvallinen.  <\/p>\n<p data-sourcepos=\"16:1-16:139\"><strong>K\u00e4ytt\u00f6ohje:<\/strong><\/p>\n<p data-sourcepos=\"16:1-16:139\">Kiinnit\u00e4 liimateippi tiiviisti puunrunkojen ja oksien ymp\u00e4rille sek\u00e4 puiden ja pensaiden tukikeppien ymp\u00e4rille. Poista suojakalvo. <\/p>\n<p data-sourcepos=\"18:1-18:93\">K\u00e4yt\u00e4 teippi\u00e4 ymp\u00e4ri vuoden ja vaihda se, kun se on kokonaan tuholaisia t\u00e4ynn\u00e4.<\/p>\n<p data-sourcepos=\"20:1-20:169\"><strong>S\u00e4ilytys:<\/strong> S\u00e4ilyt\u00e4 liimateippi\u00e4 alkuper\u00e4ispakkauksessa kuivassa paikassa, alle 35 \u00b0C:n l\u00e4mp\u00f6tilassa. S\u00e4ilyt\u00e4 lasten ulottumattomissa ja erill\u00e4\u00e4n elintarvikkeista, juomista ja el\u00e4inten ruoasta. <\/p>\n<p data-sourcepos=\"22:1-22:61\"><strong>H\u00e4vitys:<\/strong> H\u00e4vit\u00e4 liimateippi ja pakkaus sekaj\u00e4tteen\u00e4.<\/p>\n","protected":false},"excerpt":{"rendered":"<p>Bio Plantella liimateippi Bio Plantella liimateippi on erinomainen mekaaninen ja t\u00e4ysin luonnollinen suoja hedelm\u00e4puille, pensaille ja koristepuille laajaa kirjoa tuholaisia vastaan. Edut: Tehokas kasvinsuojelu tuholaisia vastaan: Vahvaan ja nopeavaikutteiseen hy\u00f6nteisliimaan, joka on kasveille turvallinen ja pyydyst\u00e4\u00e4 my\u00f6s eritt\u00e4in kevyet tuholaiset. 5 cm leveyteen, joka takaa luotettavan esteen kaikille tuholaisille. Pitk\u00e4aikaiseen vaikutukseen (jopa useita kuukausia) korkean [&hellip;]<\/p>\n","protected":false},"featured_media":41413,"template":"","meta":{"_acf_changed":false,"_seopress_robots_primary_cat":"none","_seopress_titles_title":"Bio Plantella Liimavy\u00f6: Luonnollinen Suoja Hedelm\u00e4puille","_seopress_titles_desc":"Bio Plantella -liimavy\u00f6 tarjoaa luonnollisen suojan hedelm\u00e4puille ja pensaille, tehokkaan tuholaistorjunnan pitk\u00e4aikaisella vaikutuksella.","_seopress_robots_index":"","_gspb_post_css":""},"product_brand":[],"product_cat":[2358,2392,2396,2356,2360],"product_tag":[],"class_list":{"0":"post-41043","1":"product","2":"type-product","3":"status-publish","4":"has-post-thumbnail","6":"product_cat-hyonteisten-ja-hyttysten-torjunta","7":"product_cat-kaikki-luokat","8":"product_cat-luomuviljely","9":"product_cat-puutarhan-ja-kasvien-suojelu","10":"product_cat-kasvintuholaisten-torjunta","12":"first","13":"instock","14":"featured","15":"taxable","16":"shipping-taxable","17":"purchasable","18":"product-type-simple"},"ct_brands":[],"acf":[],"_links":{"self":[{"href":"https:\/\/agrozone.ee\/fi\/wp-json\/wp\/v2\/product\/41043","targetHints":{"allow":["GET"]}}],"collection":[{"href":"https:\/\/agrozone.ee\/fi\/wp-json\/wp\/v2\/product"}],"about":[{"href":"https:\/\/agrozone.ee\/fi\/wp-json\/wp\/v2\/types\/product"}],"wp:featuredmedia":[{"embeddable":true,"href":"https:\/\/agrozone.ee\/fi\/wp-json\/wp\/v2\/media\/41413"}],"wp:attachment":[{"href":"https:\/\/agrozone.ee\/fi\/wp-json\/wp\/v2\/media?parent=41043"}],"wp:term":[{"taxonomy":"product_brand","embeddable":true,"href":"https:\/\/agrozone.ee\/fi\/wp-json\/wp\/v2\/product_brand?post=41043"},{"taxonomy":"product_cat","embeddable":true,"href":"https:\/\/agrozone.ee\/fi\/wp-json\/wp\/v2\/product_cat?post=41043"},{"taxonomy":"product_tag","embeddable":true,"href":"https:\/\/agrozone.ee\/fi\/wp-json\/wp\/v2\/product_tag?post=41043"}],"curies":[{"name":"wp","href":"https:\/\/api.w.org\/{rel}","templated":true}]}}