{"id":41045,"date":"2024-06-09T16:08:22","date_gmt":"2024-06-09T13:08:22","guid":{"rendered":"https:\/\/agrozone.ee\/toode\/rasvapallojen-pidike-rengas\/"},"modified":"2024-06-09T16:08:22","modified_gmt":"2024-06-09T14:08:22","slug":"rasvapallojen-pidike-rengas","status":"publish","type":"product","link":"https:\/\/agrozone.ee\/fi\/tuote\/rasvapallojen-pidike-rengas\/","title":{"rendered":"Rasvapallojen pidike rengas"},"content":{"rendered":"<p>Rasvapallojen pidike rengas 26 \u00d7 26 cm \u00d87 cm<\/p>\n<ul>\n<li>Renkaan muotoinen rasvapallojen pidike rasvapallojen ripustamiseen.<\/li>\n<li>Renkaan muotoiseen rasvapallojen pidikkeeseen mahtuu jopa 12 rasvapalloa.<\/li>\n<li>Useita lintuja mahtuu kerralla.<\/li>\n<li>Rasvapallot voidaan laittaa rasvapallojen pidikkeeseen ilman verkkoa.<\/li>\n<li>K\u00e4tev\u00e4 ja helppok\u00e4ytt\u00f6inen.<\/li>\n<\/ul>\n<h3>K\u00e4ytt\u00f6ohjeet<\/h3>\n<ul>\n<li>Rasvapallojen sy\u00f6tt\u00f6laite.<\/li>\n<li>Varmistaa linnuille hyv\u00e4n ruoan saatavuuden.<\/li>\n<\/ul>\n","protected":false},"excerpt":{"rendered":"<ul>\n<li>Rasvapallojen sy\u00f6tt\u00f6laite.<\/li>\n<li>Varmistaa linnuille hyv\u00e4n ruoan saatavuuden.<\/li>\n<li>Renkaan muotoinen rasvapallojen pidike rasvapallojen ripustamiseen.<\/li>\n<li>Renkaan muotoiseen rasvapallojen pidikkeeseen mahtuu jopa 12 rasvapalloa.<\/li>\n<li>Useita lintuja mahtuu kerralla.<\/li>\n<li>Rasvapallot voidaan laittaa rasvapallojen pidikkeeseen ilman verkkoa.<\/li>\n<li>K\u00e4tev\u00e4 ja helppok\u00e4ytt\u00f6inen.<\/li>\n<\/ul>\n","protected":false},"featured_media":41047,"template":"","meta":{"_acf_changed":false,"_seopress_robots_primary_cat":"none","_seopress_titles_title":"","_seopress_titles_desc":"Rasvapallojen pidike rengas 26 \u00d7 26 cm \u00d87 cm. Renkaan muotoiseen rasvapallojen pidikkeeseen mahtuu jopa 12 rasvapalloa. Varmistaa linnuille hyv\u00e4n ruoan saatavuuden.  ","_seopress_robots_index":"","_gspb_post_css":""},"product_brand":[],"product_cat":[2392,2393,2394],"product_tag":[],"class_list":{"0":"post-41045","1":"product","2":"type-product","3":"status-publish","4":"has-post-thumbnail","6":"product_cat-kaikki-luokat","7":"product_cat-linnuille","8":"product_cat-lintujen-ruokinta-automaatit","10":"first","11":"instock","12":"taxable","13":"shipping-taxable","14":"purchasable","15":"product-type-simple"},"ct_brands":[],"acf":[],"_links":{"self":[{"href":"https:\/\/agrozone.ee\/fi\/wp-json\/wp\/v2\/product\/41045","targetHints":{"allow":["GET"]}}],"collection":[{"href":"https:\/\/agrozone.ee\/fi\/wp-json\/wp\/v2\/product"}],"about":[{"href":"https:\/\/agrozone.ee\/fi\/wp-json\/wp\/v2\/types\/product"}],"wp:featuredmedia":[{"embeddable":true,"href":"https:\/\/agrozone.ee\/fi\/wp-json\/wp\/v2\/media\/41047"}],"wp:attachment":[{"href":"https:\/\/agrozone.ee\/fi\/wp-json\/wp\/v2\/media?parent=41045"}],"wp:term":[{"taxonomy":"product_brand","embeddable":true,"href":"https:\/\/agrozone.ee\/fi\/wp-json\/wp\/v2\/product_brand?post=41045"},{"taxonomy":"product_cat","embeddable":true,"href":"https:\/\/agrozone.ee\/fi\/wp-json\/wp\/v2\/product_cat?post=41045"},{"taxonomy":"product_tag","embeddable":true,"href":"https:\/\/agrozone.ee\/fi\/wp-json\/wp\/v2\/product_tag?post=41045"}],"curies":[{"name":"wp","href":"https:\/\/api.w.org\/{rel}","templated":true}]}}